{"id":89,"date":"2018-10-24T00:15:17","date_gmt":"2018-10-23T22:15:17","guid":{"rendered":"http:\/\/201015.greenrollerz.de\/211126ecosupreme\/?page_id=89"},"modified":"2018-10-24T00:15:17","modified_gmt":"2018-10-23T22:15:17","slug":"standardisierte-professionelle-vermoegensverwaltung","status":"publish","type":"page","link":"https:\/\/2201twb.hamburgyachting.com\/ecowb2202\/standardisierte-professionelle-vermoegensverwaltung\/","title":{"rendered":"Standardisierte, professionelle Verm\u00f6gensverwaltung"},"content":{"rendered":"<p>Renommierte Verm\u00f6gensverwalter betreuen Ihre Geldanlage und sorgen laufend f\u00fcr eine optimales Chance-Risiko-Verh\u00e4ltnis.<\/p>\n","protected":false},"excerpt":{"rendered":"<p>Renommierte Verm\u00f6gensverwalter betreuen Ihre Geldanlage und sorgen laufend f\u00fcr eine optimales Chance-Risiko-Verh\u00e4ltnis.<\/p>\n","protected":false},"author":2,"featured_media":0,"parent":0,"menu_order":0,"comment_status":"closed","ping_status":"closed","template":"","meta":{"kk_blocks_editor_width":"","_kiokenblocks_attr":"","_kiokenblocks_dimensions":"","_themeisle_gutenberg_block_has_review":false,"footnotes":""},"class_list":["post-89","page","type-page","status-publish","hentry"],"yoast_head":"<!-- This site is optimized with the Yoast SEO plugin v26.8 - https:\/\/yoast.com\/product\/yoast-seo-wordpress\/ -->\n<title>Standardisierte, professionelle Verm\u00f6gensverwaltung - ecowb2202<\/title>\n<meta name=\"robots\" content=\"noindex, follow, max-snippet:-1, max-image-preview:large, max-video-preview:-1\" \/>\n<meta property=\"og:locale\" content=\"de_DE\" \/>\n<meta property=\"og:type\" content=\"article\" \/>\n<meta property=\"og:title\" content=\"Standardisierte, professionelle Verm\u00f6gensverwaltung - ecowb2202\" \/>\n<meta property=\"og:description\" content=\"Renommierte Verm\u00f6gensverwalter betreuen Ihre Geldanlage und sorgen laufend f\u00fcr eine optimales Chance-Risiko-Verh\u00e4ltnis.\" \/>\n<meta property=\"og:url\" content=\"https:\/\/2201twb.hamburgyachting.com\/ecowb2202\/standardisierte-professionelle-vermoegensverwaltung\/\" \/>\n<meta property=\"og:site_name\" content=\"ecowb2202\" \/>\n<meta name=\"twitter:card\" content=\"summary_large_image\" \/>\n<script type=\"application\/ld+json\" class=\"yoast-schema-graph\">{\"@context\":\"https:\/\/schema.org\",\"@graph\":[{\"@type\":\"WebPage\",\"@id\":\"https:\/\/2201twb.hamburgyachting.com\/ecowb2202\/standardisierte-professionelle-vermoegensverwaltung\/\",\"url\":\"https:\/\/2201twb.hamburgyachting.com\/ecowb2202\/standardisierte-professionelle-vermoegensverwaltung\/\",\"name\":\"Standardisierte, professionelle Verm\u00f6gensverwaltung - ecowb2202\",\"isPartOf\":{\"@id\":\"https:\/\/2201twb.hamburgyachting.com\/ecowb2202\/#website\"},\"datePublished\":\"2018-10-23T22:15:17+00:00\",\"breadcrumb\":{\"@id\":\"https:\/\/2201twb.hamburgyachting.com\/ecowb2202\/standardisierte-professionelle-vermoegensverwaltung\/#breadcrumb\"},\"inLanguage\":\"de\",\"potentialAction\":[{\"@type\":\"ReadAction\",\"target\":[\"https:\/\/2201twb.hamburgyachting.com\/ecowb2202\/standardisierte-professionelle-vermoegensverwaltung\/\"]}]},{\"@type\":\"BreadcrumbList\",\"@id\":\"https:\/\/2201twb.hamburgyachting.com\/ecowb2202\/standardisierte-professionelle-vermoegensverwaltung\/#breadcrumb\",\"itemListElement\":[{\"@type\":\"ListItem\",\"position\":1,\"name\":\"Startseite\",\"item\":\"https:\/\/2201twb.hamburgyachting.com\/ecowb2202\/\"},{\"@type\":\"ListItem\",\"position\":2,\"name\":\"Standardisierte, professionelle Verm\u00f6gensverwaltung\"}]},{\"@type\":\"WebSite\",\"@id\":\"https:\/\/2201twb.hamburgyachting.com\/ecowb2202\/#website\",\"url\":\"https:\/\/2201twb.hamburgyachting.com\/ecowb2202\/\",\"name\":\"ecowb2202\",\"description\":\"Nachhaltiges Pensions- und Verm\u00f6gensmanagement\",\"potentialAction\":[{\"@type\":\"SearchAction\",\"target\":{\"@type\":\"EntryPoint\",\"urlTemplate\":\"https:\/\/2201twb.hamburgyachting.com\/ecowb2202\/?s={search_term_string}\"},\"query-input\":{\"@type\":\"PropertyValueSpecification\",\"valueRequired\":true,\"valueName\":\"search_term_string\"}}],\"inLanguage\":\"de\"}]}<\/script>\n<!-- \/ Yoast SEO plugin. -->","yoast_head_json":{"title":"Standardisierte, professionelle Verm\u00f6gensverwaltung - ecowb2202","robots":{"index":"noindex","follow":"follow","max-snippet":"max-snippet:-1","max-image-preview":"max-image-preview:large","max-video-preview":"max-video-preview:-1"},"og_locale":"de_DE","og_type":"article","og_title":"Standardisierte, professionelle Verm\u00f6gensverwaltung - ecowb2202","og_description":"Renommierte Verm\u00f6gensverwalter betreuen Ihre Geldanlage und sorgen laufend f\u00fcr eine optimales Chance-Risiko-Verh\u00e4ltnis.","og_url":"https:\/\/2201twb.hamburgyachting.com\/ecowb2202\/standardisierte-professionelle-vermoegensverwaltung\/","og_site_name":"ecowb2202","twitter_card":"summary_large_image","schema":{"@context":"https:\/\/schema.org","@graph":[{"@type":"WebPage","@id":"https:\/\/2201twb.hamburgyachting.com\/ecowb2202\/standardisierte-professionelle-vermoegensverwaltung\/","url":"https:\/\/2201twb.hamburgyachting.com\/ecowb2202\/standardisierte-professionelle-vermoegensverwaltung\/","name":"Standardisierte, professionelle Verm\u00f6gensverwaltung - ecowb2202","isPartOf":{"@id":"https:\/\/2201twb.hamburgyachting.com\/ecowb2202\/#website"},"datePublished":"2018-10-23T22:15:17+00:00","breadcrumb":{"@id":"https:\/\/2201twb.hamburgyachting.com\/ecowb2202\/standardisierte-professionelle-vermoegensverwaltung\/#breadcrumb"},"inLanguage":"de","potentialAction":[{"@type":"ReadAction","target":["https:\/\/2201twb.hamburgyachting.com\/ecowb2202\/standardisierte-professionelle-vermoegensverwaltung\/"]}]},{"@type":"BreadcrumbList","@id":"https:\/\/2201twb.hamburgyachting.com\/ecowb2202\/standardisierte-professionelle-vermoegensverwaltung\/#breadcrumb","itemListElement":[{"@type":"ListItem","position":1,"name":"Startseite","item":"https:\/\/2201twb.hamburgyachting.com\/ecowb2202\/"},{"@type":"ListItem","position":2,"name":"Standardisierte, professionelle Verm\u00f6gensverwaltung"}]},{"@type":"WebSite","@id":"https:\/\/2201twb.hamburgyachting.com\/ecowb2202\/#website","url":"https:\/\/2201twb.hamburgyachting.com\/ecowb2202\/","name":"ecowb2202","description":"Nachhaltiges Pensions- und Verm\u00f6gensmanagement","potentialAction":[{"@type":"SearchAction","target":{"@type":"EntryPoint","urlTemplate":"https:\/\/2201twb.hamburgyachting.com\/ecowb2202\/?s={search_term_string}"},"query-input":{"@type":"PropertyValueSpecification","valueRequired":true,"valueName":"search_term_string"}}],"inLanguage":"de"}]}},"_links":{"self":[{"href":"https:\/\/2201twb.hamburgyachting.com\/ecowb2202\/wp-json\/wp\/v2\/pages\/89","targetHints":{"allow":["GET"]}}],"collection":[{"href":"https:\/\/2201twb.hamburgyachting.com\/ecowb2202\/wp-json\/wp\/v2\/pages"}],"about":[{"href":"https:\/\/2201twb.hamburgyachting.com\/ecowb2202\/wp-json\/wp\/v2\/types\/page"}],"author":[{"embeddable":true,"href":"https:\/\/2201twb.hamburgyachting.com\/ecowb2202\/wp-json\/wp\/v2\/users\/2"}],"replies":[{"embeddable":true,"href":"https:\/\/2201twb.hamburgyachting.com\/ecowb2202\/wp-json\/wp\/v2\/comments?post=89"}],"version-history":[{"count":1,"href":"https:\/\/2201twb.hamburgyachting.com\/ecowb2202\/wp-json\/wp\/v2\/pages\/89\/revisions"}],"predecessor-version":[{"id":90,"href":"https:\/\/2201twb.hamburgyachting.com\/ecowb2202\/wp-json\/wp\/v2\/pages\/89\/revisions\/90"}],"wp:attachment":[{"href":"https:\/\/2201twb.hamburgyachting.com\/ecowb2202\/wp-json\/wp\/v2\/media?parent=89"}],"curies":[{"name":"wp","href":"https:\/\/api.w.org\/{rel}","templated":true}]}}