{"id":73,"date":"2018-10-23T23:55:08","date_gmt":"2018-10-23T21:55:08","guid":{"rendered":"http:\/\/201015.greenrollerz.de\/211126ecosupreme\/?page_id=73"},"modified":"2019-11-07T17:50:32","modified_gmt":"2019-11-07T16:50:32","slug":"basisrente-ruerup","status":"publish","type":"page","link":"https:\/\/2201twb.hamburgyachting.com\/ecowb2202\/basisrente-ruerup\/","title":{"rendered":"Basisrente\/R\u00fcrup"},"content":{"rendered":"<p>Die R\u00fcruprente ist ein staatlich gef\u00f6rdertes Vorsorgemodell f\u00fcr die Selbst\u00e4ndigen, die nicht am gesetzlichen Rentensystem teilnehmen. Die Beitr\u00e4ge in diese Vorsorgeform sind ansteigend steuerbeg\u00fcnstigt, die Leistungen analog zur gesetzlichen Rente zu versteuern.<\/p>\n","protected":false},"excerpt":{"rendered":"<p>Die R\u00fcruprente ist ein staatlich gef\u00f6rdertes Vorsorgemodell f\u00fcr die Selbst\u00e4ndigen, die nicht am gesetzlichen Rentensystem teilnehmen. Die Beitr\u00e4ge in diese Vorsorgeform sind ansteigend steuerbeg\u00fcnstigt, die Leistungen analog zur gesetzlichen Rente zu versteuern.<\/p>\n","protected":false},"author":2,"featured_media":0,"parent":0,"menu_order":0,"comment_status":"closed","ping_status":"closed","template":"","meta":{"kk_blocks_editor_width":"","_kiokenblocks_attr":"","_kiokenblocks_dimensions":"","_themeisle_gutenberg_block_has_review":false,"footnotes":""},"class_list":["post-73","page","type-page","status-publish","hentry"],"yoast_head":"<!-- This site is optimized with the Yoast SEO plugin v26.8 - https:\/\/yoast.com\/product\/yoast-seo-wordpress\/ -->\n<title>Basisrente\/R\u00fcrup - ecowb2202<\/title>\n<meta name=\"robots\" content=\"noindex, follow, max-snippet:-1, max-image-preview:large, max-video-preview:-1\" \/>\n<meta property=\"og:locale\" content=\"de_DE\" \/>\n<meta property=\"og:type\" content=\"article\" \/>\n<meta property=\"og:title\" content=\"Basisrente\/R\u00fcrup - ecowb2202\" \/>\n<meta property=\"og:description\" content=\"Die R\u00fcruprente ist ein staatlich gef\u00f6rdertes Vorsorgemodell f\u00fcr die Selbst\u00e4ndigen, die nicht am gesetzlichen Rentensystem teilnehmen. Die Beitr\u00e4ge in diese Vorsorgeform sind ansteigend steuerbeg\u00fcnstigt, die Leistungen analog zur gesetzlichen Rente zu versteuern.\" \/>\n<meta property=\"og:url\" content=\"https:\/\/2201twb.hamburgyachting.com\/ecowb2202\/basisrente-ruerup\/\" \/>\n<meta property=\"og:site_name\" content=\"ecowb2202\" \/>\n<meta property=\"article:modified_time\" content=\"2019-11-07T16:50:32+00:00\" \/>\n<meta name=\"twitter:card\" content=\"summary_large_image\" \/>\n<script type=\"application\/ld+json\" class=\"yoast-schema-graph\">{\"@context\":\"https:\/\/schema.org\",\"@graph\":[{\"@type\":\"WebPage\",\"@id\":\"https:\/\/2201twb.hamburgyachting.com\/ecowb2202\/basisrente-ruerup\/\",\"url\":\"https:\/\/2201twb.hamburgyachting.com\/ecowb2202\/basisrente-ruerup\/\",\"name\":\"Basisrente\/R\u00fcrup - ecowb2202\",\"isPartOf\":{\"@id\":\"https:\/\/2201twb.hamburgyachting.com\/ecowb2202\/#website\"},\"datePublished\":\"2018-10-23T21:55:08+00:00\",\"dateModified\":\"2019-11-07T16:50:32+00:00\",\"breadcrumb\":{\"@id\":\"https:\/\/2201twb.hamburgyachting.com\/ecowb2202\/basisrente-ruerup\/#breadcrumb\"},\"inLanguage\":\"de\",\"potentialAction\":[{\"@type\":\"ReadAction\",\"target\":[\"https:\/\/2201twb.hamburgyachting.com\/ecowb2202\/basisrente-ruerup\/\"]}]},{\"@type\":\"BreadcrumbList\",\"@id\":\"https:\/\/2201twb.hamburgyachting.com\/ecowb2202\/basisrente-ruerup\/#breadcrumb\",\"itemListElement\":[{\"@type\":\"ListItem\",\"position\":1,\"name\":\"Startseite\",\"item\":\"https:\/\/2201twb.hamburgyachting.com\/ecowb2202\/\"},{\"@type\":\"ListItem\",\"position\":2,\"name\":\"Basisrente\/R\u00fcrup\"}]},{\"@type\":\"WebSite\",\"@id\":\"https:\/\/2201twb.hamburgyachting.com\/ecowb2202\/#website\",\"url\":\"https:\/\/2201twb.hamburgyachting.com\/ecowb2202\/\",\"name\":\"ecowb2202\",\"description\":\"Nachhaltiges Pensions- und Verm\u00f6gensmanagement\",\"potentialAction\":[{\"@type\":\"SearchAction\",\"target\":{\"@type\":\"EntryPoint\",\"urlTemplate\":\"https:\/\/2201twb.hamburgyachting.com\/ecowb2202\/?s={search_term_string}\"},\"query-input\":{\"@type\":\"PropertyValueSpecification\",\"valueRequired\":true,\"valueName\":\"search_term_string\"}}],\"inLanguage\":\"de\"}]}<\/script>\n<!-- \/ Yoast SEO plugin. -->","yoast_head_json":{"title":"Basisrente\/R\u00fcrup - ecowb2202","robots":{"index":"noindex","follow":"follow","max-snippet":"max-snippet:-1","max-image-preview":"max-image-preview:large","max-video-preview":"max-video-preview:-1"},"og_locale":"de_DE","og_type":"article","og_title":"Basisrente\/R\u00fcrup - ecowb2202","og_description":"Die R\u00fcruprente ist ein staatlich gef\u00f6rdertes Vorsorgemodell f\u00fcr die Selbst\u00e4ndigen, die nicht am gesetzlichen Rentensystem teilnehmen. Die Beitr\u00e4ge in diese Vorsorgeform sind ansteigend steuerbeg\u00fcnstigt, die Leistungen analog zur gesetzlichen Rente zu versteuern.","og_url":"https:\/\/2201twb.hamburgyachting.com\/ecowb2202\/basisrente-ruerup\/","og_site_name":"ecowb2202","article_modified_time":"2019-11-07T16:50:32+00:00","twitter_card":"summary_large_image","schema":{"@context":"https:\/\/schema.org","@graph":[{"@type":"WebPage","@id":"https:\/\/2201twb.hamburgyachting.com\/ecowb2202\/basisrente-ruerup\/","url":"https:\/\/2201twb.hamburgyachting.com\/ecowb2202\/basisrente-ruerup\/","name":"Basisrente\/R\u00fcrup - ecowb2202","isPartOf":{"@id":"https:\/\/2201twb.hamburgyachting.com\/ecowb2202\/#website"},"datePublished":"2018-10-23T21:55:08+00:00","dateModified":"2019-11-07T16:50:32+00:00","breadcrumb":{"@id":"https:\/\/2201twb.hamburgyachting.com\/ecowb2202\/basisrente-ruerup\/#breadcrumb"},"inLanguage":"de","potentialAction":[{"@type":"ReadAction","target":["https:\/\/2201twb.hamburgyachting.com\/ecowb2202\/basisrente-ruerup\/"]}]},{"@type":"BreadcrumbList","@id":"https:\/\/2201twb.hamburgyachting.com\/ecowb2202\/basisrente-ruerup\/#breadcrumb","itemListElement":[{"@type":"ListItem","position":1,"name":"Startseite","item":"https:\/\/2201twb.hamburgyachting.com\/ecowb2202\/"},{"@type":"ListItem","position":2,"name":"Basisrente\/R\u00fcrup"}]},{"@type":"WebSite","@id":"https:\/\/2201twb.hamburgyachting.com\/ecowb2202\/#website","url":"https:\/\/2201twb.hamburgyachting.com\/ecowb2202\/","name":"ecowb2202","description":"Nachhaltiges Pensions- und Verm\u00f6gensmanagement","potentialAction":[{"@type":"SearchAction","target":{"@type":"EntryPoint","urlTemplate":"https:\/\/2201twb.hamburgyachting.com\/ecowb2202\/?s={search_term_string}"},"query-input":{"@type":"PropertyValueSpecification","valueRequired":true,"valueName":"search_term_string"}}],"inLanguage":"de"}]}},"_links":{"self":[{"href":"https:\/\/2201twb.hamburgyachting.com\/ecowb2202\/wp-json\/wp\/v2\/pages\/73","targetHints":{"allow":["GET"]}}],"collection":[{"href":"https:\/\/2201twb.hamburgyachting.com\/ecowb2202\/wp-json\/wp\/v2\/pages"}],"about":[{"href":"https:\/\/2201twb.hamburgyachting.com\/ecowb2202\/wp-json\/wp\/v2\/types\/page"}],"author":[{"embeddable":true,"href":"https:\/\/2201twb.hamburgyachting.com\/ecowb2202\/wp-json\/wp\/v2\/users\/2"}],"replies":[{"embeddable":true,"href":"https:\/\/2201twb.hamburgyachting.com\/ecowb2202\/wp-json\/wp\/v2\/comments?post=73"}],"version-history":[{"count":3,"href":"https:\/\/2201twb.hamburgyachting.com\/ecowb2202\/wp-json\/wp\/v2\/pages\/73\/revisions"}],"predecessor-version":[{"id":279,"href":"https:\/\/2201twb.hamburgyachting.com\/ecowb2202\/wp-json\/wp\/v2\/pages\/73\/revisions\/279"}],"wp:attachment":[{"href":"https:\/\/2201twb.hamburgyachting.com\/ecowb2202\/wp-json\/wp\/v2\/media?parent=73"}],"curies":[{"name":"wp","href":"https:\/\/api.w.org\/{rel}","templated":true}]}}