{"id":64,"date":"2018-10-23T23:37:21","date_gmt":"2018-10-23T21:37:21","guid":{"rendered":"http:\/\/201015.greenrollerz.de\/211126ecosupreme\/?page_id=64"},"modified":"2018-10-24T00:51:28","modified_gmt":"2018-10-23T22:51:28","slug":"kostenloses-erstgespraech","status":"publish","type":"page","link":"https:\/\/2201twb.hamburgyachting.com\/ecowb2202\/kostenloses-erstgespraech\/","title":{"rendered":"Kostenloses Erstgespr\u00e4ch"},"content":{"rendered":"<p>Der pers\u00f6nlicher Eindruck z\u00e4hlt in der Finanzberatung ebenso viel wie in jeder anderen Gesch\u00e4ftsbeziehung. Daher nehmen wir uns gern Zeit, damit Sie sich ein Bild von uns und unserer Arbeitsweise machen k\u00f6nnen, und wir einen ersten Eindruck Ihrer Ziele und W\u00fcnsche bekommen k\u00f6nnen. Nach dem kostenfreien Kennenlernen entscheiden Sie, ob Sie die Zusammenarbeit beginnen m\u00f6chten, und welche Form der Verg\u00fctung unserer Beratung und Vermittlung Sie bevorzugen.<\/p>\n","protected":false},"excerpt":{"rendered":"<p>Der pers\u00f6nlicher Eindruck z\u00e4hlt in der Finanzberatung ebenso viel wie in jeder anderen Gesch\u00e4ftsbeziehung. Daher nehmen wir uns gern Zeit, damit Sie sich ein Bild von uns und unserer Arbeitsweise machen k\u00f6nnen, und wir einen ersten Eindruck Ihrer Ziele und W\u00fcnsche bekommen k\u00f6nnen. Nach dem kostenfreien Kennenlernen entscheiden Sie, ob Sie die Zusammenarbeit beginnen m\u00f6chten, [&hellip;]<\/p>\n","protected":false},"author":2,"featured_media":0,"parent":0,"menu_order":0,"comment_status":"closed","ping_status":"closed","template":"","meta":{"kk_blocks_editor_width":"","_kiokenblocks_attr":"","_kiokenblocks_dimensions":"","_themeisle_gutenberg_block_has_review":false,"footnotes":""},"class_list":["post-64","page","type-page","status-publish","hentry"],"yoast_head":"<!-- This site is optimized with the Yoast SEO plugin v26.8 - https:\/\/yoast.com\/product\/yoast-seo-wordpress\/ -->\n<title>Kostenloses Erstgespr\u00e4ch - ecowb2202<\/title>\n<meta name=\"robots\" content=\"noindex, follow, max-snippet:-1, max-image-preview:large, max-video-preview:-1\" \/>\n<meta property=\"og:locale\" content=\"de_DE\" \/>\n<meta property=\"og:type\" content=\"article\" \/>\n<meta property=\"og:title\" content=\"Kostenloses Erstgespr\u00e4ch - ecowb2202\" \/>\n<meta property=\"og:description\" content=\"Der pers\u00f6nlicher Eindruck z\u00e4hlt in der Finanzberatung ebenso viel wie in jeder anderen Gesch\u00e4ftsbeziehung. Daher nehmen wir uns gern Zeit, damit Sie sich ein Bild von uns und unserer Arbeitsweise machen k\u00f6nnen, und wir einen ersten Eindruck Ihrer Ziele und W\u00fcnsche bekommen k\u00f6nnen. Nach dem kostenfreien Kennenlernen entscheiden Sie, ob Sie die Zusammenarbeit beginnen m\u00f6chten, [&hellip;]\" \/>\n<meta property=\"og:url\" content=\"https:\/\/2201twb.hamburgyachting.com\/ecowb2202\/kostenloses-erstgespraech\/\" \/>\n<meta property=\"og:site_name\" content=\"ecowb2202\" \/>\n<meta property=\"article:modified_time\" content=\"2018-10-23T22:51:28+00:00\" \/>\n<meta name=\"twitter:card\" content=\"summary_large_image\" \/>\n<script type=\"application\/ld+json\" class=\"yoast-schema-graph\">{\"@context\":\"https:\/\/schema.org\",\"@graph\":[{\"@type\":\"WebPage\",\"@id\":\"https:\/\/2201twb.hamburgyachting.com\/ecowb2202\/kostenloses-erstgespraech\/\",\"url\":\"https:\/\/2201twb.hamburgyachting.com\/ecowb2202\/kostenloses-erstgespraech\/\",\"name\":\"Kostenloses Erstgespr\u00e4ch - ecowb2202\",\"isPartOf\":{\"@id\":\"https:\/\/2201twb.hamburgyachting.com\/ecowb2202\/#website\"},\"datePublished\":\"2018-10-23T21:37:21+00:00\",\"dateModified\":\"2018-10-23T22:51:28+00:00\",\"breadcrumb\":{\"@id\":\"https:\/\/2201twb.hamburgyachting.com\/ecowb2202\/kostenloses-erstgespraech\/#breadcrumb\"},\"inLanguage\":\"de\",\"potentialAction\":[{\"@type\":\"ReadAction\",\"target\":[\"https:\/\/2201twb.hamburgyachting.com\/ecowb2202\/kostenloses-erstgespraech\/\"]}]},{\"@type\":\"BreadcrumbList\",\"@id\":\"https:\/\/2201twb.hamburgyachting.com\/ecowb2202\/kostenloses-erstgespraech\/#breadcrumb\",\"itemListElement\":[{\"@type\":\"ListItem\",\"position\":1,\"name\":\"Startseite\",\"item\":\"https:\/\/2201twb.hamburgyachting.com\/ecowb2202\/\"},{\"@type\":\"ListItem\",\"position\":2,\"name\":\"Kostenloses Erstgespr\u00e4ch\"}]},{\"@type\":\"WebSite\",\"@id\":\"https:\/\/2201twb.hamburgyachting.com\/ecowb2202\/#website\",\"url\":\"https:\/\/2201twb.hamburgyachting.com\/ecowb2202\/\",\"name\":\"ecowb2202\",\"description\":\"Nachhaltiges Pensions- und Verm\u00f6gensmanagement\",\"potentialAction\":[{\"@type\":\"SearchAction\",\"target\":{\"@type\":\"EntryPoint\",\"urlTemplate\":\"https:\/\/2201twb.hamburgyachting.com\/ecowb2202\/?s={search_term_string}\"},\"query-input\":{\"@type\":\"PropertyValueSpecification\",\"valueRequired\":true,\"valueName\":\"search_term_string\"}}],\"inLanguage\":\"de\"}]}<\/script>\n<!-- \/ Yoast SEO plugin. -->","yoast_head_json":{"title":"Kostenloses Erstgespr\u00e4ch - ecowb2202","robots":{"index":"noindex","follow":"follow","max-snippet":"max-snippet:-1","max-image-preview":"max-image-preview:large","max-video-preview":"max-video-preview:-1"},"og_locale":"de_DE","og_type":"article","og_title":"Kostenloses Erstgespr\u00e4ch - ecowb2202","og_description":"Der pers\u00f6nlicher Eindruck z\u00e4hlt in der Finanzberatung ebenso viel wie in jeder anderen Gesch\u00e4ftsbeziehung. Daher nehmen wir uns gern Zeit, damit Sie sich ein Bild von uns und unserer Arbeitsweise machen k\u00f6nnen, und wir einen ersten Eindruck Ihrer Ziele und W\u00fcnsche bekommen k\u00f6nnen. Nach dem kostenfreien Kennenlernen entscheiden Sie, ob Sie die Zusammenarbeit beginnen m\u00f6chten, [&hellip;]","og_url":"https:\/\/2201twb.hamburgyachting.com\/ecowb2202\/kostenloses-erstgespraech\/","og_site_name":"ecowb2202","article_modified_time":"2018-10-23T22:51:28+00:00","twitter_card":"summary_large_image","schema":{"@context":"https:\/\/schema.org","@graph":[{"@type":"WebPage","@id":"https:\/\/2201twb.hamburgyachting.com\/ecowb2202\/kostenloses-erstgespraech\/","url":"https:\/\/2201twb.hamburgyachting.com\/ecowb2202\/kostenloses-erstgespraech\/","name":"Kostenloses Erstgespr\u00e4ch - ecowb2202","isPartOf":{"@id":"https:\/\/2201twb.hamburgyachting.com\/ecowb2202\/#website"},"datePublished":"2018-10-23T21:37:21+00:00","dateModified":"2018-10-23T22:51:28+00:00","breadcrumb":{"@id":"https:\/\/2201twb.hamburgyachting.com\/ecowb2202\/kostenloses-erstgespraech\/#breadcrumb"},"inLanguage":"de","potentialAction":[{"@type":"ReadAction","target":["https:\/\/2201twb.hamburgyachting.com\/ecowb2202\/kostenloses-erstgespraech\/"]}]},{"@type":"BreadcrumbList","@id":"https:\/\/2201twb.hamburgyachting.com\/ecowb2202\/kostenloses-erstgespraech\/#breadcrumb","itemListElement":[{"@type":"ListItem","position":1,"name":"Startseite","item":"https:\/\/2201twb.hamburgyachting.com\/ecowb2202\/"},{"@type":"ListItem","position":2,"name":"Kostenloses Erstgespr\u00e4ch"}]},{"@type":"WebSite","@id":"https:\/\/2201twb.hamburgyachting.com\/ecowb2202\/#website","url":"https:\/\/2201twb.hamburgyachting.com\/ecowb2202\/","name":"ecowb2202","description":"Nachhaltiges Pensions- und Verm\u00f6gensmanagement","potentialAction":[{"@type":"SearchAction","target":{"@type":"EntryPoint","urlTemplate":"https:\/\/2201twb.hamburgyachting.com\/ecowb2202\/?s={search_term_string}"},"query-input":{"@type":"PropertyValueSpecification","valueRequired":true,"valueName":"search_term_string"}}],"inLanguage":"de"}]}},"_links":{"self":[{"href":"https:\/\/2201twb.hamburgyachting.com\/ecowb2202\/wp-json\/wp\/v2\/pages\/64","targetHints":{"allow":["GET"]}}],"collection":[{"href":"https:\/\/2201twb.hamburgyachting.com\/ecowb2202\/wp-json\/wp\/v2\/pages"}],"about":[{"href":"https:\/\/2201twb.hamburgyachting.com\/ecowb2202\/wp-json\/wp\/v2\/types\/page"}],"author":[{"embeddable":true,"href":"https:\/\/2201twb.hamburgyachting.com\/ecowb2202\/wp-json\/wp\/v2\/users\/2"}],"replies":[{"embeddable":true,"href":"https:\/\/2201twb.hamburgyachting.com\/ecowb2202\/wp-json\/wp\/v2\/comments?post=64"}],"version-history":[{"count":2,"href":"https:\/\/2201twb.hamburgyachting.com\/ecowb2202\/wp-json\/wp\/v2\/pages\/64\/revisions"}],"predecessor-version":[{"id":115,"href":"https:\/\/2201twb.hamburgyachting.com\/ecowb2202\/wp-json\/wp\/v2\/pages\/64\/revisions\/115"}],"wp:attachment":[{"href":"https:\/\/2201twb.hamburgyachting.com\/ecowb2202\/wp-json\/wp\/v2\/media?parent=64"}],"curies":[{"name":"wp","href":"https:\/\/api.w.org\/{rel}","templated":true}]}}