{"id":333,"date":"2020-02-16T17:33:26","date_gmt":"2020-02-16T16:33:26","guid":{"rendered":"http:\/\/201015.greenrollerz.de\/211126ecosupreme\/?page_id=333"},"modified":"2021-11-21T16:58:44","modified_gmt":"2021-11-21T15:58:44","slug":"vermoegensaufbau","status":"publish","type":"page","link":"https:\/\/2201twb.hamburgyachting.com\/ecowb2202\/vermoegensaufbau\/","title":{"rendered":"Was: Verm\u00f6gensaufbau"},"content":{"rendered":"\n<h2 class=\"has-text-align-center wp-block-heading\"><br>Verm\u00f6gensaufbau mit staatlichen F\u00f6rderungen<\/h2>\n\n\n\n<p class=\"has-text-align-center has-very-light-gray-background-color has-background\">Der Staat f\u00f6rdert den Verm\u00f6gensaufbau in Deutschland, damit m\u00f6glichst viele Menschen einen finanziell abgesicherten Ruhestand erreichen. Die staatliche Rentenversicherung wird weiterhin zum Erhalt des Lebensstandards im Alter beitragen. Sie wird diesen aber aufgrund des fortschreitenden demographischen Wandels in unserer Gesellschaft nicht allein sicherstellen k\u00f6nnen. <\/p>\n\n\n\n<p class=\"has-text-align-center\">F\u00fcr die F\u00f6rderung der privaten Altersversorgung sind von staatlicher Seite 3 Schichten definiert, welche verschiedene F\u00f6rderprogramme beinhalten. Sie werden hier im Folgenden kurz erl\u00e4utert.<\/p>\n\n\n\n<p class=\"has-text-align-center has-background\" style=\"background-color:#95d45a\">fairnanda bietet Dir f\u00fcr jeden F\u00f6rderweg die besten nachhaltigen L\u00f6sungen, die aktuell am deutschen Markt erh\u00e4ltlich sind. Daf\u00fcr unterziehen wir alle Anbieter von Altersversorgung und deren Produkte einer laufenden Beobachtung und Bewertung. Mit den aktuell besten Anbietern von sozial und \u00f6kologisch nachhaltigen Investment-, Altersversorgungs- und Versicherungsprodukten kooperieren wir. Unser Partner-Portfolio ver\u00e4ndern und erweitern wir jederzeit, sobald sich f\u00fcr Dich &#8211; unseren Kunden &#8211; am Markt neue M\u00f6glichkeiten ergeben, Dich f\u00fcr Deinen finanziellen Erfolg und Deine abgesicherte Zukunft zu engagieren &#8211; und gleichzeitig unserem Planeten, seinen Bewohnern und damit unserer Gesellschaft etwas Gutes zu tun!<\/p>\n\n\n\n<p class=\"has-text-align-center\"><br><a rel=\"noreferrer noopener\" href=\"https:\/\/2201twb.hamburgyachting.com\/ecowb2202\/kontakt\/\" target=\"_blank\">Kontakt aufnehmen<\/a><\/p>\n\n\n\n<div class=\"wp-block-media-text alignwide is-stacked-on-mobile\"><figure class=\"wp-block-media-text__media\"><img loading=\"lazy\" decoding=\"async\" width=\"2560\" height=\"1920\" src=\"https:\/\/2201twb.hamburgyachting.com\/wp-content\/uploads\/sites\/9\/2020\/02\/IMG_3736-scaled-e1582813214662.jpeg\" alt=\"\" class=\"wp-image-489 size-full\" srcset=\"https:\/\/2201twb.hamburgyachting.com\/ecowb2202\/wp-content\/uploads\/sites\/9\/2020\/02\/IMG_3736-scaled-e1582813214662.jpeg 2560w, https:\/\/2201twb.hamburgyachting.com\/ecowb2202\/wp-content\/uploads\/sites\/9\/2020\/02\/IMG_3736-scaled-e1582813214662-300x225.jpeg 300w, https:\/\/2201twb.hamburgyachting.com\/ecowb2202\/wp-content\/uploads\/sites\/9\/2020\/02\/IMG_3736-scaled-e1582813214662-1024x768.jpeg 1024w, https:\/\/2201twb.hamburgyachting.com\/ecowb2202\/wp-content\/uploads\/sites\/9\/2020\/02\/IMG_3736-scaled-e1582813214662-768x576.jpeg 768w, https:\/\/2201twb.hamburgyachting.com\/ecowb2202\/wp-content\/uploads\/sites\/9\/2020\/02\/IMG_3736-scaled-e1582813214662-1536x1152.jpeg 1536w, https:\/\/2201twb.hamburgyachting.com\/ecowb2202\/wp-content\/uploads\/sites\/9\/2020\/02\/IMG_3736-scaled-e1582813214662-2048x1536.jpeg 2048w\" sizes=\"auto, (max-width: 2560px) 100vw, 2560px\" \/><\/figure><div class=\"wp-block-media-text__content\">\n<p class=\"has-text-align-center\"><strong>Verm\u00f6genskonzept<\/strong><\/p>\n\n\n\n<p class=\"has-text-align-center has-normal-font-size\">F\u00fcr Deinen pers\u00f6nlichen Erfolg entscheidend ist das aus den richtigen nachhaltigen Elementen bestehende, auf Deine individuelle Situation richtig zugeschnittene Gesamtkonzept. Daf\u00fcr beraten wir Dich unabh\u00e4ngig und kostenfrei. Unsere Verg\u00fctung f\u00e4llt an, wenn Dein Konzept Dich zufriedenstellt.  Sie ist f\u00fcr Dich zu 100% transparent nachvollziehbar &#8211; fairnandas Verst\u00e4ndnis von fair!<\/p>\n<\/div><\/div>\n\n\n\n<p><\/p>\n\n\n\n<p class=\"has-text-align-center\"><a rel=\"noreferrer noopener\" href=\"https:\/\/2201twb.hamburgyachting.com\/ecowb2202\/kontakt\/\" target=\"_blank\">Kontakt aufnehmen<\/a><\/p>\n\n\n\n<h2 class=\"has-text-align-center wp-block-heading\">Schicht 1:<\/h2>\n\n\n\n<h3 class=\"has-text-align-center wp-block-heading\" id=\"nachhaltigebasisrente\">Nachhaltige Basis-\/R\u00fcrup-Rente <\/h3>\n\n\n\n<p class=\"has-text-align-center has-background\" style=\"background-color:#95d45a\">Sie ist besonders f\u00fcr Selbst\u00e4ndige und Freiberufler konzipiert. <br><br>Sie k\u00f6nnen analog zur gesetzlichen Rentenversicherung hier ihre Beitr\u00e4ge steuerlich geltend machen, und gleichzeitig in eine kapitalgedeckte Altersversorgung inkl. Hinterbliebenenversorgung investieren.<\/p>\n\n\n\n<h2 class=\"has-text-align-center wp-block-heading\">Schicht 2:<\/h2>\n\n\n\n<h3 class=\"has-text-align-center wp-block-heading\" id=\"nachhaltigeriesterrente\">Nachhaltige Riester-Rente<\/h3>\n\n\n\n<p class=\"has-text-align-center has-background\" style=\"background-color:#95d45a\"><a href=\"#nachhaltige-riesterrente\"><br><\/a>Nutzbar f\u00fcr alle sozialversicherungspflichtig Besch\u00e4ftigten, f\u00fcr Angestellte im \u00f6ffentlichen Dienst und f\u00fcr Beamte.<br>Hier gibt es Zulagen je nach Berufsstellung und Familienstand und dar\u00fcber hinaus Steuervorteile. Das angesparte Kapital kann auch f\u00fcr eine Immobilie verwendet werden, und es besteht sp\u00e4ter die Wahl zwischen einer lebenslangen Rente und einer Teilkapitalzahlung.<\/p>\n\n\n\n<h3 class=\"has-text-align-center wp-block-heading\" id=\"betriebsrenteAN\">Nachhaltige betriebliche Altersversorgung (bAV)<\/h3>\n\n\n\n<p class=\"has-background\" style=\"background-color:#95d45a\">Auch die Betriebsrente geh\u00f6rt zur 2. Schicht. Sie steht allen Arbeitnehmern offen und bietet Steuer- und Sozialversicherungsersparnisse durch Umwandlung vom Bruttogehalt. Dadurch k\u00f6nnen bis zu 140% F\u00f6rderung auf den Nettobeitrag realisiert werden<br><br>Auch f\u00fcr den Arbeitgeber bietet die bAV zahlreiche M\u00f6glichkeiten, kosteng\u00fcnstig Vorteile f\u00fcr seine Mitarbeiter und f\u00fcr das Unternehmen zu realisieren. <br><br>fairnanda bietet nachhaltige L\u00f6sungen in allen Durchf\u00fchrungswegen, die wir sowohl Dir als ArbeitnehmerIn als auch Deinem Arbeitgeber, und auf Wunsch Deinen Kollegen, gern zug\u00e4nglich und verst\u00e4ndlich machen. <br><br>Als Arbeitgeber klicke hier<\/p>\n\n\n\n<h2 class=\"has-text-align-center wp-block-heading\">Schicht 3:<\/h2>\n\n\n\n<h3 class=\"has-text-align-center wp-block-heading\" id=\"privaterente\">Nachhaltige Privatrente<\/h3>\n\n\n\n<p class=\"has-text-align-center has-background\" style=\"background-color:#95d45a\">Die private Vorsorge bietet die gr\u00f6\u00dfte Flexibilit\u00e4t bei der Auszahlung und der Hinterbliebenenabsicherung. Auch das pers\u00f6nliche Chance-Risiko-Profil kann hier besonders individuell gestaltet werden. Die Auszahlung ist zudem steuerbeg\u00fcnstigt.<\/p>\n\n\n\n<h2 class=\"has-text-align-center wp-block-heading\" id=\"nachhaltigeabsicherung\">Nachhaltige Absicherung<\/h2>\n\n\n\n<p class=\"has-text-align-center has-background\" style=\"background-color:#95d45a\">Zu Deinem sinnvollen und kompletten Verm\u00f6genskonzept geh\u00f6rt immer die Frage, wie Deine pers\u00f6nlichen Risiken abgedeckt sind. Zu viele Versicherungen sind unn\u00f6tig &#8211; zu wenige unvern\u00fcnftig.&nbsp;<br>F\u00fcr alle wichtigen Risiken des Lebens, ob Arbeitskraftsicherung oder Haftpflicht, bieten wir die besten nachhaltigen L\u00f6sungen am Markt. Dabei ber\u00fccksichtigen wir sowohl das beste Preis-Leistungs-Verh\u00e4ltnis als auch die soziale und \u00f6kologische Wirkung der Absicherung f\u00fcr einen nachhaltigen Effekt auf die Gesellschaft. <br><br>Deine pers\u00f6nlichen W\u00fcnsche nach Absicherung finden wir heraus, indem wir Deine individuelle Situation und Deine Priorit\u00e4ten besprechen. Damit Du die L\u00f6sungen erh\u00e4ltst, die Dir nachhaltig ein gutes Gef\u00fchl geben.<\/p>\n\n\n\n<p class=\"has-text-align-center\"><a rel=\"noreferrer noopener\" href=\"https:\/\/2201twb.hamburgyachting.com\/ecowb2202\/kontakt\/\" target=\"_blank\">Kontakt aufnehmen<\/a><\/p>\n","protected":false},"excerpt":{"rendered":"<p>Verm\u00f6gensaufbau mit staatlichen F\u00f6rderungen Der Staat f\u00f6rdert den Verm\u00f6gensaufbau in Deutschland, damit m\u00f6glichst viele Menschen einen finanziell abgesicherten Ruhestand erreichen. Die staatliche Rentenversicherung wird weiterhin zum Erhalt des Lebensstandards im Alter beitragen. Sie wird diesen aber aufgrund des fortschreitenden demographischen Wandels in unserer Gesellschaft nicht allein sicherstellen k\u00f6nnen. F\u00fcr die F\u00f6rderung der privaten Altersversorgung sind [&hellip;]<\/p>\n","protected":false},"author":2,"featured_media":0,"parent":0,"menu_order":0,"comment_status":"closed","ping_status":"closed","template":"","meta":{"kk_blocks_editor_width":"","_kiokenblocks_attr":"","_kiokenblocks_dimensions":"","_themeisle_gutenberg_block_has_review":false,"footnotes":""},"class_list":["post-333","page","type-page","status-publish","hentry"],"yoast_head":"<!-- This site is optimized with the Yoast SEO plugin v26.8 - https:\/\/yoast.com\/product\/yoast-seo-wordpress\/ -->\n<title>Was: Verm\u00f6gensaufbau - ecowb2202<\/title>\n<meta name=\"robots\" content=\"noindex, follow, max-snippet:-1, max-image-preview:large, max-video-preview:-1\" \/>\n<meta property=\"og:locale\" content=\"de_DE\" \/>\n<meta property=\"og:type\" content=\"article\" \/>\n<meta property=\"og:title\" content=\"Was: Verm\u00f6gensaufbau - ecowb2202\" \/>\n<meta property=\"og:description\" content=\"Verm\u00f6gensaufbau mit staatlichen F\u00f6rderungen Der Staat f\u00f6rdert den Verm\u00f6gensaufbau in Deutschland, damit m\u00f6glichst viele Menschen einen finanziell abgesicherten Ruhestand erreichen. Die staatliche Rentenversicherung wird weiterhin zum Erhalt des Lebensstandards im Alter beitragen. Sie wird diesen aber aufgrund des fortschreitenden demographischen Wandels in unserer Gesellschaft nicht allein sicherstellen k\u00f6nnen. F\u00fcr die F\u00f6rderung der privaten Altersversorgung sind [&hellip;]\" \/>\n<meta property=\"og:url\" content=\"https:\/\/2201twb.hamburgyachting.com\/ecowb2202\/vermoegensaufbau\/\" \/>\n<meta property=\"og:site_name\" content=\"ecowb2202\" \/>\n<meta property=\"article:modified_time\" content=\"2021-11-21T15:58:44+00:00\" \/>\n<meta property=\"og:image\" content=\"https:\/\/2201twb.hamburgyachting.com\/wp-content\/uploads\/sites\/9\/2020\/02\/IMG_3736-scaled-e1582813214662.jpeg\" \/>\n<meta name=\"twitter:card\" content=\"summary_large_image\" \/>\n<meta name=\"twitter:label1\" content=\"Gesch\u00e4tzte Lesezeit\" \/>\n\t<meta name=\"twitter:data1\" content=\"3\u00a0Minuten\" \/>\n<script type=\"application\/ld+json\" class=\"yoast-schema-graph\">{\"@context\":\"https:\/\/schema.org\",\"@graph\":[{\"@type\":\"WebPage\",\"@id\":\"https:\/\/2201twb.hamburgyachting.com\/ecowb2202\/vermoegensaufbau\/\",\"url\":\"https:\/\/2201twb.hamburgyachting.com\/ecowb2202\/vermoegensaufbau\/\",\"name\":\"Was: Verm\u00f6gensaufbau - ecowb2202\",\"isPartOf\":{\"@id\":\"https:\/\/2201twb.hamburgyachting.com\/ecowb2202\/#website\"},\"primaryImageOfPage\":{\"@id\":\"https:\/\/2201twb.hamburgyachting.com\/ecowb2202\/vermoegensaufbau\/#primaryimage\"},\"image\":{\"@id\":\"https:\/\/2201twb.hamburgyachting.com\/ecowb2202\/vermoegensaufbau\/#primaryimage\"},\"thumbnailUrl\":\"https:\/\/2201twb.hamburgyachting.com\/wp-content\/uploads\/sites\/9\/2020\/02\/IMG_3736-scaled-e1582813214662.jpeg\",\"datePublished\":\"2020-02-16T16:33:26+00:00\",\"dateModified\":\"2021-11-21T15:58:44+00:00\",\"breadcrumb\":{\"@id\":\"https:\/\/2201twb.hamburgyachting.com\/ecowb2202\/vermoegensaufbau\/#breadcrumb\"},\"inLanguage\":\"de\",\"potentialAction\":[{\"@type\":\"ReadAction\",\"target\":[\"https:\/\/2201twb.hamburgyachting.com\/ecowb2202\/vermoegensaufbau\/\"]}]},{\"@type\":\"ImageObject\",\"inLanguage\":\"de\",\"@id\":\"https:\/\/2201twb.hamburgyachting.com\/ecowb2202\/vermoegensaufbau\/#primaryimage\",\"url\":\"https:\/\/2201twb.hamburgyachting.com\/wp-content\/uploads\/sites\/9\/2020\/02\/IMG_3736-scaled-e1582813214662.jpeg\",\"contentUrl\":\"https:\/\/2201twb.hamburgyachting.com\/wp-content\/uploads\/sites\/9\/2020\/02\/IMG_3736-scaled-e1582813214662.jpeg\"},{\"@type\":\"BreadcrumbList\",\"@id\":\"https:\/\/2201twb.hamburgyachting.com\/ecowb2202\/vermoegensaufbau\/#breadcrumb\",\"itemListElement\":[{\"@type\":\"ListItem\",\"position\":1,\"name\":\"Startseite\",\"item\":\"https:\/\/2201twb.hamburgyachting.com\/ecowb2202\/\"},{\"@type\":\"ListItem\",\"position\":2,\"name\":\"Was: Verm\u00f6gensaufbau\"}]},{\"@type\":\"WebSite\",\"@id\":\"https:\/\/2201twb.hamburgyachting.com\/ecowb2202\/#website\",\"url\":\"https:\/\/2201twb.hamburgyachting.com\/ecowb2202\/\",\"name\":\"ecowb2202\",\"description\":\"Nachhaltiges Pensions- und Verm\u00f6gensmanagement\",\"potentialAction\":[{\"@type\":\"SearchAction\",\"target\":{\"@type\":\"EntryPoint\",\"urlTemplate\":\"https:\/\/2201twb.hamburgyachting.com\/ecowb2202\/?s={search_term_string}\"},\"query-input\":{\"@type\":\"PropertyValueSpecification\",\"valueRequired\":true,\"valueName\":\"search_term_string\"}}],\"inLanguage\":\"de\"}]}<\/script>\n<!-- \/ Yoast SEO plugin. -->","yoast_head_json":{"title":"Was: Verm\u00f6gensaufbau - ecowb2202","robots":{"index":"noindex","follow":"follow","max-snippet":"max-snippet:-1","max-image-preview":"max-image-preview:large","max-video-preview":"max-video-preview:-1"},"og_locale":"de_DE","og_type":"article","og_title":"Was: Verm\u00f6gensaufbau - ecowb2202","og_description":"Verm\u00f6gensaufbau mit staatlichen F\u00f6rderungen Der Staat f\u00f6rdert den Verm\u00f6gensaufbau in Deutschland, damit m\u00f6glichst viele Menschen einen finanziell abgesicherten Ruhestand erreichen. Die staatliche Rentenversicherung wird weiterhin zum Erhalt des Lebensstandards im Alter beitragen. Sie wird diesen aber aufgrund des fortschreitenden demographischen Wandels in unserer Gesellschaft nicht allein sicherstellen k\u00f6nnen. F\u00fcr die F\u00f6rderung der privaten Altersversorgung sind [&hellip;]","og_url":"https:\/\/2201twb.hamburgyachting.com\/ecowb2202\/vermoegensaufbau\/","og_site_name":"ecowb2202","article_modified_time":"2021-11-21T15:58:44+00:00","og_image":[{"url":"https:\/\/2201twb.hamburgyachting.com\/wp-content\/uploads\/sites\/9\/2020\/02\/IMG_3736-scaled-e1582813214662.jpeg","type":"","width":"","height":""}],"twitter_card":"summary_large_image","twitter_misc":{"Gesch\u00e4tzte Lesezeit":"3\u00a0Minuten"},"schema":{"@context":"https:\/\/schema.org","@graph":[{"@type":"WebPage","@id":"https:\/\/2201twb.hamburgyachting.com\/ecowb2202\/vermoegensaufbau\/","url":"https:\/\/2201twb.hamburgyachting.com\/ecowb2202\/vermoegensaufbau\/","name":"Was: Verm\u00f6gensaufbau - ecowb2202","isPartOf":{"@id":"https:\/\/2201twb.hamburgyachting.com\/ecowb2202\/#website"},"primaryImageOfPage":{"@id":"https:\/\/2201twb.hamburgyachting.com\/ecowb2202\/vermoegensaufbau\/#primaryimage"},"image":{"@id":"https:\/\/2201twb.hamburgyachting.com\/ecowb2202\/vermoegensaufbau\/#primaryimage"},"thumbnailUrl":"https:\/\/2201twb.hamburgyachting.com\/wp-content\/uploads\/sites\/9\/2020\/02\/IMG_3736-scaled-e1582813214662.jpeg","datePublished":"2020-02-16T16:33:26+00:00","dateModified":"2021-11-21T15:58:44+00:00","breadcrumb":{"@id":"https:\/\/2201twb.hamburgyachting.com\/ecowb2202\/vermoegensaufbau\/#breadcrumb"},"inLanguage":"de","potentialAction":[{"@type":"ReadAction","target":["https:\/\/2201twb.hamburgyachting.com\/ecowb2202\/vermoegensaufbau\/"]}]},{"@type":"ImageObject","inLanguage":"de","@id":"https:\/\/2201twb.hamburgyachting.com\/ecowb2202\/vermoegensaufbau\/#primaryimage","url":"https:\/\/2201twb.hamburgyachting.com\/wp-content\/uploads\/sites\/9\/2020\/02\/IMG_3736-scaled-e1582813214662.jpeg","contentUrl":"https:\/\/2201twb.hamburgyachting.com\/wp-content\/uploads\/sites\/9\/2020\/02\/IMG_3736-scaled-e1582813214662.jpeg"},{"@type":"BreadcrumbList","@id":"https:\/\/2201twb.hamburgyachting.com\/ecowb2202\/vermoegensaufbau\/#breadcrumb","itemListElement":[{"@type":"ListItem","position":1,"name":"Startseite","item":"https:\/\/2201twb.hamburgyachting.com\/ecowb2202\/"},{"@type":"ListItem","position":2,"name":"Was: Verm\u00f6gensaufbau"}]},{"@type":"WebSite","@id":"https:\/\/2201twb.hamburgyachting.com\/ecowb2202\/#website","url":"https:\/\/2201twb.hamburgyachting.com\/ecowb2202\/","name":"ecowb2202","description":"Nachhaltiges Pensions- und Verm\u00f6gensmanagement","potentialAction":[{"@type":"SearchAction","target":{"@type":"EntryPoint","urlTemplate":"https:\/\/2201twb.hamburgyachting.com\/ecowb2202\/?s={search_term_string}"},"query-input":{"@type":"PropertyValueSpecification","valueRequired":true,"valueName":"search_term_string"}}],"inLanguage":"de"}]}},"_links":{"self":[{"href":"https:\/\/2201twb.hamburgyachting.com\/ecowb2202\/wp-json\/wp\/v2\/pages\/333","targetHints":{"allow":["GET"]}}],"collection":[{"href":"https:\/\/2201twb.hamburgyachting.com\/ecowb2202\/wp-json\/wp\/v2\/pages"}],"about":[{"href":"https:\/\/2201twb.hamburgyachting.com\/ecowb2202\/wp-json\/wp\/v2\/types\/page"}],"author":[{"embeddable":true,"href":"https:\/\/2201twb.hamburgyachting.com\/ecowb2202\/wp-json\/wp\/v2\/users\/2"}],"replies":[{"embeddable":true,"href":"https:\/\/2201twb.hamburgyachting.com\/ecowb2202\/wp-json\/wp\/v2\/comments?post=333"}],"version-history":[{"count":81,"href":"https:\/\/2201twb.hamburgyachting.com\/ecowb2202\/wp-json\/wp\/v2\/pages\/333\/revisions"}],"predecessor-version":[{"id":744,"href":"https:\/\/2201twb.hamburgyachting.com\/ecowb2202\/wp-json\/wp\/v2\/pages\/333\/revisions\/744"}],"wp:attachment":[{"href":"https:\/\/2201twb.hamburgyachting.com\/ecowb2202\/wp-json\/wp\/v2\/media?parent=333"}],"curies":[{"name":"wp","href":"https:\/\/api.w.org\/{rel}","templated":true}]}}