{"id":2,"date":"2015-10-20T17:21:58","date_gmt":"2015-10-20T15:21:58","guid":{"rendered":"http:\/\/201015.greenrollerz.de\/211126ecosupreme\/?page_id=2"},"modified":"2020-02-27T17:42:40","modified_gmt":"2020-02-27T16:42:40","slug":"beispiel-seite","status":"publish","type":"page","link":"https:\/\/2201twb.hamburgyachting.com\/ecowb2202\/beispiel-seite\/","title":{"rendered":"\u00dcber uns"},"content":{"rendered":"<p>Die Verantwortung f\u00fcr den Schutz der Umwelt &#8211; den Erhalt der Artenvielfalt &#8211; das friedliche Zusammenleben der Menschen auf dem Planeten &#8211; soziale Inklusion &#8211; und die Begrenzung der Erderw\u00e4rmung: Sie und die wachsenden damit verbundenen Herausforderungen an uns Menschen auf diesem Planeten sind seit vielen Jahrzehnten bekannt, und nun erst seit wenigen Jahren ins kollektive Bewusstsein vorgedrungen.<\/p>\n<p>Neben den Regierungen und den Unternehmen liegt ein grosser Teil der Handlungsm\u00f6glichkeiten und Chancen ebenso bei jede(r)m einzelnen von uns, als Konsumenten. Mit dem Kauf von \u00f6kologisch und regional produzierten, fair gehandelten Lebensmitteln beeinflussen wir das Wohlergehen von Milliarden Menschen und Tieren weltweit ebenso wie die Beschaffenheit der B\u00f6den, der Fl\u00fcsse und Meere und unseres eigenen Lebensraumes. Auch unsere Auswahl bei Bekleidung, der Nutzung von Verkehrsmitteln und der Energiebelieferung entfaltet globale Wirkungen.\u00a0<\/p>\n<p>In vielen Lebensbereichen werden Konsumentscheidungen bereits bewusster getroffen und kritischer hinterfragt als noch vor wenigen Jahren. Die \u00f6ffentliche Aufkl\u00e4rung durch immer bekanntere ProtagonistInnen f\u00f6rdert diese Entwicklung ebenso wie ein steigendes Angebot an Produkten und Dienstleistungen, die dem wachsenden Anspruch an ethisch und \u00f6kologisch nachhaltige Wirtschaftsweisen zu entsprechen versuchen.<\/p>\n<p>Den Anbietern und Produkten der privaten Finanzplanung und der Geldanlage werden eine sehr gro\u00dfe Bedeutung hinsichtlich der Zukunftsf\u00e4higkeit unserer Wirtschaft und Gesellschaft beigemessen, und es hat auch in diesem traditionell intransparenten, komplexen und emotional gepr\u00e4gten Lebensbereich der Ver\u00e4nderungsprozess begonnen. Allerdings ist dessen Verlauf tr\u00e4ge, und der Wille der Anbieter zu einer Orientierung \u00fcber die finanziellen und wirtschaftlichen Ziele hinaus in weiten Teilen immer noch gering.\u00a0<\/p>\n<p>fairnanda ist angetreten, um das zu \u00e4ndern, Dir als Verbraucher eine informierte Entscheidung zu erm\u00f6glichen, und die Bef\u00f6rderer einer auf einen ganzheitlichen gesellschaftlichen Erfolg ausgerichteten Finanzwirtschaft zu identifizieren und zu verbinden.\u00a0<\/p>\n<p>\u00a0<\/p>\n\n\n<h2 class=\"wp-block-heading\" id=\"geschichtefairnanda\">Unsere Geschichte<\/h2>\n","protected":false},"excerpt":{"rendered":"<p>Die Verantwortung f\u00fcr den Schutz der Umwelt &#8211; den Erhalt der Artenvielfalt &#8211; das friedliche Zusammenleben der Menschen auf dem Planeten &#8211; soziale Inklusion &#8211; und die Begrenzung der Erderw\u00e4rmung: Sie und die wachsenden damit verbundenen Herausforderungen an uns Menschen auf diesem Planeten sind seit vielen Jahrzehnten bekannt, und nun erst seit wenigen Jahren ins [&hellip;]<\/p>\n","protected":false},"author":2,"featured_media":0,"parent":0,"menu_order":0,"comment_status":"closed","ping_status":"open","template":"","meta":{"kk_blocks_editor_width":"","_kiokenblocks_attr":"","_kiokenblocks_dimensions":"","_themeisle_gutenberg_block_has_review":false,"footnotes":""},"class_list":["post-2","page","type-page","status-publish","hentry"],"yoast_head":"<!-- This site is optimized with the Yoast SEO plugin v26.8 - https:\/\/yoast.com\/product\/yoast-seo-wordpress\/ -->\n<title>\u00dcber uns - ecowb2202<\/title>\n<meta name=\"robots\" content=\"noindex, follow, max-snippet:-1, max-image-preview:large, max-video-preview:-1\" \/>\n<meta property=\"og:locale\" content=\"de_DE\" \/>\n<meta property=\"og:type\" content=\"article\" \/>\n<meta property=\"og:title\" content=\"\u00dcber uns - ecowb2202\" \/>\n<meta property=\"og:description\" content=\"Die Verantwortung f\u00fcr den Schutz der Umwelt &#8211; den Erhalt der Artenvielfalt &#8211; das friedliche Zusammenleben der Menschen auf dem Planeten &#8211; soziale Inklusion &#8211; und die Begrenzung der Erderw\u00e4rmung: Sie und die wachsenden damit verbundenen Herausforderungen an uns Menschen auf diesem Planeten sind seit vielen Jahrzehnten bekannt, und nun erst seit wenigen Jahren ins [&hellip;]\" \/>\n<meta property=\"og:url\" content=\"https:\/\/2201twb.hamburgyachting.com\/ecowb2202\/beispiel-seite\/\" \/>\n<meta property=\"og:site_name\" content=\"ecowb2202\" \/>\n<meta property=\"article:modified_time\" content=\"2020-02-27T16:42:40+00:00\" \/>\n<meta name=\"twitter:card\" content=\"summary_large_image\" \/>\n<meta name=\"twitter:label1\" content=\"Gesch\u00e4tzte Lesezeit\" \/>\n\t<meta name=\"twitter:data1\" content=\"1\u00a0Minute\" \/>\n<script type=\"application\/ld+json\" class=\"yoast-schema-graph\">{\"@context\":\"https:\/\/schema.org\",\"@graph\":[{\"@type\":\"WebPage\",\"@id\":\"https:\/\/2201twb.hamburgyachting.com\/ecowb2202\/beispiel-seite\/\",\"url\":\"https:\/\/2201twb.hamburgyachting.com\/ecowb2202\/beispiel-seite\/\",\"name\":\"\u00dcber uns - ecowb2202\",\"isPartOf\":{\"@id\":\"https:\/\/2201twb.hamburgyachting.com\/ecowb2202\/#website\"},\"datePublished\":\"2015-10-20T15:21:58+00:00\",\"dateModified\":\"2020-02-27T16:42:40+00:00\",\"breadcrumb\":{\"@id\":\"https:\/\/2201twb.hamburgyachting.com\/ecowb2202\/beispiel-seite\/#breadcrumb\"},\"inLanguage\":\"de\",\"potentialAction\":[{\"@type\":\"ReadAction\",\"target\":[\"https:\/\/2201twb.hamburgyachting.com\/ecowb2202\/beispiel-seite\/\"]}]},{\"@type\":\"BreadcrumbList\",\"@id\":\"https:\/\/2201twb.hamburgyachting.com\/ecowb2202\/beispiel-seite\/#breadcrumb\",\"itemListElement\":[{\"@type\":\"ListItem\",\"position\":1,\"name\":\"Startseite\",\"item\":\"https:\/\/2201twb.hamburgyachting.com\/ecowb2202\/\"},{\"@type\":\"ListItem\",\"position\":2,\"name\":\"\u00dcber uns\"}]},{\"@type\":\"WebSite\",\"@id\":\"https:\/\/2201twb.hamburgyachting.com\/ecowb2202\/#website\",\"url\":\"https:\/\/2201twb.hamburgyachting.com\/ecowb2202\/\",\"name\":\"ecowb2202\",\"description\":\"Nachhaltiges Pensions- und Verm\u00f6gensmanagement\",\"potentialAction\":[{\"@type\":\"SearchAction\",\"target\":{\"@type\":\"EntryPoint\",\"urlTemplate\":\"https:\/\/2201twb.hamburgyachting.com\/ecowb2202\/?s={search_term_string}\"},\"query-input\":{\"@type\":\"PropertyValueSpecification\",\"valueRequired\":true,\"valueName\":\"search_term_string\"}}],\"inLanguage\":\"de\"}]}<\/script>\n<!-- \/ Yoast SEO plugin. -->","yoast_head_json":{"title":"\u00dcber uns - ecowb2202","robots":{"index":"noindex","follow":"follow","max-snippet":"max-snippet:-1","max-image-preview":"max-image-preview:large","max-video-preview":"max-video-preview:-1"},"og_locale":"de_DE","og_type":"article","og_title":"\u00dcber uns - ecowb2202","og_description":"Die Verantwortung f\u00fcr den Schutz der Umwelt &#8211; den Erhalt der Artenvielfalt &#8211; das friedliche Zusammenleben der Menschen auf dem Planeten &#8211; soziale Inklusion &#8211; und die Begrenzung der Erderw\u00e4rmung: Sie und die wachsenden damit verbundenen Herausforderungen an uns Menschen auf diesem Planeten sind seit vielen Jahrzehnten bekannt, und nun erst seit wenigen Jahren ins [&hellip;]","og_url":"https:\/\/2201twb.hamburgyachting.com\/ecowb2202\/beispiel-seite\/","og_site_name":"ecowb2202","article_modified_time":"2020-02-27T16:42:40+00:00","twitter_card":"summary_large_image","twitter_misc":{"Gesch\u00e4tzte Lesezeit":"1\u00a0Minute"},"schema":{"@context":"https:\/\/schema.org","@graph":[{"@type":"WebPage","@id":"https:\/\/2201twb.hamburgyachting.com\/ecowb2202\/beispiel-seite\/","url":"https:\/\/2201twb.hamburgyachting.com\/ecowb2202\/beispiel-seite\/","name":"\u00dcber uns - ecowb2202","isPartOf":{"@id":"https:\/\/2201twb.hamburgyachting.com\/ecowb2202\/#website"},"datePublished":"2015-10-20T15:21:58+00:00","dateModified":"2020-02-27T16:42:40+00:00","breadcrumb":{"@id":"https:\/\/2201twb.hamburgyachting.com\/ecowb2202\/beispiel-seite\/#breadcrumb"},"inLanguage":"de","potentialAction":[{"@type":"ReadAction","target":["https:\/\/2201twb.hamburgyachting.com\/ecowb2202\/beispiel-seite\/"]}]},{"@type":"BreadcrumbList","@id":"https:\/\/2201twb.hamburgyachting.com\/ecowb2202\/beispiel-seite\/#breadcrumb","itemListElement":[{"@type":"ListItem","position":1,"name":"Startseite","item":"https:\/\/2201twb.hamburgyachting.com\/ecowb2202\/"},{"@type":"ListItem","position":2,"name":"\u00dcber uns"}]},{"@type":"WebSite","@id":"https:\/\/2201twb.hamburgyachting.com\/ecowb2202\/#website","url":"https:\/\/2201twb.hamburgyachting.com\/ecowb2202\/","name":"ecowb2202","description":"Nachhaltiges Pensions- und Verm\u00f6gensmanagement","potentialAction":[{"@type":"SearchAction","target":{"@type":"EntryPoint","urlTemplate":"https:\/\/2201twb.hamburgyachting.com\/ecowb2202\/?s={search_term_string}"},"query-input":{"@type":"PropertyValueSpecification","valueRequired":true,"valueName":"search_term_string"}}],"inLanguage":"de"}]}},"_links":{"self":[{"href":"https:\/\/2201twb.hamburgyachting.com\/ecowb2202\/wp-json\/wp\/v2\/pages\/2","targetHints":{"allow":["GET"]}}],"collection":[{"href":"https:\/\/2201twb.hamburgyachting.com\/ecowb2202\/wp-json\/wp\/v2\/pages"}],"about":[{"href":"https:\/\/2201twb.hamburgyachting.com\/ecowb2202\/wp-json\/wp\/v2\/types\/page"}],"author":[{"embeddable":true,"href":"https:\/\/2201twb.hamburgyachting.com\/ecowb2202\/wp-json\/wp\/v2\/users\/2"}],"replies":[{"embeddable":true,"href":"https:\/\/2201twb.hamburgyachting.com\/ecowb2202\/wp-json\/wp\/v2\/comments?post=2"}],"version-history":[{"count":4,"href":"https:\/\/2201twb.hamburgyachting.com\/ecowb2202\/wp-json\/wp\/v2\/pages\/2\/revisions"}],"predecessor-version":[{"id":497,"href":"https:\/\/2201twb.hamburgyachting.com\/ecowb2202\/wp-json\/wp\/v2\/pages\/2\/revisions\/497"}],"wp:attachment":[{"href":"https:\/\/2201twb.hamburgyachting.com\/ecowb2202\/wp-json\/wp\/v2\/media?parent=2"}],"curies":[{"name":"wp","href":"https:\/\/api.w.org\/{rel}","templated":true}]}}