{"id":19,"date":"2018-10-23T00:10:13","date_gmt":"2018-10-22T22:10:13","guid":{"rendered":"http:\/\/201015.greenrollerz.de\/211126ecosupreme\/?page_id=19"},"modified":"2018-10-23T00:28:08","modified_gmt":"2018-10-22T22:28:08","slug":"riester","status":"publish","type":"page","link":"https:\/\/2201twb.hamburgyachting.com\/ecowb2202\/riester\/","title":{"rendered":"Riester"},"content":{"rendered":"<p>Bei der Markteinf\u00fchrung im Jahr 2004 noch hochgelobt, stehen die Riesterf\u00f6rderung und die gleichnamigen Angebote des Finanzmarktes in den letzten Jahren zunehmend in der Kritik.<\/p>\n<p>Trotz h\u00f6herer Verwaltungkosten und des niedrigen Zinsniveaus l\u00e4\u00dft sich die F\u00f6rderung von bis zu 80% auf den eigenen Sparbeitrag aber mit den richtigen Produkten sehr vorteilhaft nutzen. Wie Sie dies auch noch nachhaltig gestalten k\u00f6nnen, erfahren Sie mit uns.<\/p>\n","protected":false},"excerpt":{"rendered":"<p>Bei der Markteinf\u00fchrung im Jahr 2004 noch hochgelobt, stehen die Riesterf\u00f6rderung und die gleichnamigen Angebote des Finanzmarktes in den letzten Jahren zunehmend in der Kritik. Trotz h\u00f6herer Verwaltungkosten und des niedrigen Zinsniveaus l\u00e4\u00dft sich die F\u00f6rderung von bis zu 80% auf den eigenen Sparbeitrag aber mit den richtigen Produkten sehr vorteilhaft nutzen. Wie Sie dies [&hellip;]<\/p>\n","protected":false},"author":2,"featured_media":0,"parent":0,"menu_order":0,"comment_status":"closed","ping_status":"closed","template":"","meta":{"kk_blocks_editor_width":"","_kiokenblocks_attr":"","_kiokenblocks_dimensions":"","_themeisle_gutenberg_block_has_review":false,"footnotes":""},"class_list":["post-19","page","type-page","status-publish","hentry"],"yoast_head":"<!-- This site is optimized with the Yoast SEO plugin v26.8 - https:\/\/yoast.com\/product\/yoast-seo-wordpress\/ -->\n<title>Riester - ecowb2202<\/title>\n<meta name=\"robots\" content=\"noindex, follow, max-snippet:-1, max-image-preview:large, max-video-preview:-1\" \/>\n<meta property=\"og:locale\" content=\"de_DE\" \/>\n<meta property=\"og:type\" content=\"article\" \/>\n<meta property=\"og:title\" content=\"Riester - ecowb2202\" \/>\n<meta property=\"og:description\" content=\"Bei der Markteinf\u00fchrung im Jahr 2004 noch hochgelobt, stehen die Riesterf\u00f6rderung und die gleichnamigen Angebote des Finanzmarktes in den letzten Jahren zunehmend in der Kritik. Trotz h\u00f6herer Verwaltungkosten und des niedrigen Zinsniveaus l\u00e4\u00dft sich die F\u00f6rderung von bis zu 80% auf den eigenen Sparbeitrag aber mit den richtigen Produkten sehr vorteilhaft nutzen. Wie Sie dies [&hellip;]\" \/>\n<meta property=\"og:url\" content=\"https:\/\/2201twb.hamburgyachting.com\/ecowb2202\/riester\/\" \/>\n<meta property=\"og:site_name\" content=\"ecowb2202\" \/>\n<meta property=\"article:modified_time\" content=\"2018-10-22T22:28:08+00:00\" \/>\n<meta name=\"twitter:card\" content=\"summary_large_image\" \/>\n<script type=\"application\/ld+json\" class=\"yoast-schema-graph\">{\"@context\":\"https:\/\/schema.org\",\"@graph\":[{\"@type\":\"WebPage\",\"@id\":\"https:\/\/2201twb.hamburgyachting.com\/ecowb2202\/riester\/\",\"url\":\"https:\/\/2201twb.hamburgyachting.com\/ecowb2202\/riester\/\",\"name\":\"Riester - ecowb2202\",\"isPartOf\":{\"@id\":\"https:\/\/2201twb.hamburgyachting.com\/ecowb2202\/#website\"},\"datePublished\":\"2018-10-22T22:10:13+00:00\",\"dateModified\":\"2018-10-22T22:28:08+00:00\",\"breadcrumb\":{\"@id\":\"https:\/\/2201twb.hamburgyachting.com\/ecowb2202\/riester\/#breadcrumb\"},\"inLanguage\":\"de\",\"potentialAction\":[{\"@type\":\"ReadAction\",\"target\":[\"https:\/\/2201twb.hamburgyachting.com\/ecowb2202\/riester\/\"]}]},{\"@type\":\"BreadcrumbList\",\"@id\":\"https:\/\/2201twb.hamburgyachting.com\/ecowb2202\/riester\/#breadcrumb\",\"itemListElement\":[{\"@type\":\"ListItem\",\"position\":1,\"name\":\"Startseite\",\"item\":\"https:\/\/2201twb.hamburgyachting.com\/ecowb2202\/\"},{\"@type\":\"ListItem\",\"position\":2,\"name\":\"Riester\"}]},{\"@type\":\"WebSite\",\"@id\":\"https:\/\/2201twb.hamburgyachting.com\/ecowb2202\/#website\",\"url\":\"https:\/\/2201twb.hamburgyachting.com\/ecowb2202\/\",\"name\":\"ecowb2202\",\"description\":\"Nachhaltiges Pensions- und Verm\u00f6gensmanagement\",\"potentialAction\":[{\"@type\":\"SearchAction\",\"target\":{\"@type\":\"EntryPoint\",\"urlTemplate\":\"https:\/\/2201twb.hamburgyachting.com\/ecowb2202\/?s={search_term_string}\"},\"query-input\":{\"@type\":\"PropertyValueSpecification\",\"valueRequired\":true,\"valueName\":\"search_term_string\"}}],\"inLanguage\":\"de\"}]}<\/script>\n<!-- \/ Yoast SEO plugin. -->","yoast_head_json":{"title":"Riester - ecowb2202","robots":{"index":"noindex","follow":"follow","max-snippet":"max-snippet:-1","max-image-preview":"max-image-preview:large","max-video-preview":"max-video-preview:-1"},"og_locale":"de_DE","og_type":"article","og_title":"Riester - ecowb2202","og_description":"Bei der Markteinf\u00fchrung im Jahr 2004 noch hochgelobt, stehen die Riesterf\u00f6rderung und die gleichnamigen Angebote des Finanzmarktes in den letzten Jahren zunehmend in der Kritik. Trotz h\u00f6herer Verwaltungkosten und des niedrigen Zinsniveaus l\u00e4\u00dft sich die F\u00f6rderung von bis zu 80% auf den eigenen Sparbeitrag aber mit den richtigen Produkten sehr vorteilhaft nutzen. Wie Sie dies [&hellip;]","og_url":"https:\/\/2201twb.hamburgyachting.com\/ecowb2202\/riester\/","og_site_name":"ecowb2202","article_modified_time":"2018-10-22T22:28:08+00:00","twitter_card":"summary_large_image","schema":{"@context":"https:\/\/schema.org","@graph":[{"@type":"WebPage","@id":"https:\/\/2201twb.hamburgyachting.com\/ecowb2202\/riester\/","url":"https:\/\/2201twb.hamburgyachting.com\/ecowb2202\/riester\/","name":"Riester - ecowb2202","isPartOf":{"@id":"https:\/\/2201twb.hamburgyachting.com\/ecowb2202\/#website"},"datePublished":"2018-10-22T22:10:13+00:00","dateModified":"2018-10-22T22:28:08+00:00","breadcrumb":{"@id":"https:\/\/2201twb.hamburgyachting.com\/ecowb2202\/riester\/#breadcrumb"},"inLanguage":"de","potentialAction":[{"@type":"ReadAction","target":["https:\/\/2201twb.hamburgyachting.com\/ecowb2202\/riester\/"]}]},{"@type":"BreadcrumbList","@id":"https:\/\/2201twb.hamburgyachting.com\/ecowb2202\/riester\/#breadcrumb","itemListElement":[{"@type":"ListItem","position":1,"name":"Startseite","item":"https:\/\/2201twb.hamburgyachting.com\/ecowb2202\/"},{"@type":"ListItem","position":2,"name":"Riester"}]},{"@type":"WebSite","@id":"https:\/\/2201twb.hamburgyachting.com\/ecowb2202\/#website","url":"https:\/\/2201twb.hamburgyachting.com\/ecowb2202\/","name":"ecowb2202","description":"Nachhaltiges Pensions- und Verm\u00f6gensmanagement","potentialAction":[{"@type":"SearchAction","target":{"@type":"EntryPoint","urlTemplate":"https:\/\/2201twb.hamburgyachting.com\/ecowb2202\/?s={search_term_string}"},"query-input":{"@type":"PropertyValueSpecification","valueRequired":true,"valueName":"search_term_string"}}],"inLanguage":"de"}]}},"_links":{"self":[{"href":"https:\/\/2201twb.hamburgyachting.com\/ecowb2202\/wp-json\/wp\/v2\/pages\/19","targetHints":{"allow":["GET"]}}],"collection":[{"href":"https:\/\/2201twb.hamburgyachting.com\/ecowb2202\/wp-json\/wp\/v2\/pages"}],"about":[{"href":"https:\/\/2201twb.hamburgyachting.com\/ecowb2202\/wp-json\/wp\/v2\/types\/page"}],"author":[{"embeddable":true,"href":"https:\/\/2201twb.hamburgyachting.com\/ecowb2202\/wp-json\/wp\/v2\/users\/2"}],"replies":[{"embeddable":true,"href":"https:\/\/2201twb.hamburgyachting.com\/ecowb2202\/wp-json\/wp\/v2\/comments?post=19"}],"version-history":[{"count":3,"href":"https:\/\/2201twb.hamburgyachting.com\/ecowb2202\/wp-json\/wp\/v2\/pages\/19\/revisions"}],"predecessor-version":[{"id":33,"href":"https:\/\/2201twb.hamburgyachting.com\/ecowb2202\/wp-json\/wp\/v2\/pages\/19\/revisions\/33"}],"wp:attachment":[{"href":"https:\/\/2201twb.hamburgyachting.com\/ecowb2202\/wp-json\/wp\/v2\/media?parent=19"}],"curies":[{"name":"wp","href":"https:\/\/api.w.org\/{rel}","templated":true}]}}