{"id":101,"date":"2018-10-24T00:46:05","date_gmt":"2018-10-23T22:46:05","guid":{"rendered":"http:\/\/201015.greenrollerz.de\/211126ecosupreme\/?page_id=101"},"modified":"2018-11-01T00:20:09","modified_gmt":"2018-10-31T23:20:09","slug":"unsere-geschichte","status":"publish","type":"page","link":"https:\/\/2201twb.hamburgyachting.com\/ecowb2202\/unsere-geschichte\/","title":{"rendered":"Unsere Geschichte"},"content":{"rendered":"<p>Unsere T\u00e4tigkeit in der Finanzdienstleistung\u00a0 begann im Jahr 2007, kurz vor Ausbruch der weltweiten Finanzkrise als Trainees bei einem gro\u00dfen Stukturvertrieb in Hamburg-Rothenbaum. Nachdem wir dort die Grundlagen der Kundenberatung und Finanzplanung kennenlernten, erweiterte sich im Jahr 2011 das T\u00e4tigkeitsfeld bei einem kleinen, aber renommierten Hamburger Beratungshaus. Neben der Beratung von Privatkunden zu Altersversorgung und Absicherung, Kapitalanlage und Immobilienerwerb legten wir den Fokus besonders auf die Betriebliche Versorgung. Die pers\u00f6nliche Verbundenheit zur Nachhaltigen Finanzdienstleistung f\u00fchrte im Jahr 2018 zur Vereinigung der h\u00f6chsten Anspr\u00fcche an Kundenberatung, Finanzkonzeption und gesellschaftliche Verantwortung mit der Gr\u00fcndung von Natural Finance.<\/p>\n","protected":false},"excerpt":{"rendered":"<p>Unsere T\u00e4tigkeit in der Finanzdienstleistung\u00a0 begann im Jahr 2007, kurz vor Ausbruch der weltweiten Finanzkrise als Trainees bei einem gro\u00dfen Stukturvertrieb in Hamburg-Rothenbaum. Nachdem wir dort die Grundlagen der Kundenberatung und Finanzplanung kennenlernten, erweiterte sich im Jahr 2011 das T\u00e4tigkeitsfeld bei einem kleinen, aber renommierten Hamburger Beratungshaus. Neben der Beratung von Privatkunden zu Altersversorgung und [&hellip;]<\/p>\n","protected":false},"author":2,"featured_media":0,"parent":0,"menu_order":0,"comment_status":"closed","ping_status":"closed","template":"","meta":{"kk_blocks_editor_width":"","_kiokenblocks_attr":"","_kiokenblocks_dimensions":"","_themeisle_gutenberg_block_has_review":false,"footnotes":""},"class_list":["post-101","page","type-page","status-publish","hentry"],"yoast_head":"<!-- This site is optimized with the Yoast SEO plugin v26.8 - https:\/\/yoast.com\/product\/yoast-seo-wordpress\/ -->\n<title>Unsere Geschichte - ecowb2202<\/title>\n<meta name=\"robots\" content=\"noindex, follow, max-snippet:-1, max-image-preview:large, max-video-preview:-1\" \/>\n<meta property=\"og:locale\" content=\"de_DE\" \/>\n<meta property=\"og:type\" content=\"article\" \/>\n<meta property=\"og:title\" content=\"Unsere Geschichte - ecowb2202\" \/>\n<meta property=\"og:description\" content=\"Unsere T\u00e4tigkeit in der Finanzdienstleistung\u00a0 begann im Jahr 2007, kurz vor Ausbruch der weltweiten Finanzkrise als Trainees bei einem gro\u00dfen Stukturvertrieb in Hamburg-Rothenbaum. Nachdem wir dort die Grundlagen der Kundenberatung und Finanzplanung kennenlernten, erweiterte sich im Jahr 2011 das T\u00e4tigkeitsfeld bei einem kleinen, aber renommierten Hamburger Beratungshaus. Neben der Beratung von Privatkunden zu Altersversorgung und [&hellip;]\" \/>\n<meta property=\"og:url\" content=\"https:\/\/2201twb.hamburgyachting.com\/ecowb2202\/unsere-geschichte\/\" \/>\n<meta property=\"og:site_name\" content=\"ecowb2202\" \/>\n<meta property=\"article:modified_time\" content=\"2018-10-31T23:20:09+00:00\" \/>\n<meta name=\"twitter:card\" content=\"summary_large_image\" \/>\n<meta name=\"twitter:label1\" content=\"Gesch\u00e4tzte Lesezeit\" \/>\n\t<meta name=\"twitter:data1\" content=\"1\u00a0Minute\" \/>\n<script type=\"application\/ld+json\" class=\"yoast-schema-graph\">{\"@context\":\"https:\/\/schema.org\",\"@graph\":[{\"@type\":\"WebPage\",\"@id\":\"https:\/\/2201twb.hamburgyachting.com\/ecowb2202\/unsere-geschichte\/\",\"url\":\"https:\/\/2201twb.hamburgyachting.com\/ecowb2202\/unsere-geschichte\/\",\"name\":\"Unsere Geschichte - ecowb2202\",\"isPartOf\":{\"@id\":\"https:\/\/2201twb.hamburgyachting.com\/ecowb2202\/#website\"},\"datePublished\":\"2018-10-23T22:46:05+00:00\",\"dateModified\":\"2018-10-31T23:20:09+00:00\",\"breadcrumb\":{\"@id\":\"https:\/\/2201twb.hamburgyachting.com\/ecowb2202\/unsere-geschichte\/#breadcrumb\"},\"inLanguage\":\"de\",\"potentialAction\":[{\"@type\":\"ReadAction\",\"target\":[\"https:\/\/2201twb.hamburgyachting.com\/ecowb2202\/unsere-geschichte\/\"]}]},{\"@type\":\"BreadcrumbList\",\"@id\":\"https:\/\/2201twb.hamburgyachting.com\/ecowb2202\/unsere-geschichte\/#breadcrumb\",\"itemListElement\":[{\"@type\":\"ListItem\",\"position\":1,\"name\":\"Startseite\",\"item\":\"https:\/\/2201twb.hamburgyachting.com\/ecowb2202\/\"},{\"@type\":\"ListItem\",\"position\":2,\"name\":\"Unsere Geschichte\"}]},{\"@type\":\"WebSite\",\"@id\":\"https:\/\/2201twb.hamburgyachting.com\/ecowb2202\/#website\",\"url\":\"https:\/\/2201twb.hamburgyachting.com\/ecowb2202\/\",\"name\":\"ecowb2202\",\"description\":\"Nachhaltiges Pensions- und Verm\u00f6gensmanagement\",\"potentialAction\":[{\"@type\":\"SearchAction\",\"target\":{\"@type\":\"EntryPoint\",\"urlTemplate\":\"https:\/\/2201twb.hamburgyachting.com\/ecowb2202\/?s={search_term_string}\"},\"query-input\":{\"@type\":\"PropertyValueSpecification\",\"valueRequired\":true,\"valueName\":\"search_term_string\"}}],\"inLanguage\":\"de\"}]}<\/script>\n<!-- \/ Yoast SEO plugin. -->","yoast_head_json":{"title":"Unsere Geschichte - ecowb2202","robots":{"index":"noindex","follow":"follow","max-snippet":"max-snippet:-1","max-image-preview":"max-image-preview:large","max-video-preview":"max-video-preview:-1"},"og_locale":"de_DE","og_type":"article","og_title":"Unsere Geschichte - ecowb2202","og_description":"Unsere T\u00e4tigkeit in der Finanzdienstleistung\u00a0 begann im Jahr 2007, kurz vor Ausbruch der weltweiten Finanzkrise als Trainees bei einem gro\u00dfen Stukturvertrieb in Hamburg-Rothenbaum. Nachdem wir dort die Grundlagen der Kundenberatung und Finanzplanung kennenlernten, erweiterte sich im Jahr 2011 das T\u00e4tigkeitsfeld bei einem kleinen, aber renommierten Hamburger Beratungshaus. Neben der Beratung von Privatkunden zu Altersversorgung und [&hellip;]","og_url":"https:\/\/2201twb.hamburgyachting.com\/ecowb2202\/unsere-geschichte\/","og_site_name":"ecowb2202","article_modified_time":"2018-10-31T23:20:09+00:00","twitter_card":"summary_large_image","twitter_misc":{"Gesch\u00e4tzte Lesezeit":"1\u00a0Minute"},"schema":{"@context":"https:\/\/schema.org","@graph":[{"@type":"WebPage","@id":"https:\/\/2201twb.hamburgyachting.com\/ecowb2202\/unsere-geschichte\/","url":"https:\/\/2201twb.hamburgyachting.com\/ecowb2202\/unsere-geschichte\/","name":"Unsere Geschichte - ecowb2202","isPartOf":{"@id":"https:\/\/2201twb.hamburgyachting.com\/ecowb2202\/#website"},"datePublished":"2018-10-23T22:46:05+00:00","dateModified":"2018-10-31T23:20:09+00:00","breadcrumb":{"@id":"https:\/\/2201twb.hamburgyachting.com\/ecowb2202\/unsere-geschichte\/#breadcrumb"},"inLanguage":"de","potentialAction":[{"@type":"ReadAction","target":["https:\/\/2201twb.hamburgyachting.com\/ecowb2202\/unsere-geschichte\/"]}]},{"@type":"BreadcrumbList","@id":"https:\/\/2201twb.hamburgyachting.com\/ecowb2202\/unsere-geschichte\/#breadcrumb","itemListElement":[{"@type":"ListItem","position":1,"name":"Startseite","item":"https:\/\/2201twb.hamburgyachting.com\/ecowb2202\/"},{"@type":"ListItem","position":2,"name":"Unsere Geschichte"}]},{"@type":"WebSite","@id":"https:\/\/2201twb.hamburgyachting.com\/ecowb2202\/#website","url":"https:\/\/2201twb.hamburgyachting.com\/ecowb2202\/","name":"ecowb2202","description":"Nachhaltiges Pensions- und Verm\u00f6gensmanagement","potentialAction":[{"@type":"SearchAction","target":{"@type":"EntryPoint","urlTemplate":"https:\/\/2201twb.hamburgyachting.com\/ecowb2202\/?s={search_term_string}"},"query-input":{"@type":"PropertyValueSpecification","valueRequired":true,"valueName":"search_term_string"}}],"inLanguage":"de"}]}},"_links":{"self":[{"href":"https:\/\/2201twb.hamburgyachting.com\/ecowb2202\/wp-json\/wp\/v2\/pages\/101","targetHints":{"allow":["GET"]}}],"collection":[{"href":"https:\/\/2201twb.hamburgyachting.com\/ecowb2202\/wp-json\/wp\/v2\/pages"}],"about":[{"href":"https:\/\/2201twb.hamburgyachting.com\/ecowb2202\/wp-json\/wp\/v2\/types\/page"}],"author":[{"embeddable":true,"href":"https:\/\/2201twb.hamburgyachting.com\/ecowb2202\/wp-json\/wp\/v2\/users\/2"}],"replies":[{"embeddable":true,"href":"https:\/\/2201twb.hamburgyachting.com\/ecowb2202\/wp-json\/wp\/v2\/comments?post=101"}],"version-history":[{"count":3,"href":"https:\/\/2201twb.hamburgyachting.com\/ecowb2202\/wp-json\/wp\/v2\/pages\/101\/revisions"}],"predecessor-version":[{"id":481,"href":"https:\/\/2201twb.hamburgyachting.com\/ecowb2202\/wp-json\/wp\/v2\/pages\/101\/revisions\/481"}],"wp:attachment":[{"href":"https:\/\/2201twb.hamburgyachting.com\/ecowb2202\/wp-json\/wp\/v2\/media?parent=101"}],"curies":[{"name":"wp","href":"https:\/\/api.w.org\/{rel}","templated":true}]}}