{"id":97,"date":"2018-10-24T00:36:02","date_gmt":"2018-10-23T22:36:02","guid":{"rendered":"http:\/\/201015.greenrollerz.de\/211126ecosupreme\/?page_id=97"},"modified":"2021-11-21T16:58:04","modified_gmt":"2021-11-21T15:58:04","slug":"verantwortung-fuer-nachhaltigkeit","status":"publish","type":"page","link":"https:\/\/2201twb.hamburgyachting.com\/2302ecosupremewb\/verantwortung-fuer-nachhaltigkeit\/","title":{"rendered":"Verantwortung und Werte"},"content":{"rendered":"\n<h2 class=\"has-text-align-center wp-block-heading\"><br>Verantwortung f\u00fcr Nachhaltigkeit<\/h2>\n\n\n\n<p class=\"has-text-align-center\">Die Bank &#8211; Dein Freund? Die Versicherung &#8211; Dein Helfer?<\/p>\n\n\n\n<p class=\"has-text-align-center\">Was passiert eigentlich mit dem ganzen Geld, das die Institute f\u00fcr uns Sparer verwalten? Von den \u00fcber 6 Bio. \u20ac gesamtem Geldverm\u00f6gen der Deutschen liegen allein \u00fcber 2,5 Bio. \u20ac (das sind 2.500 Milliarden, also 2.500.000.000.000 Euro &#8230;) als Bargeld im Safe, oder werden auf Sparb\u00fcchern von den Banken nach deren Prinzipien angelegt. Welche Prinzipien sind das eigentlich? Fragen wir mal unseren Premium-Analysten Jan:<br><\/p>\n\n\n\n<figure class=\"wp-block-embed is-type-video is-provider-youtube wp-block-embed-youtube wp-embed-aspect-16-9 wp-has-aspect-ratio\"><div class=\"wp-block-embed__wrapper\">\n<div class=\"ast-oembed-container \" style=\"height: 100%;\"><iframe loading=\"lazy\" title=\"Spar Wars - Angriff der Fondskrieger | NEO MAGAZIN ROYALE mit Jan B\u00f6hmermann - ZDFneo\" width=\"500\" height=\"281\" src=\"https:\/\/www.youtube.com\/embed\/_91Gmb7HN7U?feature=oembed\" frameborder=\"0\" allow=\"accelerometer; autoplay; clipboard-write; encrypted-media; gyroscope; picture-in-picture; web-share\" referrerpolicy=\"strict-origin-when-cross-origin\" allowfullscreen><\/iframe><\/div>\n<\/div><\/figure>\n\n\n\n<p class=\"has-text-align-center\"><br>Die Verantwortung f\u00fcr den Schutz der Umwelt &#8211; den Erhalt der Artenvielfalt &#8211; das friedliche Zusammenleben der Menschen auf dem Planeten &#8211; soziale Inklusion &#8211; und die Begrenzung der Erderw\u00e4rmung: Die wachsenden  Herausforderungen an uns Menschen auf diesem Planeten sind seit vielen Jahrzehnten bekannt, und dringen seit wenigen Jahren nun endlich weiter ins kollektive Bewusstsein vor.<\/p>\n\n\n\n<p class=\"has-text-align-center\">Neben den Regierungen und den Unternehmen liegt ein grosser Teil der Handlungsm\u00f6glichkeiten und Chancen bei jede(r)m Einzelnen von uns als Konsumenten. Mit dem Kauf von \u00f6kologisch und regional produzierten, fair gehandelten Lebensmitteln beeinflussen wir das Wohlergehen von Milliarden Menschen und Tieren weltweit ebenso wie die Beschaffenheit der B\u00f6den, der Fl\u00fcsse und Meere und unseres eigenen Lebensraumes. Auch unsere Auswahl bei Bekleidung, der Nutzung von Verkehrsmitteln und der Energiebelieferung entfaltet globale Wirkungen.&nbsp;<\/p>\n\n\n\n<p class=\"has-text-align-center has-black-color has-text-color has-background\" style=\"background-color:#95d45a\">In vielen Lebensbereichen werden Konsumentscheidungen heute bereits bewusster getroffen und kritischer hinterfragt als noch vor wenigen Jahren; das Engagement von bekannten ProtagonistInnen tr\u00e4gt dazu bei. Immer mehr Produkte und Dienstleistungen ber\u00fccksichtigen die Erwartungen der Verbraucher an ethisch und \u00f6kologisch nachhaltiges Wirtschaften.<\/p>\n\n\n\n<p class=\"has-text-align-center\">Der privaten Finanzplanung und Geldanlage werden gro\u00dfe Bedeutung hinsichtlich der Zukunftsf\u00e4higkeit unserer Wirtschaft und Gesellschaft beigemessen, und es haben auch in diesem traditionell intransparenten, komplexen und emotional gepr\u00e4gten Lebensbereich Ver\u00e4nderungen begonnen. Allerdings sind diese tr\u00e4ge, und die Bereitschaft der Anbieter zu einer Orientierung \u00fcber die finanziellen und wirtschaftlichen Ziele hinaus ist immer noch gering.&nbsp;<\/p>\n\n\n\n<p class=\"has-text-align-center\">fairnanda ist angetreten, das zu \u00e4ndern: Dir als Verbraucher eine informierte Entscheidung zu erm\u00f6glichen, und die F\u00f6rderer einer auf einen ganzheitlichen gesellschaftlichen Nutzen ausgerichteten Wirtschaft zusammenzubringen.&nbsp;<br><\/p>\n\n\n\n<p class=\"has-text-align-center\"><a rel=\"noreferrer noopener\" href=\"https:\/\/2201twb.hamburgyachting.com\/2302ecosupremewb\/kontakt\/\" target=\"_blank\">Kontakt aufnehme<\/a>n<\/p>\n\n\n\n<div class=\"wp-block-image\"><figure class=\"aligncenter size-large\"><img loading=\"lazy\" decoding=\"async\" width=\"1024\" height=\"410\" src=\"https:\/\/2201twb.hamburgyachting.com\/wp-content\/uploads\/sites\/8\/2020\/03\/AdobeStock_163254966-1024x410.jpeg\" alt=\"\" class=\"wp-image-535\" srcset=\"https:\/\/2201twb.hamburgyachting.com\/2302ecosupremewb\/wp-content\/uploads\/sites\/8\/2020\/03\/AdobeStock_163254966-1024x410.jpeg 1024w, https:\/\/2201twb.hamburgyachting.com\/2302ecosupremewb\/wp-content\/uploads\/sites\/8\/2020\/03\/AdobeStock_163254966-300x120.jpeg 300w, https:\/\/2201twb.hamburgyachting.com\/2302ecosupremewb\/wp-content\/uploads\/sites\/8\/2020\/03\/AdobeStock_163254966-768x307.jpeg 768w, https:\/\/2201twb.hamburgyachting.com\/2302ecosupremewb\/wp-content\/uploads\/sites\/8\/2020\/03\/AdobeStock_163254966-1536x614.jpeg 1536w, https:\/\/2201twb.hamburgyachting.com\/2302ecosupremewb\/wp-content\/uploads\/sites\/8\/2020\/03\/AdobeStock_163254966-2048x819.jpeg 2048w\" sizes=\"auto, (max-width: 1024px) 100vw, 1024px\" \/><\/figure><\/div>\n\n\n\n<h2 class=\"has-text-align-center wp-block-heading\">Unsere Werte<\/h2>\n\n\n\n<div class=\"wp-block-group is-layout-flow wp-block-group-is-layout-flow\">\n<p class=\"has-text-align-center\">Sicherheit<\/p>\n\n\n\n<p class=\"has-text-align-center\">Rendite<\/p>\n\n\n\n<p class=\"has-text-align-center\">Umweltschutz<\/p>\n\n\n\n<p class=\"has-text-align-center\">Inklusion und sozialer Ausgleich<\/p>\n\n\n\n<p class=\"has-text-align-center\">Verbindlichkeit<\/p>\n\n\n\n<p class=\"has-text-align-center\">Ehrlichkeit<\/p>\n\n\n\n<p class=\"has-text-align-center\">Verantwortung <\/p>\n<\/div>\n\n\n\n<p class=\"has-text-align-center\"><a rel=\"noreferrer noopener\" href=\"https:\/\/2201twb.hamburgyachting.com\/2302ecosupremewb\/kontakt\/\" target=\"_blank\">Kontakt aufnehme<\/a>n<\/p>\n\n\n\n<p><\/p>\n","protected":false},"excerpt":{"rendered":"<p>Verantwortung f\u00fcr Nachhaltigkeit Die Bank &#8211; Dein Freund? Die Versicherung &#8211; Dein Helfer? Was passiert eigentlich mit dem ganzen Geld, [&hellip;]<\/p>\n","protected":false},"author":2,"featured_media":0,"parent":0,"menu_order":0,"comment_status":"closed","ping_status":"closed","template":"","meta":{"kk_blocks_editor_width":"","_kiokenblocks_attr":"","_kiokenblocks_dimensions":"","site-sidebar-layout":"default","site-content-layout":"","ast-site-content-layout":"","site-content-style":"default","site-sidebar-style":"default","ast-global-header-display":"","ast-banner-title-visibility":"","ast-main-header-display":"","ast-hfb-above-header-display":"","ast-hfb-below-header-display":"","ast-hfb-mobile-header-display":"","site-post-title":"","ast-breadcrumbs-content":"","ast-featured-img":"","footer-sml-layout":"","theme-transparent-header-meta":"","adv-header-id-meta":"","stick-header-meta":"","header-above-stick-meta":"","header-main-stick-meta":"","header-below-stick-meta":"","astra-migrate-meta-layouts":"default","ast-page-background-enabled":"default","ast-page-background-meta":{"desktop":{"background-color":"var(--ast-global-color-4)","background-image":"","background-repeat":"repeat","background-position":"center center","background-size":"auto","background-attachment":"scroll","background-type":"","background-media":"","overlay-type":"","overlay-color":"","overlay-gradient":""},"tablet":{"background-color":"","background-image":"","background-repeat":"repeat","background-position":"center center","background-size":"auto","background-attachment":"scroll","background-type":"","background-media":"","overlay-type":"","overlay-color":"","overlay-gradient":""},"mobile":{"background-color":"","background-image":"","background-repeat":"repeat","background-position":"center center","background-size":"auto","background-attachment":"scroll","background-type":"","background-media":"","overlay-type":"","overlay-color":"","overlay-gradient":""}},"ast-content-background-meta":{"desktop":{"background-color":"var(--ast-global-color-5)","background-image":"","background-repeat":"repeat","background-position":"center center","background-size":"auto","background-attachment":"scroll","background-type":"","background-media":"","overlay-type":"","overlay-color":"","overlay-gradient":""},"tablet":{"background-color":"var(--ast-global-color-5)","background-image":"","background-repeat":"repeat","background-position":"center center","background-size":"auto","background-attachment":"scroll","background-type":"","background-media":"","overlay-type":"","overlay-color":"","overlay-gradient":""},"mobile":{"background-color":"var(--ast-global-color-5)","background-image":"","background-repeat":"repeat","background-position":"center center","background-size":"auto","background-attachment":"scroll","background-type":"","background-media":"","overlay-type":"","overlay-color":"","overlay-gradient":""}},"_themeisle_gutenberg_block_has_review":false,"footnotes":""},"class_list":["post-97","page","type-page","status-publish","hentry"],"yoast_head":"<!-- This site is optimized with the Yoast SEO plugin v26.8 - https:\/\/yoast.com\/product\/yoast-seo-wordpress\/ -->\n<title>Verantwortung und Werte - 2302EcoSupremeWB<\/title>\n<meta name=\"robots\" content=\"noindex, follow, max-snippet:-1, max-image-preview:large, max-video-preview:-1\" \/>\n<meta property=\"og:locale\" content=\"de_DE\" \/>\n<meta property=\"og:type\" content=\"article\" \/>\n<meta property=\"og:title\" content=\"Verantwortung und Werte - 2302EcoSupremeWB\" \/>\n<meta property=\"og:description\" content=\"Verantwortung f\u00fcr Nachhaltigkeit Die Bank &#8211; Dein Freund? Die Versicherung &#8211; Dein Helfer? Was passiert eigentlich mit dem ganzen Geld, [&hellip;]\" \/>\n<meta property=\"og:url\" content=\"https:\/\/2201twb.hamburgyachting.com\/2302ecosupremewb\/verantwortung-fuer-nachhaltigkeit\/\" \/>\n<meta property=\"og:site_name\" content=\"2302EcoSupremeWB\" \/>\n<meta property=\"article:modified_time\" content=\"2021-11-21T15:58:04+00:00\" \/>\n<meta property=\"og:image\" content=\"https:\/\/2201twb.hamburgyachting.com\/wp-content\/uploads\/sites\/8\/2020\/03\/AdobeStock_163254966-1024x410.jpeg\" \/>\n<meta name=\"twitter:card\" content=\"summary_large_image\" \/>\n<meta name=\"twitter:label1\" content=\"Gesch\u00e4tzte Lesezeit\" \/>\n\t<meta name=\"twitter:data1\" content=\"2\u00a0Minuten\" \/>\n<script type=\"application\/ld+json\" class=\"yoast-schema-graph\">{\"@context\":\"https:\/\/schema.org\",\"@graph\":[{\"@type\":\"WebPage\",\"@id\":\"https:\/\/2201twb.hamburgyachting.com\/2302ecosupremewb\/verantwortung-fuer-nachhaltigkeit\/\",\"url\":\"https:\/\/2201twb.hamburgyachting.com\/2302ecosupremewb\/verantwortung-fuer-nachhaltigkeit\/\",\"name\":\"Verantwortung und Werte - 2302EcoSupremeWB\",\"isPartOf\":{\"@id\":\"https:\/\/2201twb.hamburgyachting.com\/2302ecosupremewb\/#website\"},\"primaryImageOfPage\":{\"@id\":\"https:\/\/2201twb.hamburgyachting.com\/2302ecosupremewb\/verantwortung-fuer-nachhaltigkeit\/#primaryimage\"},\"image\":{\"@id\":\"https:\/\/2201twb.hamburgyachting.com\/2302ecosupremewb\/verantwortung-fuer-nachhaltigkeit\/#primaryimage\"},\"thumbnailUrl\":\"https:\/\/2201twb.hamburgyachting.com\/wp-content\/uploads\/sites\/8\/2020\/03\/AdobeStock_163254966-1024x410.jpeg\",\"datePublished\":\"2018-10-23T22:36:02+00:00\",\"dateModified\":\"2021-11-21T15:58:04+00:00\",\"breadcrumb\":{\"@id\":\"https:\/\/2201twb.hamburgyachting.com\/2302ecosupremewb\/verantwortung-fuer-nachhaltigkeit\/#breadcrumb\"},\"inLanguage\":\"de\",\"potentialAction\":[{\"@type\":\"ReadAction\",\"target\":[\"https:\/\/2201twb.hamburgyachting.com\/2302ecosupremewb\/verantwortung-fuer-nachhaltigkeit\/\"]}]},{\"@type\":\"ImageObject\",\"inLanguage\":\"de\",\"@id\":\"https:\/\/2201twb.hamburgyachting.com\/2302ecosupremewb\/verantwortung-fuer-nachhaltigkeit\/#primaryimage\",\"url\":\"https:\/\/2201twb.hamburgyachting.com\/wp-content\/uploads\/sites\/8\/2020\/03\/AdobeStock_163254966-1024x410.jpeg\",\"contentUrl\":\"https:\/\/2201twb.hamburgyachting.com\/wp-content\/uploads\/sites\/8\/2020\/03\/AdobeStock_163254966-1024x410.jpeg\"},{\"@type\":\"BreadcrumbList\",\"@id\":\"https:\/\/2201twb.hamburgyachting.com\/2302ecosupremewb\/verantwortung-fuer-nachhaltigkeit\/#breadcrumb\",\"itemListElement\":[{\"@type\":\"ListItem\",\"position\":1,\"name\":\"Startseite\",\"item\":\"https:\/\/2201twb.hamburgyachting.com\/2302ecosupremewb\/\"},{\"@type\":\"ListItem\",\"position\":2,\"name\":\"Verantwortung und Werte\"}]},{\"@type\":\"WebSite\",\"@id\":\"https:\/\/2201twb.hamburgyachting.com\/2302ecosupremewb\/#website\",\"url\":\"https:\/\/2201twb.hamburgyachting.com\/2302ecosupremewb\/\",\"name\":\"2302EcoSupremeWB\",\"description\":\"Nachhaltiges Pensions- und Verm\u00f6gensmanagement\",\"publisher\":{\"@id\":\"https:\/\/2201twb.hamburgyachting.com\/2302ecosupremewb\/#organization\"},\"potentialAction\":[{\"@type\":\"SearchAction\",\"target\":{\"@type\":\"EntryPoint\",\"urlTemplate\":\"https:\/\/2201twb.hamburgyachting.com\/2302ecosupremewb\/?s={search_term_string}\"},\"query-input\":{\"@type\":\"PropertyValueSpecification\",\"valueRequired\":true,\"valueName\":\"search_term_string\"}}],\"inLanguage\":\"de\"},{\"@type\":\"Organization\",\"@id\":\"https:\/\/2201twb.hamburgyachting.com\/2302ecosupremewb\/#organization\",\"name\":\"2302EcoSupremeWB\",\"url\":\"https:\/\/2201twb.hamburgyachting.com\/2302ecosupremewb\/\",\"logo\":{\"@type\":\"ImageObject\",\"inLanguage\":\"de\",\"@id\":\"https:\/\/2201twb.hamburgyachting.com\/2302ecosupremewb\/#\/schema\/logo\/image\/\",\"url\":\"https:\/\/2201twb.hamburgyachting.com\/2302ecosupremewb\/wp-content\/uploads\/sites\/8\/2019\/11\/cropped-1901_lion-feline-2402715_1920-e1637945662360.jpg\",\"contentUrl\":\"https:\/\/2201twb.hamburgyachting.com\/2302ecosupremewb\/wp-content\/uploads\/sites\/8\/2019\/11\/cropped-1901_lion-feline-2402715_1920-e1637945662360.jpg\",\"width\":100,\"height\":100,\"caption\":\"2302EcoSupremeWB\"},\"image\":{\"@id\":\"https:\/\/2201twb.hamburgyachting.com\/2302ecosupremewb\/#\/schema\/logo\/image\/\"}}]}<\/script>\n<!-- \/ Yoast SEO plugin. -->","yoast_head_json":{"title":"Verantwortung und Werte - 2302EcoSupremeWB","robots":{"index":"noindex","follow":"follow","max-snippet":"max-snippet:-1","max-image-preview":"max-image-preview:large","max-video-preview":"max-video-preview:-1"},"og_locale":"de_DE","og_type":"article","og_title":"Verantwortung und Werte - 2302EcoSupremeWB","og_description":"Verantwortung f\u00fcr Nachhaltigkeit Die Bank &#8211; Dein Freund? Die Versicherung &#8211; Dein Helfer? Was passiert eigentlich mit dem ganzen Geld, [&hellip;]","og_url":"https:\/\/2201twb.hamburgyachting.com\/2302ecosupremewb\/verantwortung-fuer-nachhaltigkeit\/","og_site_name":"2302EcoSupremeWB","article_modified_time":"2021-11-21T15:58:04+00:00","og_image":[{"url":"https:\/\/2201twb.hamburgyachting.com\/wp-content\/uploads\/sites\/8\/2020\/03\/AdobeStock_163254966-1024x410.jpeg","type":"","width":"","height":""}],"twitter_card":"summary_large_image","twitter_misc":{"Gesch\u00e4tzte Lesezeit":"2\u00a0Minuten"},"schema":{"@context":"https:\/\/schema.org","@graph":[{"@type":"WebPage","@id":"https:\/\/2201twb.hamburgyachting.com\/2302ecosupremewb\/verantwortung-fuer-nachhaltigkeit\/","url":"https:\/\/2201twb.hamburgyachting.com\/2302ecosupremewb\/verantwortung-fuer-nachhaltigkeit\/","name":"Verantwortung und Werte - 2302EcoSupremeWB","isPartOf":{"@id":"https:\/\/2201twb.hamburgyachting.com\/2302ecosupremewb\/#website"},"primaryImageOfPage":{"@id":"https:\/\/2201twb.hamburgyachting.com\/2302ecosupremewb\/verantwortung-fuer-nachhaltigkeit\/#primaryimage"},"image":{"@id":"https:\/\/2201twb.hamburgyachting.com\/2302ecosupremewb\/verantwortung-fuer-nachhaltigkeit\/#primaryimage"},"thumbnailUrl":"https:\/\/2201twb.hamburgyachting.com\/wp-content\/uploads\/sites\/8\/2020\/03\/AdobeStock_163254966-1024x410.jpeg","datePublished":"2018-10-23T22:36:02+00:00","dateModified":"2021-11-21T15:58:04+00:00","breadcrumb":{"@id":"https:\/\/2201twb.hamburgyachting.com\/2302ecosupremewb\/verantwortung-fuer-nachhaltigkeit\/#breadcrumb"},"inLanguage":"de","potentialAction":[{"@type":"ReadAction","target":["https:\/\/2201twb.hamburgyachting.com\/2302ecosupremewb\/verantwortung-fuer-nachhaltigkeit\/"]}]},{"@type":"ImageObject","inLanguage":"de","@id":"https:\/\/2201twb.hamburgyachting.com\/2302ecosupremewb\/verantwortung-fuer-nachhaltigkeit\/#primaryimage","url":"https:\/\/2201twb.hamburgyachting.com\/wp-content\/uploads\/sites\/8\/2020\/03\/AdobeStock_163254966-1024x410.jpeg","contentUrl":"https:\/\/2201twb.hamburgyachting.com\/wp-content\/uploads\/sites\/8\/2020\/03\/AdobeStock_163254966-1024x410.jpeg"},{"@type":"BreadcrumbList","@id":"https:\/\/2201twb.hamburgyachting.com\/2302ecosupremewb\/verantwortung-fuer-nachhaltigkeit\/#breadcrumb","itemListElement":[{"@type":"ListItem","position":1,"name":"Startseite","item":"https:\/\/2201twb.hamburgyachting.com\/2302ecosupremewb\/"},{"@type":"ListItem","position":2,"name":"Verantwortung und Werte"}]},{"@type":"WebSite","@id":"https:\/\/2201twb.hamburgyachting.com\/2302ecosupremewb\/#website","url":"https:\/\/2201twb.hamburgyachting.com\/2302ecosupremewb\/","name":"2302EcoSupremeWB","description":"Nachhaltiges Pensions- und Verm\u00f6gensmanagement","publisher":{"@id":"https:\/\/2201twb.hamburgyachting.com\/2302ecosupremewb\/#organization"},"potentialAction":[{"@type":"SearchAction","target":{"@type":"EntryPoint","urlTemplate":"https:\/\/2201twb.hamburgyachting.com\/2302ecosupremewb\/?s={search_term_string}"},"query-input":{"@type":"PropertyValueSpecification","valueRequired":true,"valueName":"search_term_string"}}],"inLanguage":"de"},{"@type":"Organization","@id":"https:\/\/2201twb.hamburgyachting.com\/2302ecosupremewb\/#organization","name":"2302EcoSupremeWB","url":"https:\/\/2201twb.hamburgyachting.com\/2302ecosupremewb\/","logo":{"@type":"ImageObject","inLanguage":"de","@id":"https:\/\/2201twb.hamburgyachting.com\/2302ecosupremewb\/#\/schema\/logo\/image\/","url":"https:\/\/2201twb.hamburgyachting.com\/2302ecosupremewb\/wp-content\/uploads\/sites\/8\/2019\/11\/cropped-1901_lion-feline-2402715_1920-e1637945662360.jpg","contentUrl":"https:\/\/2201twb.hamburgyachting.com\/2302ecosupremewb\/wp-content\/uploads\/sites\/8\/2019\/11\/cropped-1901_lion-feline-2402715_1920-e1637945662360.jpg","width":100,"height":100,"caption":"2302EcoSupremeWB"},"image":{"@id":"https:\/\/2201twb.hamburgyachting.com\/2302ecosupremewb\/#\/schema\/logo\/image\/"}}]}},"_links":{"self":[{"href":"https:\/\/2201twb.hamburgyachting.com\/2302ecosupremewb\/wp-json\/wp\/v2\/pages\/97","targetHints":{"allow":["GET"]}}],"collection":[{"href":"https:\/\/2201twb.hamburgyachting.com\/2302ecosupremewb\/wp-json\/wp\/v2\/pages"}],"about":[{"href":"https:\/\/2201twb.hamburgyachting.com\/2302ecosupremewb\/wp-json\/wp\/v2\/types\/page"}],"author":[{"embeddable":true,"href":"https:\/\/2201twb.hamburgyachting.com\/2302ecosupremewb\/wp-json\/wp\/v2\/users\/2"}],"replies":[{"embeddable":true,"href":"https:\/\/2201twb.hamburgyachting.com\/2302ecosupremewb\/wp-json\/wp\/v2\/comments?post=97"}],"version-history":[{"count":28,"href":"https:\/\/2201twb.hamburgyachting.com\/2302ecosupremewb\/wp-json\/wp\/v2\/pages\/97\/revisions"}],"predecessor-version":[{"id":743,"href":"https:\/\/2201twb.hamburgyachting.com\/2302ecosupremewb\/wp-json\/wp\/v2\/pages\/97\/revisions\/743"}],"wp:attachment":[{"href":"https:\/\/2201twb.hamburgyachting.com\/2302ecosupremewb\/wp-json\/wp\/v2\/media?parent=97"}],"curies":[{"name":"wp","href":"https:\/\/api.w.org\/{rel}","templated":true}]}}