{"id":298,"date":"2019-12-12T01:25:32","date_gmt":"2019-12-12T00:25:32","guid":{"rendered":"http:\/\/201015.greenrollerz.de\/211126ecosupreme\/?page_id=298"},"modified":"2020-02-16T22:09:38","modified_gmt":"2020-02-16T21:09:38","slug":"absicherung","status":"publish","type":"page","link":"https:\/\/2201twb.hamburgyachting.com\/2302ecosupremewb\/absicherung\/","title":{"rendered":"Absicherung"},"content":{"rendered":"\n<h2 class=\"has-text-align-center wp-block-heading\">Absicherung<\/h2>\n\n\n\n<p>Zu Deinem sinnvollen und kompletten Verm\u00f6genskonzept geh\u00f6rt immer die Frage, wie Deine pers\u00f6nlichen Risiken abgedeckt sind. Zuviele Versicherungen sind unn\u00f6tig &#8211; zuwenige unvern\u00fcnftig. <\/p>\n\n\n\n<p class=\"has-background has-light-green-cyan-background-color\">F\u00fcr Dein pers\u00f6nliches Mass an Absicherung besprechen wir Deine individuelle Situation und Deine Priorit\u00e4ten &#8211; und bieten Dir die L\u00f6sungen mit dem besten Preis-Leistungs-Verh\u00e4ltnis. Zus\u00e4tzlich ber\u00fccksichtigen wir die soziale und \u00f6kologische Wirkung Deiner Absicherung &#8211; f\u00fcr einen nachhaltigen Effekt auf die Gesellschaft!<\/p>\n\n\n\n<p><\/p>\n","protected":false},"excerpt":{"rendered":"<p>Absicherung Zu Deinem sinnvollen und kompletten Verm\u00f6genskonzept geh\u00f6rt immer die Frage, wie Deine pers\u00f6nlichen Risiken abgedeckt sind. Zuviele Versicherungen sind [&hellip;]<\/p>\n","protected":false},"author":2,"featured_media":0,"parent":0,"menu_order":0,"comment_status":"closed","ping_status":"closed","template":"","meta":{"kk_blocks_editor_width":"","_kiokenblocks_attr":"","_kiokenblocks_dimensions":"","site-sidebar-layout":"default","site-content-layout":"","ast-site-content-layout":"","site-content-style":"default","site-sidebar-style":"default","ast-global-header-display":"","ast-banner-title-visibility":"","ast-main-header-display":"","ast-hfb-above-header-display":"","ast-hfb-below-header-display":"","ast-hfb-mobile-header-display":"","site-post-title":"","ast-breadcrumbs-content":"","ast-featured-img":"","footer-sml-layout":"","theme-transparent-header-meta":"","adv-header-id-meta":"","stick-header-meta":"","header-above-stick-meta":"","header-main-stick-meta":"","header-below-stick-meta":"","astra-migrate-meta-layouts":"default","ast-page-background-enabled":"default","ast-page-background-meta":{"desktop":{"background-color":"var(--ast-global-color-4)","background-image":"","background-repeat":"repeat","background-position":"center center","background-size":"auto","background-attachment":"scroll","background-type":"","background-media":"","overlay-type":"","overlay-color":"","overlay-gradient":""},"tablet":{"background-color":"","background-image":"","background-repeat":"repeat","background-position":"center center","background-size":"auto","background-attachment":"scroll","background-type":"","background-media":"","overlay-type":"","overlay-color":"","overlay-gradient":""},"mobile":{"background-color":"","background-image":"","background-repeat":"repeat","background-position":"center center","background-size":"auto","background-attachment":"scroll","background-type":"","background-media":"","overlay-type":"","overlay-color":"","overlay-gradient":""}},"ast-content-background-meta":{"desktop":{"background-color":"var(--ast-global-color-5)","background-image":"","background-repeat":"repeat","background-position":"center center","background-size":"auto","background-attachment":"scroll","background-type":"","background-media":"","overlay-type":"","overlay-color":"","overlay-gradient":""},"tablet":{"background-color":"var(--ast-global-color-5)","background-image":"","background-repeat":"repeat","background-position":"center center","background-size":"auto","background-attachment":"scroll","background-type":"","background-media":"","overlay-type":"","overlay-color":"","overlay-gradient":""},"mobile":{"background-color":"var(--ast-global-color-5)","background-image":"","background-repeat":"repeat","background-position":"center center","background-size":"auto","background-attachment":"scroll","background-type":"","background-media":"","overlay-type":"","overlay-color":"","overlay-gradient":""}},"_themeisle_gutenberg_block_has_review":false,"footnotes":""},"class_list":["post-298","page","type-page","status-publish","hentry"],"yoast_head":"<!-- This site is optimized with the Yoast SEO plugin v26.8 - https:\/\/yoast.com\/product\/yoast-seo-wordpress\/ -->\n<title>Absicherung - 2302EcoSupremeWB<\/title>\n<meta name=\"robots\" content=\"noindex, follow, max-snippet:-1, max-image-preview:large, max-video-preview:-1\" \/>\n<meta property=\"og:locale\" content=\"de_DE\" \/>\n<meta property=\"og:type\" content=\"article\" \/>\n<meta property=\"og:title\" content=\"Absicherung - 2302EcoSupremeWB\" \/>\n<meta property=\"og:description\" content=\"Absicherung Zu Deinem sinnvollen und kompletten Verm\u00f6genskonzept geh\u00f6rt immer die Frage, wie Deine pers\u00f6nlichen Risiken abgedeckt sind. Zuviele Versicherungen sind [&hellip;]\" \/>\n<meta property=\"og:url\" content=\"https:\/\/2201twb.hamburgyachting.com\/2302ecosupremewb\/absicherung\/\" \/>\n<meta property=\"og:site_name\" content=\"2302EcoSupremeWB\" \/>\n<meta property=\"article:modified_time\" content=\"2020-02-16T21:09:38+00:00\" \/>\n<meta name=\"twitter:card\" content=\"summary_large_image\" \/>\n<script type=\"application\/ld+json\" class=\"yoast-schema-graph\">{\"@context\":\"https:\/\/schema.org\",\"@graph\":[{\"@type\":\"WebPage\",\"@id\":\"https:\/\/2201twb.hamburgyachting.com\/2302ecosupremewb\/absicherung\/\",\"url\":\"https:\/\/2201twb.hamburgyachting.com\/2302ecosupremewb\/absicherung\/\",\"name\":\"Absicherung - 2302EcoSupremeWB\",\"isPartOf\":{\"@id\":\"https:\/\/2201twb.hamburgyachting.com\/2302ecosupremewb\/#website\"},\"datePublished\":\"2019-12-12T00:25:32+00:00\",\"dateModified\":\"2020-02-16T21:09:38+00:00\",\"breadcrumb\":{\"@id\":\"https:\/\/2201twb.hamburgyachting.com\/2302ecosupremewb\/absicherung\/#breadcrumb\"},\"inLanguage\":\"de\",\"potentialAction\":[{\"@type\":\"ReadAction\",\"target\":[\"https:\/\/2201twb.hamburgyachting.com\/2302ecosupremewb\/absicherung\/\"]}]},{\"@type\":\"BreadcrumbList\",\"@id\":\"https:\/\/2201twb.hamburgyachting.com\/2302ecosupremewb\/absicherung\/#breadcrumb\",\"itemListElement\":[{\"@type\":\"ListItem\",\"position\":1,\"name\":\"Startseite\",\"item\":\"https:\/\/2201twb.hamburgyachting.com\/2302ecosupremewb\/\"},{\"@type\":\"ListItem\",\"position\":2,\"name\":\"Absicherung\"}]},{\"@type\":\"WebSite\",\"@id\":\"https:\/\/2201twb.hamburgyachting.com\/2302ecosupremewb\/#website\",\"url\":\"https:\/\/2201twb.hamburgyachting.com\/2302ecosupremewb\/\",\"name\":\"2302EcoSupremeWB\",\"description\":\"Nachhaltiges Pensions- und Verm\u00f6gensmanagement\",\"publisher\":{\"@id\":\"https:\/\/2201twb.hamburgyachting.com\/2302ecosupremewb\/#organization\"},\"potentialAction\":[{\"@type\":\"SearchAction\",\"target\":{\"@type\":\"EntryPoint\",\"urlTemplate\":\"https:\/\/2201twb.hamburgyachting.com\/2302ecosupremewb\/?s={search_term_string}\"},\"query-input\":{\"@type\":\"PropertyValueSpecification\",\"valueRequired\":true,\"valueName\":\"search_term_string\"}}],\"inLanguage\":\"de\"},{\"@type\":\"Organization\",\"@id\":\"https:\/\/2201twb.hamburgyachting.com\/2302ecosupremewb\/#organization\",\"name\":\"2302EcoSupremeWB\",\"url\":\"https:\/\/2201twb.hamburgyachting.com\/2302ecosupremewb\/\",\"logo\":{\"@type\":\"ImageObject\",\"inLanguage\":\"de\",\"@id\":\"https:\/\/2201twb.hamburgyachting.com\/2302ecosupremewb\/#\/schema\/logo\/image\/\",\"url\":\"https:\/\/2201twb.hamburgyachting.com\/2302ecosupremewb\/wp-content\/uploads\/sites\/8\/2019\/11\/cropped-1901_lion-feline-2402715_1920-e1637945662360.jpg\",\"contentUrl\":\"https:\/\/2201twb.hamburgyachting.com\/2302ecosupremewb\/wp-content\/uploads\/sites\/8\/2019\/11\/cropped-1901_lion-feline-2402715_1920-e1637945662360.jpg\",\"width\":100,\"height\":100,\"caption\":\"2302EcoSupremeWB\"},\"image\":{\"@id\":\"https:\/\/2201twb.hamburgyachting.com\/2302ecosupremewb\/#\/schema\/logo\/image\/\"}}]}<\/script>\n<!-- \/ Yoast SEO plugin. -->","yoast_head_json":{"title":"Absicherung - 2302EcoSupremeWB","robots":{"index":"noindex","follow":"follow","max-snippet":"max-snippet:-1","max-image-preview":"max-image-preview:large","max-video-preview":"max-video-preview:-1"},"og_locale":"de_DE","og_type":"article","og_title":"Absicherung - 2302EcoSupremeWB","og_description":"Absicherung Zu Deinem sinnvollen und kompletten Verm\u00f6genskonzept geh\u00f6rt immer die Frage, wie Deine pers\u00f6nlichen Risiken abgedeckt sind. Zuviele Versicherungen sind [&hellip;]","og_url":"https:\/\/2201twb.hamburgyachting.com\/2302ecosupremewb\/absicherung\/","og_site_name":"2302EcoSupremeWB","article_modified_time":"2020-02-16T21:09:38+00:00","twitter_card":"summary_large_image","schema":{"@context":"https:\/\/schema.org","@graph":[{"@type":"WebPage","@id":"https:\/\/2201twb.hamburgyachting.com\/2302ecosupremewb\/absicherung\/","url":"https:\/\/2201twb.hamburgyachting.com\/2302ecosupremewb\/absicherung\/","name":"Absicherung - 2302EcoSupremeWB","isPartOf":{"@id":"https:\/\/2201twb.hamburgyachting.com\/2302ecosupremewb\/#website"},"datePublished":"2019-12-12T00:25:32+00:00","dateModified":"2020-02-16T21:09:38+00:00","breadcrumb":{"@id":"https:\/\/2201twb.hamburgyachting.com\/2302ecosupremewb\/absicherung\/#breadcrumb"},"inLanguage":"de","potentialAction":[{"@type":"ReadAction","target":["https:\/\/2201twb.hamburgyachting.com\/2302ecosupremewb\/absicherung\/"]}]},{"@type":"BreadcrumbList","@id":"https:\/\/2201twb.hamburgyachting.com\/2302ecosupremewb\/absicherung\/#breadcrumb","itemListElement":[{"@type":"ListItem","position":1,"name":"Startseite","item":"https:\/\/2201twb.hamburgyachting.com\/2302ecosupremewb\/"},{"@type":"ListItem","position":2,"name":"Absicherung"}]},{"@type":"WebSite","@id":"https:\/\/2201twb.hamburgyachting.com\/2302ecosupremewb\/#website","url":"https:\/\/2201twb.hamburgyachting.com\/2302ecosupremewb\/","name":"2302EcoSupremeWB","description":"Nachhaltiges Pensions- und Verm\u00f6gensmanagement","publisher":{"@id":"https:\/\/2201twb.hamburgyachting.com\/2302ecosupremewb\/#organization"},"potentialAction":[{"@type":"SearchAction","target":{"@type":"EntryPoint","urlTemplate":"https:\/\/2201twb.hamburgyachting.com\/2302ecosupremewb\/?s={search_term_string}"},"query-input":{"@type":"PropertyValueSpecification","valueRequired":true,"valueName":"search_term_string"}}],"inLanguage":"de"},{"@type":"Organization","@id":"https:\/\/2201twb.hamburgyachting.com\/2302ecosupremewb\/#organization","name":"2302EcoSupremeWB","url":"https:\/\/2201twb.hamburgyachting.com\/2302ecosupremewb\/","logo":{"@type":"ImageObject","inLanguage":"de","@id":"https:\/\/2201twb.hamburgyachting.com\/2302ecosupremewb\/#\/schema\/logo\/image\/","url":"https:\/\/2201twb.hamburgyachting.com\/2302ecosupremewb\/wp-content\/uploads\/sites\/8\/2019\/11\/cropped-1901_lion-feline-2402715_1920-e1637945662360.jpg","contentUrl":"https:\/\/2201twb.hamburgyachting.com\/2302ecosupremewb\/wp-content\/uploads\/sites\/8\/2019\/11\/cropped-1901_lion-feline-2402715_1920-e1637945662360.jpg","width":100,"height":100,"caption":"2302EcoSupremeWB"},"image":{"@id":"https:\/\/2201twb.hamburgyachting.com\/2302ecosupremewb\/#\/schema\/logo\/image\/"}}]}},"_links":{"self":[{"href":"https:\/\/2201twb.hamburgyachting.com\/2302ecosupremewb\/wp-json\/wp\/v2\/pages\/298","targetHints":{"allow":["GET"]}}],"collection":[{"href":"https:\/\/2201twb.hamburgyachting.com\/2302ecosupremewb\/wp-json\/wp\/v2\/pages"}],"about":[{"href":"https:\/\/2201twb.hamburgyachting.com\/2302ecosupremewb\/wp-json\/wp\/v2\/types\/page"}],"author":[{"embeddable":true,"href":"https:\/\/2201twb.hamburgyachting.com\/2302ecosupremewb\/wp-json\/wp\/v2\/users\/2"}],"replies":[{"embeddable":true,"href":"https:\/\/2201twb.hamburgyachting.com\/2302ecosupremewb\/wp-json\/wp\/v2\/comments?post=298"}],"version-history":[{"count":8,"href":"https:\/\/2201twb.hamburgyachting.com\/2302ecosupremewb\/wp-json\/wp\/v2\/pages\/298\/revisions"}],"predecessor-version":[{"id":341,"href":"https:\/\/2201twb.hamburgyachting.com\/2302ecosupremewb\/wp-json\/wp\/v2\/pages\/298\/revisions\/341"}],"wp:attachment":[{"href":"https:\/\/2201twb.hamburgyachting.com\/2302ecosupremewb\/wp-json\/wp\/v2\/media?parent=298"}],"curies":[{"name":"wp","href":"https:\/\/api.w.org\/{rel}","templated":true}]}}