{"id":28,"date":"2018-10-23T00:26:07","date_gmt":"2018-10-22T22:26:07","guid":{"rendered":"http:\/\/201015.greenrollerz.de\/211126ecosupreme\/?page_id=28"},"modified":"2018-10-24T00:08:07","modified_gmt":"2018-10-23T22:08:07","slug":"immobilie-als-kapitalanlage","status":"publish","type":"page","link":"https:\/\/2201twb.hamburgyachting.com\/2302ecosupremewb\/immobilie-als-kapitalanlage\/","title":{"rendered":"Immobilien"},"content":{"rendered":"<p>Mit den f\u00fchrenden Entwicklungspartnern Deutschlands erstellen wir Konzepte im Bestand, als Neubau oder im Denkmal in den beliebtesten deutschen Gro\u00dfst\u00e4dten. Angesichts der sehr hohen Nachfrage sind die Objekte oftmals nur sehr kurze Zeit am Markt verf\u00fcgbar. Die Finanzierung sollte daher bereits vorab sicher geplant und vom Finanzierungspartner zugesagt sein. Wir unterst\u00fctzen Sie auch dabei professionell mit Expertise, und finden mit Ihnen das richtige Finanzierungskonzept und den richtigen Partner.<\/p>\n","protected":false},"excerpt":{"rendered":"<p>Mit den f\u00fchrenden Entwicklungspartnern Deutschlands erstellen wir Konzepte im Bestand, als Neubau oder im Denkmal in den beliebtesten deutschen Gro\u00dfst\u00e4dten. [&hellip;]<\/p>\n","protected":false},"author":2,"featured_media":0,"parent":0,"menu_order":0,"comment_status":"closed","ping_status":"closed","template":"","meta":{"kk_blocks_editor_width":"","_kiokenblocks_attr":"","_kiokenblocks_dimensions":"","site-sidebar-layout":"default","site-content-layout":"","ast-site-content-layout":"","site-content-style":"default","site-sidebar-style":"default","ast-global-header-display":"","ast-banner-title-visibility":"","ast-main-header-display":"","ast-hfb-above-header-display":"","ast-hfb-below-header-display":"","ast-hfb-mobile-header-display":"","site-post-title":"","ast-breadcrumbs-content":"","ast-featured-img":"","footer-sml-layout":"","theme-transparent-header-meta":"","adv-header-id-meta":"","stick-header-meta":"","header-above-stick-meta":"","header-main-stick-meta":"","header-below-stick-meta":"","astra-migrate-meta-layouts":"default","ast-page-background-enabled":"default","ast-page-background-meta":{"desktop":{"background-color":"var(--ast-global-color-4)","background-image":"","background-repeat":"repeat","background-position":"center center","background-size":"auto","background-attachment":"scroll","background-type":"","background-media":"","overlay-type":"","overlay-color":"","overlay-gradient":""},"tablet":{"background-color":"","background-image":"","background-repeat":"repeat","background-position":"center center","background-size":"auto","background-attachment":"scroll","background-type":"","background-media":"","overlay-type":"","overlay-color":"","overlay-gradient":""},"mobile":{"background-color":"","background-image":"","background-repeat":"repeat","background-position":"center center","background-size":"auto","background-attachment":"scroll","background-type":"","background-media":"","overlay-type":"","overlay-color":"","overlay-gradient":""}},"ast-content-background-meta":{"desktop":{"background-color":"var(--ast-global-color-5)","background-image":"","background-repeat":"repeat","background-position":"center center","background-size":"auto","background-attachment":"scroll","background-type":"","background-media":"","overlay-type":"","overlay-color":"","overlay-gradient":""},"tablet":{"background-color":"var(--ast-global-color-5)","background-image":"","background-repeat":"repeat","background-position":"center center","background-size":"auto","background-attachment":"scroll","background-type":"","background-media":"","overlay-type":"","overlay-color":"","overlay-gradient":""},"mobile":{"background-color":"var(--ast-global-color-5)","background-image":"","background-repeat":"repeat","background-position":"center center","background-size":"auto","background-attachment":"scroll","background-type":"","background-media":"","overlay-type":"","overlay-color":"","overlay-gradient":""}},"_themeisle_gutenberg_block_has_review":false,"footnotes":""},"class_list":["post-28","page","type-page","status-publish","hentry"],"yoast_head":"<!-- This site is optimized with the Yoast SEO plugin v26.8 - https:\/\/yoast.com\/product\/yoast-seo-wordpress\/ -->\n<title>Immobilien - 2302EcoSupremeWB<\/title>\n<meta name=\"robots\" content=\"noindex, follow, max-snippet:-1, max-image-preview:large, max-video-preview:-1\" \/>\n<meta property=\"og:locale\" content=\"de_DE\" \/>\n<meta property=\"og:type\" content=\"article\" \/>\n<meta property=\"og:title\" content=\"Immobilien - 2302EcoSupremeWB\" \/>\n<meta property=\"og:description\" content=\"Mit den f\u00fchrenden Entwicklungspartnern Deutschlands erstellen wir Konzepte im Bestand, als Neubau oder im Denkmal in den beliebtesten deutschen Gro\u00dfst\u00e4dten. [&hellip;]\" \/>\n<meta property=\"og:url\" content=\"https:\/\/2201twb.hamburgyachting.com\/2302ecosupremewb\/immobilie-als-kapitalanlage\/\" \/>\n<meta property=\"og:site_name\" content=\"2302EcoSupremeWB\" \/>\n<meta property=\"article:modified_time\" content=\"2018-10-23T22:08:07+00:00\" \/>\n<meta name=\"twitter:card\" content=\"summary_large_image\" \/>\n<script type=\"application\/ld+json\" class=\"yoast-schema-graph\">{\"@context\":\"https:\/\/schema.org\",\"@graph\":[{\"@type\":\"WebPage\",\"@id\":\"https:\/\/2201twb.hamburgyachting.com\/2302ecosupremewb\/immobilie-als-kapitalanlage\/\",\"url\":\"https:\/\/2201twb.hamburgyachting.com\/2302ecosupremewb\/immobilie-als-kapitalanlage\/\",\"name\":\"Immobilien - 2302EcoSupremeWB\",\"isPartOf\":{\"@id\":\"https:\/\/2201twb.hamburgyachting.com\/2302ecosupremewb\/#website\"},\"datePublished\":\"2018-10-22T22:26:07+00:00\",\"dateModified\":\"2018-10-23T22:08:07+00:00\",\"breadcrumb\":{\"@id\":\"https:\/\/2201twb.hamburgyachting.com\/2302ecosupremewb\/immobilie-als-kapitalanlage\/#breadcrumb\"},\"inLanguage\":\"de\",\"potentialAction\":[{\"@type\":\"ReadAction\",\"target\":[\"https:\/\/2201twb.hamburgyachting.com\/2302ecosupremewb\/immobilie-als-kapitalanlage\/\"]}]},{\"@type\":\"BreadcrumbList\",\"@id\":\"https:\/\/2201twb.hamburgyachting.com\/2302ecosupremewb\/immobilie-als-kapitalanlage\/#breadcrumb\",\"itemListElement\":[{\"@type\":\"ListItem\",\"position\":1,\"name\":\"Startseite\",\"item\":\"https:\/\/2201twb.hamburgyachting.com\/2302ecosupremewb\/\"},{\"@type\":\"ListItem\",\"position\":2,\"name\":\"Immobilien\"}]},{\"@type\":\"WebSite\",\"@id\":\"https:\/\/2201twb.hamburgyachting.com\/2302ecosupremewb\/#website\",\"url\":\"https:\/\/2201twb.hamburgyachting.com\/2302ecosupremewb\/\",\"name\":\"2302EcoSupremeWB\",\"description\":\"Nachhaltiges Pensions- und Verm\u00f6gensmanagement\",\"publisher\":{\"@id\":\"https:\/\/2201twb.hamburgyachting.com\/2302ecosupremewb\/#organization\"},\"potentialAction\":[{\"@type\":\"SearchAction\",\"target\":{\"@type\":\"EntryPoint\",\"urlTemplate\":\"https:\/\/2201twb.hamburgyachting.com\/2302ecosupremewb\/?s={search_term_string}\"},\"query-input\":{\"@type\":\"PropertyValueSpecification\",\"valueRequired\":true,\"valueName\":\"search_term_string\"}}],\"inLanguage\":\"de\"},{\"@type\":\"Organization\",\"@id\":\"https:\/\/2201twb.hamburgyachting.com\/2302ecosupremewb\/#organization\",\"name\":\"2302EcoSupremeWB\",\"url\":\"https:\/\/2201twb.hamburgyachting.com\/2302ecosupremewb\/\",\"logo\":{\"@type\":\"ImageObject\",\"inLanguage\":\"de\",\"@id\":\"https:\/\/2201twb.hamburgyachting.com\/2302ecosupremewb\/#\/schema\/logo\/image\/\",\"url\":\"https:\/\/2201twb.hamburgyachting.com\/2302ecosupremewb\/wp-content\/uploads\/sites\/8\/2019\/11\/cropped-1901_lion-feline-2402715_1920-e1637945662360.jpg\",\"contentUrl\":\"https:\/\/2201twb.hamburgyachting.com\/2302ecosupremewb\/wp-content\/uploads\/sites\/8\/2019\/11\/cropped-1901_lion-feline-2402715_1920-e1637945662360.jpg\",\"width\":100,\"height\":100,\"caption\":\"2302EcoSupremeWB\"},\"image\":{\"@id\":\"https:\/\/2201twb.hamburgyachting.com\/2302ecosupremewb\/#\/schema\/logo\/image\/\"}}]}<\/script>\n<!-- \/ Yoast SEO plugin. -->","yoast_head_json":{"title":"Immobilien - 2302EcoSupremeWB","robots":{"index":"noindex","follow":"follow","max-snippet":"max-snippet:-1","max-image-preview":"max-image-preview:large","max-video-preview":"max-video-preview:-1"},"og_locale":"de_DE","og_type":"article","og_title":"Immobilien - 2302EcoSupremeWB","og_description":"Mit den f\u00fchrenden Entwicklungspartnern Deutschlands erstellen wir Konzepte im Bestand, als Neubau oder im Denkmal in den beliebtesten deutschen Gro\u00dfst\u00e4dten. [&hellip;]","og_url":"https:\/\/2201twb.hamburgyachting.com\/2302ecosupremewb\/immobilie-als-kapitalanlage\/","og_site_name":"2302EcoSupremeWB","article_modified_time":"2018-10-23T22:08:07+00:00","twitter_card":"summary_large_image","schema":{"@context":"https:\/\/schema.org","@graph":[{"@type":"WebPage","@id":"https:\/\/2201twb.hamburgyachting.com\/2302ecosupremewb\/immobilie-als-kapitalanlage\/","url":"https:\/\/2201twb.hamburgyachting.com\/2302ecosupremewb\/immobilie-als-kapitalanlage\/","name":"Immobilien - 2302EcoSupremeWB","isPartOf":{"@id":"https:\/\/2201twb.hamburgyachting.com\/2302ecosupremewb\/#website"},"datePublished":"2018-10-22T22:26:07+00:00","dateModified":"2018-10-23T22:08:07+00:00","breadcrumb":{"@id":"https:\/\/2201twb.hamburgyachting.com\/2302ecosupremewb\/immobilie-als-kapitalanlage\/#breadcrumb"},"inLanguage":"de","potentialAction":[{"@type":"ReadAction","target":["https:\/\/2201twb.hamburgyachting.com\/2302ecosupremewb\/immobilie-als-kapitalanlage\/"]}]},{"@type":"BreadcrumbList","@id":"https:\/\/2201twb.hamburgyachting.com\/2302ecosupremewb\/immobilie-als-kapitalanlage\/#breadcrumb","itemListElement":[{"@type":"ListItem","position":1,"name":"Startseite","item":"https:\/\/2201twb.hamburgyachting.com\/2302ecosupremewb\/"},{"@type":"ListItem","position":2,"name":"Immobilien"}]},{"@type":"WebSite","@id":"https:\/\/2201twb.hamburgyachting.com\/2302ecosupremewb\/#website","url":"https:\/\/2201twb.hamburgyachting.com\/2302ecosupremewb\/","name":"2302EcoSupremeWB","description":"Nachhaltiges Pensions- und Verm\u00f6gensmanagement","publisher":{"@id":"https:\/\/2201twb.hamburgyachting.com\/2302ecosupremewb\/#organization"},"potentialAction":[{"@type":"SearchAction","target":{"@type":"EntryPoint","urlTemplate":"https:\/\/2201twb.hamburgyachting.com\/2302ecosupremewb\/?s={search_term_string}"},"query-input":{"@type":"PropertyValueSpecification","valueRequired":true,"valueName":"search_term_string"}}],"inLanguage":"de"},{"@type":"Organization","@id":"https:\/\/2201twb.hamburgyachting.com\/2302ecosupremewb\/#organization","name":"2302EcoSupremeWB","url":"https:\/\/2201twb.hamburgyachting.com\/2302ecosupremewb\/","logo":{"@type":"ImageObject","inLanguage":"de","@id":"https:\/\/2201twb.hamburgyachting.com\/2302ecosupremewb\/#\/schema\/logo\/image\/","url":"https:\/\/2201twb.hamburgyachting.com\/2302ecosupremewb\/wp-content\/uploads\/sites\/8\/2019\/11\/cropped-1901_lion-feline-2402715_1920-e1637945662360.jpg","contentUrl":"https:\/\/2201twb.hamburgyachting.com\/2302ecosupremewb\/wp-content\/uploads\/sites\/8\/2019\/11\/cropped-1901_lion-feline-2402715_1920-e1637945662360.jpg","width":100,"height":100,"caption":"2302EcoSupremeWB"},"image":{"@id":"https:\/\/2201twb.hamburgyachting.com\/2302ecosupremewb\/#\/schema\/logo\/image\/"}}]}},"_links":{"self":[{"href":"https:\/\/2201twb.hamburgyachting.com\/2302ecosupremewb\/wp-json\/wp\/v2\/pages\/28","targetHints":{"allow":["GET"]}}],"collection":[{"href":"https:\/\/2201twb.hamburgyachting.com\/2302ecosupremewb\/wp-json\/wp\/v2\/pages"}],"about":[{"href":"https:\/\/2201twb.hamburgyachting.com\/2302ecosupremewb\/wp-json\/wp\/v2\/types\/page"}],"author":[{"embeddable":true,"href":"https:\/\/2201twb.hamburgyachting.com\/2302ecosupremewb\/wp-json\/wp\/v2\/users\/2"}],"replies":[{"embeddable":true,"href":"https:\/\/2201twb.hamburgyachting.com\/2302ecosupremewb\/wp-json\/wp\/v2\/comments?post=28"}],"version-history":[{"count":2,"href":"https:\/\/2201twb.hamburgyachting.com\/2302ecosupremewb\/wp-json\/wp\/v2\/pages\/28\/revisions"}],"predecessor-version":[{"id":84,"href":"https:\/\/2201twb.hamburgyachting.com\/2302ecosupremewb\/wp-json\/wp\/v2\/pages\/28\/revisions\/84"}],"wp:attachment":[{"href":"https:\/\/2201twb.hamburgyachting.com\/2302ecosupremewb\/wp-json\/wp\/v2\/media?parent=28"}],"curies":[{"name":"wp","href":"https:\/\/api.w.org\/{rel}","templated":true}]}}