{"id":17,"date":"2018-10-23T00:11:50","date_gmt":"2018-10-22T22:11:50","guid":{"rendered":"http:\/\/201015.greenrollerz.de\/211126ecosupreme\/?page_id=17"},"modified":"2018-10-23T00:11:50","modified_gmt":"2018-10-22T22:11:50","slug":"betriebliche-altersversorgung","status":"publish","type":"page","link":"https:\/\/2201twb.hamburgyachting.com\/2302ecosupremewb\/betriebliche-altersversorgung\/","title":{"rendered":"Betriebliche Altersversorgung"},"content":{"rendered":"<p>Die Betriebliche Altersversorgung (bAV) ist ein wichtiger Baustein f\u00fcr die individuelle Vorsorge. Auch der Staat hat deshalb die F\u00f6rderungen in 2018 weiter gest\u00e4rkt. F\u00fcr Angestellte sind Zusch\u00fcsse bis zu 150% auf den eigenen Sparbeitrag m\u00f6glich.<\/p>\n<p>Green XCLNZ ist Expertin f\u00fcr bAV und bietet eine stets aktualisierte Auswahl der interessantesten Angebote auf dem deutschen Markt.<\/p>\n<p>Eine effiziente Umsetzung minimiert dabei den Zeit- und Ressourcenaufwand in den Unternehmen, und garantiert Rechts-, Haftungs- sowie finanzielle Sicherheit f\u00fcr den Arbeitgeber als Vertragspartner.<\/p>\n<p>Kosteng\u00fcnstige Branchenversorgungsl\u00f6sungen, attraktive Sondervorteile und nachhaltige Investmentkonzepte geh\u00f6ren mit Green XCLNZ dazu.<\/p>\n","protected":false},"excerpt":{"rendered":"<p>Die Betriebliche Altersversorgung (bAV) ist ein wichtiger Baustein f\u00fcr die individuelle Vorsorge. Auch der Staat hat deshalb die F\u00f6rderungen in [&hellip;]<\/p>\n","protected":false},"author":2,"featured_media":0,"parent":0,"menu_order":0,"comment_status":"closed","ping_status":"closed","template":"","meta":{"kk_blocks_editor_width":"","_kiokenblocks_attr":"","_kiokenblocks_dimensions":"","site-sidebar-layout":"default","site-content-layout":"","ast-site-content-layout":"","site-content-style":"default","site-sidebar-style":"default","ast-global-header-display":"","ast-banner-title-visibility":"","ast-main-header-display":"","ast-hfb-above-header-display":"","ast-hfb-below-header-display":"","ast-hfb-mobile-header-display":"","site-post-title":"","ast-breadcrumbs-content":"","ast-featured-img":"","footer-sml-layout":"","theme-transparent-header-meta":"","adv-header-id-meta":"","stick-header-meta":"","header-above-stick-meta":"","header-main-stick-meta":"","header-below-stick-meta":"","astra-migrate-meta-layouts":"default","ast-page-background-enabled":"default","ast-page-background-meta":{"desktop":{"background-color":"var(--ast-global-color-4)","background-image":"","background-repeat":"repeat","background-position":"center center","background-size":"auto","background-attachment":"scroll","background-type":"","background-media":"","overlay-type":"","overlay-color":"","overlay-gradient":""},"tablet":{"background-color":"","background-image":"","background-repeat":"repeat","background-position":"center center","background-size":"auto","background-attachment":"scroll","background-type":"","background-media":"","overlay-type":"","overlay-color":"","overlay-gradient":""},"mobile":{"background-color":"","background-image":"","background-repeat":"repeat","background-position":"center center","background-size":"auto","background-attachment":"scroll","background-type":"","background-media":"","overlay-type":"","overlay-color":"","overlay-gradient":""}},"ast-content-background-meta":{"desktop":{"background-color":"var(--ast-global-color-5)","background-image":"","background-repeat":"repeat","background-position":"center center","background-size":"auto","background-attachment":"scroll","background-type":"","background-media":"","overlay-type":"","overlay-color":"","overlay-gradient":""},"tablet":{"background-color":"var(--ast-global-color-5)","background-image":"","background-repeat":"repeat","background-position":"center center","background-size":"auto","background-attachment":"scroll","background-type":"","background-media":"","overlay-type":"","overlay-color":"","overlay-gradient":""},"mobile":{"background-color":"var(--ast-global-color-5)","background-image":"","background-repeat":"repeat","background-position":"center center","background-size":"auto","background-attachment":"scroll","background-type":"","background-media":"","overlay-type":"","overlay-color":"","overlay-gradient":""}},"_themeisle_gutenberg_block_has_review":false,"footnotes":""},"class_list":["post-17","page","type-page","status-publish","hentry"],"yoast_head":"<!-- This site is optimized with the Yoast SEO plugin v26.8 - https:\/\/yoast.com\/product\/yoast-seo-wordpress\/ -->\n<title>Betriebliche Altersversorgung - 2302EcoSupremeWB<\/title>\n<meta name=\"robots\" content=\"noindex, follow, max-snippet:-1, max-image-preview:large, max-video-preview:-1\" \/>\n<meta property=\"og:locale\" content=\"de_DE\" \/>\n<meta property=\"og:type\" content=\"article\" \/>\n<meta property=\"og:title\" content=\"Betriebliche Altersversorgung - 2302EcoSupremeWB\" \/>\n<meta property=\"og:description\" content=\"Die Betriebliche Altersversorgung (bAV) ist ein wichtiger Baustein f\u00fcr die individuelle Vorsorge. Auch der Staat hat deshalb die F\u00f6rderungen in [&hellip;]\" \/>\n<meta property=\"og:url\" content=\"https:\/\/2201twb.hamburgyachting.com\/2302ecosupremewb\/betriebliche-altersversorgung\/\" \/>\n<meta property=\"og:site_name\" content=\"2302EcoSupremeWB\" \/>\n<meta name=\"twitter:card\" content=\"summary_large_image\" \/>\n<script type=\"application\/ld+json\" class=\"yoast-schema-graph\">{\"@context\":\"https:\/\/schema.org\",\"@graph\":[{\"@type\":\"WebPage\",\"@id\":\"https:\/\/2201twb.hamburgyachting.com\/2302ecosupremewb\/betriebliche-altersversorgung\/\",\"url\":\"https:\/\/2201twb.hamburgyachting.com\/2302ecosupremewb\/betriebliche-altersversorgung\/\",\"name\":\"Betriebliche Altersversorgung - 2302EcoSupremeWB\",\"isPartOf\":{\"@id\":\"https:\/\/2201twb.hamburgyachting.com\/2302ecosupremewb\/#website\"},\"datePublished\":\"2018-10-22T22:11:50+00:00\",\"breadcrumb\":{\"@id\":\"https:\/\/2201twb.hamburgyachting.com\/2302ecosupremewb\/betriebliche-altersversorgung\/#breadcrumb\"},\"inLanguage\":\"de\",\"potentialAction\":[{\"@type\":\"ReadAction\",\"target\":[\"https:\/\/2201twb.hamburgyachting.com\/2302ecosupremewb\/betriebliche-altersversorgung\/\"]}]},{\"@type\":\"BreadcrumbList\",\"@id\":\"https:\/\/2201twb.hamburgyachting.com\/2302ecosupremewb\/betriebliche-altersversorgung\/#breadcrumb\",\"itemListElement\":[{\"@type\":\"ListItem\",\"position\":1,\"name\":\"Startseite\",\"item\":\"https:\/\/2201twb.hamburgyachting.com\/2302ecosupremewb\/\"},{\"@type\":\"ListItem\",\"position\":2,\"name\":\"Betriebliche Altersversorgung\"}]},{\"@type\":\"WebSite\",\"@id\":\"https:\/\/2201twb.hamburgyachting.com\/2302ecosupremewb\/#website\",\"url\":\"https:\/\/2201twb.hamburgyachting.com\/2302ecosupremewb\/\",\"name\":\"2302EcoSupremeWB\",\"description\":\"Nachhaltiges Pensions- und Verm\u00f6gensmanagement\",\"publisher\":{\"@id\":\"https:\/\/2201twb.hamburgyachting.com\/2302ecosupremewb\/#organization\"},\"potentialAction\":[{\"@type\":\"SearchAction\",\"target\":{\"@type\":\"EntryPoint\",\"urlTemplate\":\"https:\/\/2201twb.hamburgyachting.com\/2302ecosupremewb\/?s={search_term_string}\"},\"query-input\":{\"@type\":\"PropertyValueSpecification\",\"valueRequired\":true,\"valueName\":\"search_term_string\"}}],\"inLanguage\":\"de\"},{\"@type\":\"Organization\",\"@id\":\"https:\/\/2201twb.hamburgyachting.com\/2302ecosupremewb\/#organization\",\"name\":\"2302EcoSupremeWB\",\"url\":\"https:\/\/2201twb.hamburgyachting.com\/2302ecosupremewb\/\",\"logo\":{\"@type\":\"ImageObject\",\"inLanguage\":\"de\",\"@id\":\"https:\/\/2201twb.hamburgyachting.com\/2302ecosupremewb\/#\/schema\/logo\/image\/\",\"url\":\"https:\/\/2201twb.hamburgyachting.com\/2302ecosupremewb\/wp-content\/uploads\/sites\/8\/2019\/11\/cropped-1901_lion-feline-2402715_1920-e1637945662360.jpg\",\"contentUrl\":\"https:\/\/2201twb.hamburgyachting.com\/2302ecosupremewb\/wp-content\/uploads\/sites\/8\/2019\/11\/cropped-1901_lion-feline-2402715_1920-e1637945662360.jpg\",\"width\":100,\"height\":100,\"caption\":\"2302EcoSupremeWB\"},\"image\":{\"@id\":\"https:\/\/2201twb.hamburgyachting.com\/2302ecosupremewb\/#\/schema\/logo\/image\/\"}}]}<\/script>\n<!-- \/ Yoast SEO plugin. -->","yoast_head_json":{"title":"Betriebliche Altersversorgung - 2302EcoSupremeWB","robots":{"index":"noindex","follow":"follow","max-snippet":"max-snippet:-1","max-image-preview":"max-image-preview:large","max-video-preview":"max-video-preview:-1"},"og_locale":"de_DE","og_type":"article","og_title":"Betriebliche Altersversorgung - 2302EcoSupremeWB","og_description":"Die Betriebliche Altersversorgung (bAV) ist ein wichtiger Baustein f\u00fcr die individuelle Vorsorge. Auch der Staat hat deshalb die F\u00f6rderungen in [&hellip;]","og_url":"https:\/\/2201twb.hamburgyachting.com\/2302ecosupremewb\/betriebliche-altersversorgung\/","og_site_name":"2302EcoSupremeWB","twitter_card":"summary_large_image","schema":{"@context":"https:\/\/schema.org","@graph":[{"@type":"WebPage","@id":"https:\/\/2201twb.hamburgyachting.com\/2302ecosupremewb\/betriebliche-altersversorgung\/","url":"https:\/\/2201twb.hamburgyachting.com\/2302ecosupremewb\/betriebliche-altersversorgung\/","name":"Betriebliche Altersversorgung - 2302EcoSupremeWB","isPartOf":{"@id":"https:\/\/2201twb.hamburgyachting.com\/2302ecosupremewb\/#website"},"datePublished":"2018-10-22T22:11:50+00:00","breadcrumb":{"@id":"https:\/\/2201twb.hamburgyachting.com\/2302ecosupremewb\/betriebliche-altersversorgung\/#breadcrumb"},"inLanguage":"de","potentialAction":[{"@type":"ReadAction","target":["https:\/\/2201twb.hamburgyachting.com\/2302ecosupremewb\/betriebliche-altersversorgung\/"]}]},{"@type":"BreadcrumbList","@id":"https:\/\/2201twb.hamburgyachting.com\/2302ecosupremewb\/betriebliche-altersversorgung\/#breadcrumb","itemListElement":[{"@type":"ListItem","position":1,"name":"Startseite","item":"https:\/\/2201twb.hamburgyachting.com\/2302ecosupremewb\/"},{"@type":"ListItem","position":2,"name":"Betriebliche Altersversorgung"}]},{"@type":"WebSite","@id":"https:\/\/2201twb.hamburgyachting.com\/2302ecosupremewb\/#website","url":"https:\/\/2201twb.hamburgyachting.com\/2302ecosupremewb\/","name":"2302EcoSupremeWB","description":"Nachhaltiges Pensions- und Verm\u00f6gensmanagement","publisher":{"@id":"https:\/\/2201twb.hamburgyachting.com\/2302ecosupremewb\/#organization"},"potentialAction":[{"@type":"SearchAction","target":{"@type":"EntryPoint","urlTemplate":"https:\/\/2201twb.hamburgyachting.com\/2302ecosupremewb\/?s={search_term_string}"},"query-input":{"@type":"PropertyValueSpecification","valueRequired":true,"valueName":"search_term_string"}}],"inLanguage":"de"},{"@type":"Organization","@id":"https:\/\/2201twb.hamburgyachting.com\/2302ecosupremewb\/#organization","name":"2302EcoSupremeWB","url":"https:\/\/2201twb.hamburgyachting.com\/2302ecosupremewb\/","logo":{"@type":"ImageObject","inLanguage":"de","@id":"https:\/\/2201twb.hamburgyachting.com\/2302ecosupremewb\/#\/schema\/logo\/image\/","url":"https:\/\/2201twb.hamburgyachting.com\/2302ecosupremewb\/wp-content\/uploads\/sites\/8\/2019\/11\/cropped-1901_lion-feline-2402715_1920-e1637945662360.jpg","contentUrl":"https:\/\/2201twb.hamburgyachting.com\/2302ecosupremewb\/wp-content\/uploads\/sites\/8\/2019\/11\/cropped-1901_lion-feline-2402715_1920-e1637945662360.jpg","width":100,"height":100,"caption":"2302EcoSupremeWB"},"image":{"@id":"https:\/\/2201twb.hamburgyachting.com\/2302ecosupremewb\/#\/schema\/logo\/image\/"}}]}},"_links":{"self":[{"href":"https:\/\/2201twb.hamburgyachting.com\/2302ecosupremewb\/wp-json\/wp\/v2\/pages\/17","targetHints":{"allow":["GET"]}}],"collection":[{"href":"https:\/\/2201twb.hamburgyachting.com\/2302ecosupremewb\/wp-json\/wp\/v2\/pages"}],"about":[{"href":"https:\/\/2201twb.hamburgyachting.com\/2302ecosupremewb\/wp-json\/wp\/v2\/types\/page"}],"author":[{"embeddable":true,"href":"https:\/\/2201twb.hamburgyachting.com\/2302ecosupremewb\/wp-json\/wp\/v2\/users\/2"}],"replies":[{"embeddable":true,"href":"https:\/\/2201twb.hamburgyachting.com\/2302ecosupremewb\/wp-json\/wp\/v2\/comments?post=17"}],"version-history":[{"count":1,"href":"https:\/\/2201twb.hamburgyachting.com\/2302ecosupremewb\/wp-json\/wp\/v2\/pages\/17\/revisions"}],"predecessor-version":[{"id":18,"href":"https:\/\/2201twb.hamburgyachting.com\/2302ecosupremewb\/wp-json\/wp\/v2\/pages\/17\/revisions\/18"}],"wp:attachment":[{"href":"https:\/\/2201twb.hamburgyachting.com\/2302ecosupremewb\/wp-json\/wp\/v2\/media?parent=17"}],"curies":[{"name":"wp","href":"https:\/\/api.w.org\/{rel}","templated":true}]}}