{"id":107,"date":"2018-10-24T00:48:13","date_gmt":"2018-10-23T22:48:13","guid":{"rendered":"http:\/\/201015.greenrollerz.de\/211126ecosupreme\/?page_id=107"},"modified":"2021-11-26T14:49:43","modified_gmt":"2021-11-26T13:49:43","slug":"datenschutz","status":"publish","type":"page","link":"https:\/\/2201twb.hamburgyachting.com\/2302ecosupremewb\/datenschutz\/","title":{"rendered":"Datenschutz und rechtliche Hinweise"},"content":{"rendered":"\n<h2 class=\"wp-block-heading\" id=\"fairnandadatenschutz\">Datenschutz und rechtliche Hinweise<\/h2>\n\n\n\n<p><strong>Information zur Datenverarbeitung&nbsp;<\/strong><strong>gem. DSGVO<\/strong><\/p>\n\n\n\n<p>Diese Information gilt f\u00fcr die Datenverarbeitung im Rahmen&nbsp;unserer Beratung. Unter der Verarbeitung von Daten versteht man insbesondere die Erhebung, Speicherung, Verwendung und \u00dcbermittlung Ihrer Daten.<\/p>\n\n\n\n<p><strong>Verantwortlicher f\u00fcr die Datenverarbeitung ist unser Unternehmen:<br><\/strong><br><br><strong>1. Zweck \/ Rechtsgrundlage der Datenverarbeitung<br><\/strong>F\u00fcr Ihre Beratung&nbsp;ist es erforderlich, Ihre&nbsp;<strong>personenbezogenen Daten<\/strong>, einschlie\u00dflich&nbsp;<strong>besonderer Kategorien<\/strong>&nbsp;personenbezogener Daten zu verarbeiten. Auch der Abschluss bzw. die Durchf\u00fchrung eines Versicherungsvertrages ist ohne die Verarbeitung Ihrer personenbezogenen Daten nicht m\u00f6glich. Wir verarbeiten Ihre Daten ausschlie\u00dflich zum Zweck&nbsp;Ihrer Beratung. Die Rechtsgrundlagen f\u00fcr die Datenverarbeitung sind die Vertragsdurchf\u00fchrung (Art. 6 DSGVO) und die Einwilligungserkl\u00e4rung (Art. 9 DSGVO).&nbsp;<br><br><strong>Personenbezogene Daten<\/strong>&nbsp;sind alle Informationen, die sich auf eine identifizierte oder identifizierbare nat\u00fcrliche Person beziehen. Beispiele hierf\u00fcr sind Namen, Anschrift, Beruf, Familienstand, Bankverbindung, Kommunikationsdaten, Versicherungsvertrags-Nummern etc.<br><br><strong>Besondere Kategorien personenbezogener Daten<\/strong>&nbsp;sind u.a. Gesundheitsdaten, Daten zur Religions-, Gewerkschafts-, Parteizugeh\u00f6rigkeit, rassischen und ethnischen Herkunft, zum Sexualleben&nbsp;und zur sexuellen Orientierung sowie genetische und biometrische Daten.<\/p>\n\n\n\n<p><strong>2. Zusammenarbeit mit anderen Stellen bei Weitergabe und Empfang von Daten<br><\/strong>Im Rahmen von Deckungsanfragen, Vertragsabschl\u00fcssen, Vertragsverwaltungen und Abwicklungen von Leistungs- und Schadensf\u00e4llen etc. kann es erforderlich sein, Ihre Daten an andere Stellen weiterzugeben oder von diesen zu empfangen. Hierbei<sup><a><sup>i<\/sup><\/a><\/sup>&nbsp;handelt es sich um:<\/p>\n\n\n\n<ul class=\"wp-block-list\"><li>Versicherer<\/li><\/ul>\n\n\n\n<ul class=\"wp-block-list\"><li>R\u00fcckversicherer<\/li><\/ul>\n\n\n\n<ul class=\"wp-block-list\"><li>Kreditinstitute und Kapitalanlagegesellschaften&nbsp;<\/li><\/ul>\n\n\n\n<ul class=\"wp-block-list\"><li>Finanzdienstleistungsinstitute und Wertpapierhandelsgesellschaften<\/li><\/ul>\n\n\n\n<ul class=\"wp-block-list\"><li>Rechtsanw\u00e4lte, Steuerberater, Wirtschaftspr\u00fcfer<\/li><\/ul>\n\n\n\n<ul class=\"wp-block-list\"><li>Bundesanstalt f\u00fcr Finanzdienstleistungsaufsicht (BaFin)<\/li><\/ul>\n\n\n\n<p>Ihre&nbsp;Daten werden nur in dem Ma\u00dfe weitergegeben, wie es nach dem jeweiligen Zweck der Verarbeitung&nbsp;erforderlich ist.<\/p>\n\n\n\n<p><strong>3. Dauer der Datenspeicherung<\/strong><\/p>\n\n\n\n<p>Wir speichern Ihre Daten f\u00fcr die Dauer unseres Vertragsverh\u00e4ltnisses. Danach werden Ihre Daten f\u00fcr die weitere Verwendung eingeschr\u00e4nkt und stehen ab diesem Zeitpunkt nur noch f\u00fcr die in Art. 17 und 18 DSGVO vorgesehenen Zwecke zur Verf\u00fcgung.&nbsp;<br>Zu diesen Zwecken geh\u00f6ren insbesondere die Einhaltung der gesetzlichen Aufbewahrungsfristen sowie die Geltendmachung, Aus\u00fcbung und Verteidigung von Rechtsanspr\u00fcchen, beispielsweise zum Nachweis einer ordnungsgem\u00e4\u00dfen Beratung.&nbsp;Die gesetzlichen Verj\u00e4hrungsfristen betragen bis zu 30 Jahren, die gesetzlichen Aufbewahrungsfristen bis zu 10 Jahre. Beratungsnachweise speichern wir, solange hieraus Anspr\u00fcche geltend gemacht werden k\u00f6nnen.Werden Ihre Daten nicht mehr zu den o.g. Zwecken ben\u00f6tigt und sind alle Aufbewahrungsfristen abgelaufen, werden sie endg\u00fcltig gel\u00f6scht.&nbsp;<\/p>\n\n\n\n<p><strong>4. Betroffenenrechte und weitere Zusatzinformationen<br>a) Transparenz \/ Auskunftsrecht<br><br><\/strong>Gerne erteilen wir Ihnen unter der o.g. Adresse des Verantwortlichen f\u00fcr den Datenschutz Auskunft \u00fcber die zu Ihrer Person gespeicherten Daten. Weiterhin teilen wir Ihnen zudem auf Anfrage gerne mit, an welche Stellen wir Ihre Daten im Rahmen der Durchf\u00fchrung des Maklervertrages konkret weitergegeben haben.<br><br><strong>b) Berichtigung und Vervollst\u00e4ndigung der gespeicherten Daten<br><br><\/strong>Wir berichtigen oder vervollst\u00e4ndigen Ihre personenbezogenen Daten selbstverst\u00e4ndlich unverz\u00fcglich, wenn wir erkennen, dass diese fehlerhaft oder unvollst\u00e4ndig sind oder Sie uns einen entsprechenden Hinweis geben.<br><br><strong>c) L\u00f6schung der gespeicherten Daten<br><br><\/strong>Die L\u00f6schung Ihrer Daten erfolgt gem. den oben unter 3. beschriebenen Regeln. Wir l\u00f6schen die Daten au\u00dferdem, wenn Sie dies w\u00fcnschen und ein entsprechender Anspruch besteht, z.&nbsp;B. ggf. bei Wegfall der Zweckbindung, Widerruf der Einwilligung und im Falle einer unrechtm\u00e4\u00dfigen Speicherung.<br><br><strong>d) Recht auf Einschr\u00e4nkung der Verarbeitung<br><br><\/strong>Liegt einer der unter 3. genannten Gr\u00fcnde vor, die einer L\u00f6schung entgegenstehen, werden wir auf Ihren Wunsch hin die Verwendung Ihrer personenbezogenen Daten einschr\u00e4nken. Das bedeutet, dass wir Ihre Daten sicher und unzug\u00e4nglich aufbewahren und diese nur noch mit Ihrer Einwilligung oder im&nbsp;Rahmen einer der oben genannten Nachweispflichten verwenden.<\/p>\n\n\n\n<p>Haftung f\u00fcr Inhalte<\/p>\n\n\n\n<p>Als Diensteanbieter sind wir gem\u00e4\u00df \u00a7 7 Abs.1 TMG f\u00fcr eigene Inhalte auf diesen Seiten nach den<\/p>\n\n\n\n<p>allgemeinen Gesetzen verantwortlich. Nach \u00a7\u00a7 8 bis 10 TMG sind wir als Diensteanbieter jedoch nicht<\/p>\n\n\n\n<p>verpflichtet, \u00fcbermittelte oder gespeicherte fremde Informationen zu \u00fcberwachen oder nach Umst\u00e4nden zu<\/p>\n\n\n\n<p>forschen, die auf eine rechtswidrige T\u00e4tigkeit hinweisen.<\/p>\n\n\n\n<p>Verpflichtungen zur Entfernung oder Sperrung der Nutzung von Informationen nach den allgemeinen<\/p>\n\n\n\n<p>Gesetzen bleiben hiervon unber\u00fchrt. Eine diesbez\u00fcgliche Haftung ist jedoch erst ab dem Zeitpunkt der<\/p>\n\n\n\n<p>Kenntnis einer konkreten Rechtsverletzung m\u00f6glich. Bei Bekanntwerden von entsprechenden<\/p>\n\n\n\n<p>Rechtsverletzungen werden wir diese Inhalte umgehend entfernen.<\/p>\n\n\n\n<p>Haftung f\u00fcr Links<\/p>\n\n\n\n<p>Unser Angebot enth\u00e4lt Links zu externen Websites Dritter, auf deren Inhalte wir keinen Einfluss haben.<\/p>\n\n\n\n<p>Deshalb k\u00f6nnen wir f\u00fcr diese fremden Inhalte auch keine Gew\u00e4hr \u00fcbernehmen. F\u00fcr die Inhalte der<\/p>\n\n\n\n<p>verlinkten Seiten ist stets der jeweilige Anbieter oder Betreiber der Seiten verantwortlich. Die verlinkten<\/p>\n\n\n\n<p>Seiten wurden zum Zeitpunkt der Verlinkung auf m\u00f6gliche Rechtsverst\u00f6\u00dfe \u00fcberpr\u00fcft. Rechtswidrige Inhalte<\/p>\n\n\n\n<p>waren zum Zeitpunkt der Verlinkung nicht erkennbar.<\/p>\n\n\n\n<p>3 \/ 5<\/p>\n\n\n\n<p>Eine permanente inhaltliche Kontrolle der verlinkten Seiten ist jedoch ohne konkrete Anhaltspunkte einer<\/p>\n\n\n\n<p>Rechtsverletzung nicht zumutbar. Bei Bekanntwerden von Rechtsverletzungen werden wir derartige Links<\/p>\n\n\n\n<p>umgehend entfernen.<\/p>\n\n\n\n<p>Urheberrecht<\/p>\n\n\n\n<p>Die durch die Seitenbetreiber erstellten Inhalte und Werke auf diesen Seiten unterliegen dem deutschen Urheberrecht. Die Vervielf\u00e4ltigung, Bearbeitung, Verbreitung und jede Art der Verwertung au\u00dferhalb der<\/p>\n\n\n\n<p>Grenzen des Urheberrechtes bed\u00fcrfen der schriftlichen Zustimmung des jeweiligen Autors bzw. Erstellers.<\/p>\n\n\n\n<p>Downloads und Kopien dieser Seite sind nur f\u00fcr den privaten, nicht kommerziellen Gebrauch gestattet.<\/p>\n\n\n\n<p>Soweit die Inhalte auf dieser Seite nicht vom Betreiber erstellt wurden, werden die Urheberrechte Dritter<\/p>\n\n\n\n<p>beachtet. Insbesondere werden Inhalte Dritter als solche gekennzeichnet. Sollten Sie trotzdem auf eine<\/p>\n\n\n\n<p>Urheberrechtsverletzung aufmerksam werden, bitten wir um einen entsprechenden Hinweis. Bei<\/p>\n\n\n\n<p>Bekanntwerden von Rechtsverletzungen werden wir derartige Inhalte umgehend entfernen.<\/p>\n\n\n\n<p><br><\/p>\n\n\n\n<p><\/p>\n","protected":false},"excerpt":{"rendered":"<p>Datenschutz und rechtliche Hinweise Information zur Datenverarbeitung&nbsp;gem. DSGVO Diese Information gilt f\u00fcr die Datenverarbeitung im Rahmen&nbsp;unserer Beratung. Unter der Verarbeitung [&hellip;]<\/p>\n","protected":false},"author":2,"featured_media":0,"parent":0,"menu_order":0,"comment_status":"closed","ping_status":"closed","template":"","meta":{"kk_blocks_editor_width":"","_kiokenblocks_attr":"","_kiokenblocks_dimensions":"","site-sidebar-layout":"default","site-content-layout":"","ast-site-content-layout":"","site-content-style":"default","site-sidebar-style":"default","ast-global-header-display":"","ast-banner-title-visibility":"","ast-main-header-display":"","ast-hfb-above-header-display":"","ast-hfb-below-header-display":"","ast-hfb-mobile-header-display":"","site-post-title":"","ast-breadcrumbs-content":"","ast-featured-img":"","footer-sml-layout":"","theme-transparent-header-meta":"","adv-header-id-meta":"","stick-header-meta":"","header-above-stick-meta":"","header-main-stick-meta":"","header-below-stick-meta":"","astra-migrate-meta-layouts":"default","ast-page-background-enabled":"default","ast-page-background-meta":{"desktop":{"background-color":"var(--ast-global-color-4)","background-image":"","background-repeat":"repeat","background-position":"center center","background-size":"auto","background-attachment":"scroll","background-type":"","background-media":"","overlay-type":"","overlay-color":"","overlay-gradient":""},"tablet":{"background-color":"","background-image":"","background-repeat":"repeat","background-position":"center center","background-size":"auto","background-attachment":"scroll","background-type":"","background-media":"","overlay-type":"","overlay-color":"","overlay-gradient":""},"mobile":{"background-color":"","background-image":"","background-repeat":"repeat","background-position":"center center","background-size":"auto","background-attachment":"scroll","background-type":"","background-media":"","overlay-type":"","overlay-color":"","overlay-gradient":""}},"ast-content-background-meta":{"desktop":{"background-color":"var(--ast-global-color-5)","background-image":"","background-repeat":"repeat","background-position":"center center","background-size":"auto","background-attachment":"scroll","background-type":"","background-media":"","overlay-type":"","overlay-color":"","overlay-gradient":""},"tablet":{"background-color":"var(--ast-global-color-5)","background-image":"","background-repeat":"repeat","background-position":"center center","background-size":"auto","background-attachment":"scroll","background-type":"","background-media":"","overlay-type":"","overlay-color":"","overlay-gradient":""},"mobile":{"background-color":"var(--ast-global-color-5)","background-image":"","background-repeat":"repeat","background-position":"center center","background-size":"auto","background-attachment":"scroll","background-type":"","background-media":"","overlay-type":"","overlay-color":"","overlay-gradient":""}},"_themeisle_gutenberg_block_has_review":false,"footnotes":""},"class_list":["post-107","page","type-page","status-publish","hentry"],"yoast_head":"<!-- This site is optimized with the Yoast SEO plugin v26.8 - https:\/\/yoast.com\/product\/yoast-seo-wordpress\/ -->\n<title>Datenschutz und rechtliche Hinweise - 2302EcoSupremeWB<\/title>\n<meta name=\"robots\" content=\"noindex, follow, max-snippet:-1, max-image-preview:large, max-video-preview:-1\" \/>\n<meta property=\"og:locale\" content=\"de_DE\" \/>\n<meta property=\"og:type\" content=\"article\" \/>\n<meta property=\"og:title\" content=\"Datenschutz und rechtliche Hinweise - 2302EcoSupremeWB\" \/>\n<meta property=\"og:description\" content=\"Datenschutz und rechtliche Hinweise Information zur Datenverarbeitung&nbsp;gem. DSGVO Diese Information gilt f\u00fcr die Datenverarbeitung im Rahmen&nbsp;unserer Beratung. Unter der Verarbeitung [&hellip;]\" \/>\n<meta property=\"og:url\" content=\"https:\/\/2201twb.hamburgyachting.com\/2302ecosupremewb\/datenschutz\/\" \/>\n<meta property=\"og:site_name\" content=\"2302EcoSupremeWB\" \/>\n<meta property=\"article:modified_time\" content=\"2021-11-26T13:49:43+00:00\" \/>\n<meta name=\"twitter:card\" content=\"summary_large_image\" \/>\n<meta name=\"twitter:label1\" content=\"Gesch\u00e4tzte Lesezeit\" \/>\n\t<meta name=\"twitter:data1\" content=\"4\u00a0Minuten\" \/>\n<script type=\"application\/ld+json\" class=\"yoast-schema-graph\">{\"@context\":\"https:\/\/schema.org\",\"@graph\":[{\"@type\":\"WebPage\",\"@id\":\"https:\/\/2201twb.hamburgyachting.com\/2302ecosupremewb\/datenschutz\/\",\"url\":\"https:\/\/2201twb.hamburgyachting.com\/2302ecosupremewb\/datenschutz\/\",\"name\":\"Datenschutz und rechtliche Hinweise - 2302EcoSupremeWB\",\"isPartOf\":{\"@id\":\"https:\/\/2201twb.hamburgyachting.com\/2302ecosupremewb\/#website\"},\"datePublished\":\"2018-10-23T22:48:13+00:00\",\"dateModified\":\"2021-11-26T13:49:43+00:00\",\"breadcrumb\":{\"@id\":\"https:\/\/2201twb.hamburgyachting.com\/2302ecosupremewb\/datenschutz\/#breadcrumb\"},\"inLanguage\":\"de\",\"potentialAction\":[{\"@type\":\"ReadAction\",\"target\":[\"https:\/\/2201twb.hamburgyachting.com\/2302ecosupremewb\/datenschutz\/\"]}]},{\"@type\":\"BreadcrumbList\",\"@id\":\"https:\/\/2201twb.hamburgyachting.com\/2302ecosupremewb\/datenschutz\/#breadcrumb\",\"itemListElement\":[{\"@type\":\"ListItem\",\"position\":1,\"name\":\"Startseite\",\"item\":\"https:\/\/2201twb.hamburgyachting.com\/2302ecosupremewb\/\"},{\"@type\":\"ListItem\",\"position\":2,\"name\":\"Datenschutz und rechtliche Hinweise\"}]},{\"@type\":\"WebSite\",\"@id\":\"https:\/\/2201twb.hamburgyachting.com\/2302ecosupremewb\/#website\",\"url\":\"https:\/\/2201twb.hamburgyachting.com\/2302ecosupremewb\/\",\"name\":\"2302EcoSupremeWB\",\"description\":\"Nachhaltiges Pensions- und Verm\u00f6gensmanagement\",\"publisher\":{\"@id\":\"https:\/\/2201twb.hamburgyachting.com\/2302ecosupremewb\/#organization\"},\"potentialAction\":[{\"@type\":\"SearchAction\",\"target\":{\"@type\":\"EntryPoint\",\"urlTemplate\":\"https:\/\/2201twb.hamburgyachting.com\/2302ecosupremewb\/?s={search_term_string}\"},\"query-input\":{\"@type\":\"PropertyValueSpecification\",\"valueRequired\":true,\"valueName\":\"search_term_string\"}}],\"inLanguage\":\"de\"},{\"@type\":\"Organization\",\"@id\":\"https:\/\/2201twb.hamburgyachting.com\/2302ecosupremewb\/#organization\",\"name\":\"2302EcoSupremeWB\",\"url\":\"https:\/\/2201twb.hamburgyachting.com\/2302ecosupremewb\/\",\"logo\":{\"@type\":\"ImageObject\",\"inLanguage\":\"de\",\"@id\":\"https:\/\/2201twb.hamburgyachting.com\/2302ecosupremewb\/#\/schema\/logo\/image\/\",\"url\":\"https:\/\/2201twb.hamburgyachting.com\/2302ecosupremewb\/wp-content\/uploads\/sites\/8\/2019\/11\/cropped-1901_lion-feline-2402715_1920-e1637945662360.jpg\",\"contentUrl\":\"https:\/\/2201twb.hamburgyachting.com\/2302ecosupremewb\/wp-content\/uploads\/sites\/8\/2019\/11\/cropped-1901_lion-feline-2402715_1920-e1637945662360.jpg\",\"width\":100,\"height\":100,\"caption\":\"2302EcoSupremeWB\"},\"image\":{\"@id\":\"https:\/\/2201twb.hamburgyachting.com\/2302ecosupremewb\/#\/schema\/logo\/image\/\"}}]}<\/script>\n<!-- \/ Yoast SEO plugin. -->","yoast_head_json":{"title":"Datenschutz und rechtliche Hinweise - 2302EcoSupremeWB","robots":{"index":"noindex","follow":"follow","max-snippet":"max-snippet:-1","max-image-preview":"max-image-preview:large","max-video-preview":"max-video-preview:-1"},"og_locale":"de_DE","og_type":"article","og_title":"Datenschutz und rechtliche Hinweise - 2302EcoSupremeWB","og_description":"Datenschutz und rechtliche Hinweise Information zur Datenverarbeitung&nbsp;gem. DSGVO Diese Information gilt f\u00fcr die Datenverarbeitung im Rahmen&nbsp;unserer Beratung. Unter der Verarbeitung [&hellip;]","og_url":"https:\/\/2201twb.hamburgyachting.com\/2302ecosupremewb\/datenschutz\/","og_site_name":"2302EcoSupremeWB","article_modified_time":"2021-11-26T13:49:43+00:00","twitter_card":"summary_large_image","twitter_misc":{"Gesch\u00e4tzte Lesezeit":"4\u00a0Minuten"},"schema":{"@context":"https:\/\/schema.org","@graph":[{"@type":"WebPage","@id":"https:\/\/2201twb.hamburgyachting.com\/2302ecosupremewb\/datenschutz\/","url":"https:\/\/2201twb.hamburgyachting.com\/2302ecosupremewb\/datenschutz\/","name":"Datenschutz und rechtliche Hinweise - 2302EcoSupremeWB","isPartOf":{"@id":"https:\/\/2201twb.hamburgyachting.com\/2302ecosupremewb\/#website"},"datePublished":"2018-10-23T22:48:13+00:00","dateModified":"2021-11-26T13:49:43+00:00","breadcrumb":{"@id":"https:\/\/2201twb.hamburgyachting.com\/2302ecosupremewb\/datenschutz\/#breadcrumb"},"inLanguage":"de","potentialAction":[{"@type":"ReadAction","target":["https:\/\/2201twb.hamburgyachting.com\/2302ecosupremewb\/datenschutz\/"]}]},{"@type":"BreadcrumbList","@id":"https:\/\/2201twb.hamburgyachting.com\/2302ecosupremewb\/datenschutz\/#breadcrumb","itemListElement":[{"@type":"ListItem","position":1,"name":"Startseite","item":"https:\/\/2201twb.hamburgyachting.com\/2302ecosupremewb\/"},{"@type":"ListItem","position":2,"name":"Datenschutz und rechtliche Hinweise"}]},{"@type":"WebSite","@id":"https:\/\/2201twb.hamburgyachting.com\/2302ecosupremewb\/#website","url":"https:\/\/2201twb.hamburgyachting.com\/2302ecosupremewb\/","name":"2302EcoSupremeWB","description":"Nachhaltiges Pensions- und Verm\u00f6gensmanagement","publisher":{"@id":"https:\/\/2201twb.hamburgyachting.com\/2302ecosupremewb\/#organization"},"potentialAction":[{"@type":"SearchAction","target":{"@type":"EntryPoint","urlTemplate":"https:\/\/2201twb.hamburgyachting.com\/2302ecosupremewb\/?s={search_term_string}"},"query-input":{"@type":"PropertyValueSpecification","valueRequired":true,"valueName":"search_term_string"}}],"inLanguage":"de"},{"@type":"Organization","@id":"https:\/\/2201twb.hamburgyachting.com\/2302ecosupremewb\/#organization","name":"2302EcoSupremeWB","url":"https:\/\/2201twb.hamburgyachting.com\/2302ecosupremewb\/","logo":{"@type":"ImageObject","inLanguage":"de","@id":"https:\/\/2201twb.hamburgyachting.com\/2302ecosupremewb\/#\/schema\/logo\/image\/","url":"https:\/\/2201twb.hamburgyachting.com\/2302ecosupremewb\/wp-content\/uploads\/sites\/8\/2019\/11\/cropped-1901_lion-feline-2402715_1920-e1637945662360.jpg","contentUrl":"https:\/\/2201twb.hamburgyachting.com\/2302ecosupremewb\/wp-content\/uploads\/sites\/8\/2019\/11\/cropped-1901_lion-feline-2402715_1920-e1637945662360.jpg","width":100,"height":100,"caption":"2302EcoSupremeWB"},"image":{"@id":"https:\/\/2201twb.hamburgyachting.com\/2302ecosupremewb\/#\/schema\/logo\/image\/"}}]}},"_links":{"self":[{"href":"https:\/\/2201twb.hamburgyachting.com\/2302ecosupremewb\/wp-json\/wp\/v2\/pages\/107","targetHints":{"allow":["GET"]}}],"collection":[{"href":"https:\/\/2201twb.hamburgyachting.com\/2302ecosupremewb\/wp-json\/wp\/v2\/pages"}],"about":[{"href":"https:\/\/2201twb.hamburgyachting.com\/2302ecosupremewb\/wp-json\/wp\/v2\/types\/page"}],"author":[{"embeddable":true,"href":"https:\/\/2201twb.hamburgyachting.com\/2302ecosupremewb\/wp-json\/wp\/v2\/users\/2"}],"replies":[{"embeddable":true,"href":"https:\/\/2201twb.hamburgyachting.com\/2302ecosupremewb\/wp-json\/wp\/v2\/comments?post=107"}],"version-history":[{"count":6,"href":"https:\/\/2201twb.hamburgyachting.com\/2302ecosupremewb\/wp-json\/wp\/v2\/pages\/107\/revisions"}],"predecessor-version":[{"id":770,"href":"https:\/\/2201twb.hamburgyachting.com\/2302ecosupremewb\/wp-json\/wp\/v2\/pages\/107\/revisions\/770"}],"wp:attachment":[{"href":"https:\/\/2201twb.hamburgyachting.com\/2302ecosupremewb\/wp-json\/wp\/v2\/media?parent=107"}],"curies":[{"name":"wp","href":"https:\/\/api.w.org\/{rel}","templated":true}]}}