{"id":35,"date":"2018-10-23T10:39:32","date_gmt":"2018-10-23T08:39:32","guid":{"rendered":"http:\/\/201015.greenrollerz.de\/211126ecosupreme\/?page_id=35"},"modified":"2021-11-26T13:45:16","modified_gmt":"2021-11-26T12:45:16","slug":"begrussung","status":"publish","type":"page","link":"https:\/\/2201twb.hamburgyachting.com\/230122-ecosupreme-bup\/begrussung\/","title":{"rendered":"Salud Gracias"},"content":{"rendered":"\n<h2 class=\"wp-block-heading\"><br>In die Zukunft investieren &#8211; und in Dein gutes Gef\u00fchl!<\/h2>\n\n\n\n<p>Wenn Du Geld anlegst oder Altersvorsorge betreibst, l\u00e4\u00dft Du neue M\u00f6glichkeiten entstehen. F\u00fcr Deine finanzielle Sicherheit, Deine Freir\u00e4ume und W\u00fcnsche. F\u00fcr Deine Familie und all das, was Dir lieb und wichtig ist!<\/p>\n\n\n\n<p>Gleichzeitig erm\u00f6glicht Dein Kapital neue Projekte und Unternehmungen, indem es in deren Finanzierung einfliesst. Und entfaltet damit gesellschaftliche und politische Wirkung. Die Ver\u00e4nderung der Weltwirtschaft und unserer Lebensbedingungen hin zur Nachhaltigkeit erfordert viel Kapital. Zur Erreichung der Globalen Nachhaltigkeitsziele, die 2015 in Paris definiert wurden, sind allein in Europa j\u00e4hrlich ca. 200 Mrd. Euro an Investitionen n\u00f6tig. Ein grosser Teil davon wird von institutionellen Investoren wie Staatsfonds, Universit\u00e4ten und Stiftungen bereitgestellt werden. Aber auch auch wir alle k\u00f6nnen Einfluss nehmen: \u00fcber unseren Konsum, unsere Geldanlagen, Versicherungen und die Altersvorsorge.<\/p>\n\n\n\n<p><a rel=\"noreferrer noopener\" href=\"http:\/\/fairnanda.de\/kontakt\/\" target=\"_blank\">Kontakt aufnehmen<\/a><\/p>\n\n\n\n<p class=\"has-text-align-center\"><a rel=\"noreferrer noopener\" href=\"https:\/\/2201twb.hamburgyachting.com\/230122-ecosupreme-bup\/kontakt\/\" target=\"_blank\">Kontakt aufnehmen<\/a><br><\/p>\n\n\n\n<div class=\"wp-block-image\"><figure class=\"aligncenter size-large\"><img loading=\"lazy\" decoding=\"async\" width=\"1024\" height=\"414\" src=\"https:\/\/2201twb.hamburgyachting.com\/wp-content\/uploads\/sites\/6\/2020\/03\/AdobeStock_4553242-1024x414.jpeg\" alt=\"\" class=\"wp-image-533\" srcset=\"https:\/\/2201twb.hamburgyachting.com\/230122-ecosupreme-bup\/wp-content\/uploads\/sites\/6\/2020\/03\/AdobeStock_4553242-1024x414.jpeg 1024w, https:\/\/2201twb.hamburgyachting.com\/230122-ecosupreme-bup\/wp-content\/uploads\/sites\/6\/2020\/03\/AdobeStock_4553242-300x121.jpeg 300w, https:\/\/2201twb.hamburgyachting.com\/230122-ecosupreme-bup\/wp-content\/uploads\/sites\/6\/2020\/03\/AdobeStock_4553242-768x310.jpeg 768w, https:\/\/2201twb.hamburgyachting.com\/230122-ecosupreme-bup\/wp-content\/uploads\/sites\/6\/2020\/03\/AdobeStock_4553242-1536x621.jpeg 1536w, https:\/\/2201twb.hamburgyachting.com\/230122-ecosupreme-bup\/wp-content\/uploads\/sites\/6\/2020\/03\/AdobeStock_4553242-2048x828.jpeg 2048w\" sizes=\"auto, (max-width: 1024px) 100vw, 1024px\" \/><\/figure><\/div>\n\n\n\n<p class=\"has-text-align-center has-background\" style=\"background-color:#95d45a\"><br><\/p>\n\n\n\n<h2 class=\"wp-block-heading\"><br>Private Finanzplanung in Gr\u00fcn<\/h2>\n\n\n\n<p>M\u00f6chtest Du Dein Geld zu diesen Akteuren fliessen lassen, die nicht nur Gewinne erwirtschaften, sondern auch der Gesellschaft und dem Planeten dienen? Durch Ber\u00fccksichtigung nachhaltiger Ziele, die Erzeugung von sozialem Mehrwert und umweltfreundlicher Technik? Anstatt fossiler Energie, ungesunder Nahrungsmittel oder Waffen?<\/p>\n\n\n\n<p>Dabei unterst\u00fctzen wir Dich &#8211; durch faire Beratung und die Empfehlung der besten nachhaltigen Anbieter und Produkte. Die Deine wirtschaftlichen Ziele mit Deinem ethischem und \u00f6kologischen Anspruch vereinbaren. F\u00fcr Deine Sicherheit, vern\u00fcnftige Ertr\u00e4ge und ein nachhaltig gutes Gef\u00fchl!<\/p>\n\n\n\n<div class=\"wp-block-image\"><figure class=\"aligncenter size-large\"><img loading=\"lazy\" decoding=\"async\" width=\"1024\" height=\"768\" src=\"https:\/\/2201twb.hamburgyachting.com\/wp-content\/uploads\/sites\/6\/2020\/02\/IMG_4640-1024x768.jpg\" alt=\"Den Wind k\u00f6nnen wir uns nicht aussuchen - \naber das Schiff ausw\u00e4hlen, die Crew zusammenstellen, die Route festlegen - und zur richtigen Zeit die Segel setzen und auslaufen ...\" class=\"wp-image-319\" srcset=\"https:\/\/2201twb.hamburgyachting.com\/230122-ecosupreme-bup\/wp-content\/uploads\/sites\/6\/2020\/02\/IMG_4640-1024x768.jpg 1024w, https:\/\/2201twb.hamburgyachting.com\/230122-ecosupreme-bup\/wp-content\/uploads\/sites\/6\/2020\/02\/IMG_4640-300x225.jpg 300w, https:\/\/2201twb.hamburgyachting.com\/230122-ecosupreme-bup\/wp-content\/uploads\/sites\/6\/2020\/02\/IMG_4640-768x576.jpg 768w, https:\/\/2201twb.hamburgyachting.com\/230122-ecosupreme-bup\/wp-content\/uploads\/sites\/6\/2020\/02\/IMG_4640-1536x1152.jpg 1536w, https:\/\/2201twb.hamburgyachting.com\/230122-ecosupreme-bup\/wp-content\/uploads\/sites\/6\/2020\/02\/IMG_4640-2048x1536.jpg 2048w\" sizes=\"auto, (max-width: 1024px) 100vw, 1024px\" \/><figcaption><br>Den Wind k\u00f6nnen wir uns nicht aussuchen &#8211; <br>aber das Schiff ausw\u00e4hlen, die Crew zusammenstellen, die Route festlegen &#8211; und zur richtigen Zeit die Segel setzen und auslaufen &#8230;<br> <br><\/figcaption><\/figure><\/div>\n\n\n\n<p class=\"has-text-align-center\"><a href=\"https:\/\/2201twb.hamburgyachting.com\/230122-ecosupreme-bup\/kontakt\/\" target=\"_blank\" rel=\"noreferrer noopener\" aria-label=\"Kontakt aufnehmen (\u00f6ffnet in neuem Tab)\">Kontakt aufnehmen<\/a><\/p>\n\n\n\n<p class=\"has-text-align-center\"><\/p>\n","protected":false},"excerpt":{"rendered":"<p>In die Zukunft investieren &#8211; und in Dein gutes Gef\u00fchl! Wenn Du Geld anlegst oder Altersvorsorge betreibst, l\u00e4\u00dft Du neue [&hellip;]<\/p>\n","protected":false},"author":2,"featured_media":0,"parent":0,"menu_order":0,"comment_status":"closed","ping_status":"closed","template":"","meta":{"kk_blocks_editor_width":"","_kiokenblocks_attr":"","_kiokenblocks_dimensions":"","site-sidebar-layout":"default","site-content-layout":"","ast-site-content-layout":"","site-content-style":"default","site-sidebar-style":"default","ast-global-header-display":"","ast-banner-title-visibility":"","ast-main-header-display":"","ast-hfb-above-header-display":"","ast-hfb-below-header-display":"","ast-hfb-mobile-header-display":"","site-post-title":"","ast-breadcrumbs-content":"","ast-featured-img":"","footer-sml-layout":"","theme-transparent-header-meta":"","adv-header-id-meta":"","stick-header-meta":"","header-above-stick-meta":"","header-main-stick-meta":"","header-below-stick-meta":"","astra-migrate-meta-layouts":"default","ast-page-background-enabled":"default","ast-page-background-meta":{"desktop":{"background-color":"var(--ast-global-color-4)","background-image":"","background-repeat":"repeat","background-position":"center center","background-size":"auto","background-attachment":"scroll","background-type":"","background-media":"","overlay-type":"","overlay-color":"","overlay-gradient":""},"tablet":{"background-color":"","background-image":"","background-repeat":"repeat","background-position":"center center","background-size":"auto","background-attachment":"scroll","background-type":"","background-media":"","overlay-type":"","overlay-color":"","overlay-gradient":""},"mobile":{"background-color":"","background-image":"","background-repeat":"repeat","background-position":"center center","background-size":"auto","background-attachment":"scroll","background-type":"","background-media":"","overlay-type":"","overlay-color":"","overlay-gradient":""}},"ast-content-background-meta":{"desktop":{"background-color":"var(--ast-global-color-5)","background-image":"","background-repeat":"repeat","background-position":"center center","background-size":"auto","background-attachment":"scroll","background-type":"","background-media":"","overlay-type":"","overlay-color":"","overlay-gradient":""},"tablet":{"background-color":"var(--ast-global-color-5)","background-image":"","background-repeat":"repeat","background-position":"center center","background-size":"auto","background-attachment":"scroll","background-type":"","background-media":"","overlay-type":"","overlay-color":"","overlay-gradient":""},"mobile":{"background-color":"var(--ast-global-color-5)","background-image":"","background-repeat":"repeat","background-position":"center center","background-size":"auto","background-attachment":"scroll","background-type":"","background-media":"","overlay-type":"","overlay-color":"","overlay-gradient":""}},"_themeisle_gutenberg_block_has_review":false,"footnotes":""},"class_list":["post-35","page","type-page","status-publish","hentry"],"yoast_head":"<!-- This site is optimized with the Yoast SEO plugin v26.8 - https:\/\/yoast.com\/product\/yoast-seo-wordpress\/ -->\n<title>Salud Gracias - 211126ecosupreme<\/title>\n<meta name=\"robots\" content=\"noindex, follow, max-snippet:-1, max-image-preview:large, max-video-preview:-1\" \/>\n<meta property=\"og:locale\" content=\"de_DE\" \/>\n<meta property=\"og:type\" content=\"article\" \/>\n<meta property=\"og:title\" content=\"Salud Gracias - 211126ecosupreme\" \/>\n<meta property=\"og:description\" content=\"In die Zukunft investieren &#8211; und in Dein gutes Gef\u00fchl! Wenn Du Geld anlegst oder Altersvorsorge betreibst, l\u00e4\u00dft Du neue [&hellip;]\" \/>\n<meta property=\"og:url\" content=\"https:\/\/2201twb.hamburgyachting.com\/230122-ecosupreme-bup\/begrussung\/\" \/>\n<meta property=\"og:site_name\" content=\"211126ecosupreme\" \/>\n<meta property=\"article:modified_time\" content=\"2021-11-26T12:45:16+00:00\" \/>\n<meta property=\"og:image\" content=\"https:\/\/2201twb.hamburgyachting.com\/wp-content\/uploads\/sites\/6\/2020\/03\/AdobeStock_4553242-1024x414.jpeg\" \/>\n<meta name=\"twitter:card\" content=\"summary_large_image\" \/>\n<meta name=\"twitter:label1\" content=\"Gesch\u00e4tzte Lesezeit\" \/>\n\t<meta name=\"twitter:data1\" content=\"2\u00a0Minuten\" \/>\n<script type=\"application\/ld+json\" class=\"yoast-schema-graph\">{\"@context\":\"https:\/\/schema.org\",\"@graph\":[{\"@type\":\"WebPage\",\"@id\":\"https:\/\/2201twb.hamburgyachting.com\/230122-ecosupreme-bup\/begrussung\/\",\"url\":\"https:\/\/2201twb.hamburgyachting.com\/230122-ecosupreme-bup\/begrussung\/\",\"name\":\"Salud Gracias - 211126ecosupreme\",\"isPartOf\":{\"@id\":\"https:\/\/2201twb.hamburgyachting.com\/230122-ecosupreme-bup\/#website\"},\"primaryImageOfPage\":{\"@id\":\"https:\/\/2201twb.hamburgyachting.com\/230122-ecosupreme-bup\/begrussung\/#primaryimage\"},\"image\":{\"@id\":\"https:\/\/2201twb.hamburgyachting.com\/230122-ecosupreme-bup\/begrussung\/#primaryimage\"},\"thumbnailUrl\":\"https:\/\/2201twb.hamburgyachting.com\/wp-content\/uploads\/sites\/6\/2020\/03\/AdobeStock_4553242-1024x414.jpeg\",\"datePublished\":\"2018-10-23T08:39:32+00:00\",\"dateModified\":\"2021-11-26T12:45:16+00:00\",\"breadcrumb\":{\"@id\":\"https:\/\/2201twb.hamburgyachting.com\/230122-ecosupreme-bup\/begrussung\/#breadcrumb\"},\"inLanguage\":\"de\",\"potentialAction\":[{\"@type\":\"ReadAction\",\"target\":[\"https:\/\/2201twb.hamburgyachting.com\/230122-ecosupreme-bup\/begrussung\/\"]}]},{\"@type\":\"ImageObject\",\"inLanguage\":\"de\",\"@id\":\"https:\/\/2201twb.hamburgyachting.com\/230122-ecosupreme-bup\/begrussung\/#primaryimage\",\"url\":\"https:\/\/2201twb.hamburgyachting.com\/wp-content\/uploads\/sites\/6\/2020\/03\/AdobeStock_4553242-1024x414.jpeg\",\"contentUrl\":\"https:\/\/2201twb.hamburgyachting.com\/wp-content\/uploads\/sites\/6\/2020\/03\/AdobeStock_4553242-1024x414.jpeg\"},{\"@type\":\"BreadcrumbList\",\"@id\":\"https:\/\/2201twb.hamburgyachting.com\/230122-ecosupreme-bup\/begrussung\/#breadcrumb\",\"itemListElement\":[{\"@type\":\"ListItem\",\"position\":1,\"name\":\"Startseite\",\"item\":\"https:\/\/2201twb.hamburgyachting.com\/230122-ecosupreme-bup\/\"},{\"@type\":\"ListItem\",\"position\":2,\"name\":\"Salud Gracias\"}]},{\"@type\":\"WebSite\",\"@id\":\"https:\/\/2201twb.hamburgyachting.com\/230122-ecosupreme-bup\/#website\",\"url\":\"https:\/\/2201twb.hamburgyachting.com\/230122-ecosupreme-bup\/\",\"name\":\"211126ecosupreme\",\"description\":\"Nachhaltiges Pensions- und Verm\u00f6gensmanagement\",\"publisher\":{\"@id\":\"https:\/\/2201twb.hamburgyachting.com\/230122-ecosupreme-bup\/#organization\"},\"potentialAction\":[{\"@type\":\"SearchAction\",\"target\":{\"@type\":\"EntryPoint\",\"urlTemplate\":\"https:\/\/2201twb.hamburgyachting.com\/230122-ecosupreme-bup\/?s={search_term_string}\"},\"query-input\":{\"@type\":\"PropertyValueSpecification\",\"valueRequired\":true,\"valueName\":\"search_term_string\"}}],\"inLanguage\":\"de\"},{\"@type\":\"Organization\",\"@id\":\"https:\/\/2201twb.hamburgyachting.com\/230122-ecosupreme-bup\/#organization\",\"name\":\"211126ecosupreme\",\"url\":\"https:\/\/2201twb.hamburgyachting.com\/230122-ecosupreme-bup\/\",\"logo\":{\"@type\":\"ImageObject\",\"inLanguage\":\"de\",\"@id\":\"https:\/\/2201twb.hamburgyachting.com\/230122-ecosupreme-bup\/#\/schema\/logo\/image\/\",\"url\":\"https:\/\/2201twb.hamburgyachting.com\/230122-ecosupreme-bup\/wp-content\/uploads\/sites\/6\/2019\/11\/cropped-1901_lion-feline-2402715_1920-e1637945662360.jpg\",\"contentUrl\":\"https:\/\/2201twb.hamburgyachting.com\/230122-ecosupreme-bup\/wp-content\/uploads\/sites\/6\/2019\/11\/cropped-1901_lion-feline-2402715_1920-e1637945662360.jpg\",\"width\":100,\"height\":100,\"caption\":\"211126ecosupreme\"},\"image\":{\"@id\":\"https:\/\/2201twb.hamburgyachting.com\/230122-ecosupreme-bup\/#\/schema\/logo\/image\/\"}}]}<\/script>\n<!-- \/ Yoast SEO plugin. -->","yoast_head_json":{"title":"Salud Gracias - 211126ecosupreme","robots":{"index":"noindex","follow":"follow","max-snippet":"max-snippet:-1","max-image-preview":"max-image-preview:large","max-video-preview":"max-video-preview:-1"},"og_locale":"de_DE","og_type":"article","og_title":"Salud Gracias - 211126ecosupreme","og_description":"In die Zukunft investieren &#8211; und in Dein gutes Gef\u00fchl! Wenn Du Geld anlegst oder Altersvorsorge betreibst, l\u00e4\u00dft Du neue [&hellip;]","og_url":"https:\/\/2201twb.hamburgyachting.com\/230122-ecosupreme-bup\/begrussung\/","og_site_name":"211126ecosupreme","article_modified_time":"2021-11-26T12:45:16+00:00","og_image":[{"url":"https:\/\/2201twb.hamburgyachting.com\/wp-content\/uploads\/sites\/6\/2020\/03\/AdobeStock_4553242-1024x414.jpeg","type":"","width":"","height":""}],"twitter_card":"summary_large_image","twitter_misc":{"Gesch\u00e4tzte Lesezeit":"2\u00a0Minuten"},"schema":{"@context":"https:\/\/schema.org","@graph":[{"@type":"WebPage","@id":"https:\/\/2201twb.hamburgyachting.com\/230122-ecosupreme-bup\/begrussung\/","url":"https:\/\/2201twb.hamburgyachting.com\/230122-ecosupreme-bup\/begrussung\/","name":"Salud Gracias - 211126ecosupreme","isPartOf":{"@id":"https:\/\/2201twb.hamburgyachting.com\/230122-ecosupreme-bup\/#website"},"primaryImageOfPage":{"@id":"https:\/\/2201twb.hamburgyachting.com\/230122-ecosupreme-bup\/begrussung\/#primaryimage"},"image":{"@id":"https:\/\/2201twb.hamburgyachting.com\/230122-ecosupreme-bup\/begrussung\/#primaryimage"},"thumbnailUrl":"https:\/\/2201twb.hamburgyachting.com\/wp-content\/uploads\/sites\/6\/2020\/03\/AdobeStock_4553242-1024x414.jpeg","datePublished":"2018-10-23T08:39:32+00:00","dateModified":"2021-11-26T12:45:16+00:00","breadcrumb":{"@id":"https:\/\/2201twb.hamburgyachting.com\/230122-ecosupreme-bup\/begrussung\/#breadcrumb"},"inLanguage":"de","potentialAction":[{"@type":"ReadAction","target":["https:\/\/2201twb.hamburgyachting.com\/230122-ecosupreme-bup\/begrussung\/"]}]},{"@type":"ImageObject","inLanguage":"de","@id":"https:\/\/2201twb.hamburgyachting.com\/230122-ecosupreme-bup\/begrussung\/#primaryimage","url":"https:\/\/2201twb.hamburgyachting.com\/wp-content\/uploads\/sites\/6\/2020\/03\/AdobeStock_4553242-1024x414.jpeg","contentUrl":"https:\/\/2201twb.hamburgyachting.com\/wp-content\/uploads\/sites\/6\/2020\/03\/AdobeStock_4553242-1024x414.jpeg"},{"@type":"BreadcrumbList","@id":"https:\/\/2201twb.hamburgyachting.com\/230122-ecosupreme-bup\/begrussung\/#breadcrumb","itemListElement":[{"@type":"ListItem","position":1,"name":"Startseite","item":"https:\/\/2201twb.hamburgyachting.com\/230122-ecosupreme-bup\/"},{"@type":"ListItem","position":2,"name":"Salud Gracias"}]},{"@type":"WebSite","@id":"https:\/\/2201twb.hamburgyachting.com\/230122-ecosupreme-bup\/#website","url":"https:\/\/2201twb.hamburgyachting.com\/230122-ecosupreme-bup\/","name":"211126ecosupreme","description":"Nachhaltiges Pensions- und Verm\u00f6gensmanagement","publisher":{"@id":"https:\/\/2201twb.hamburgyachting.com\/230122-ecosupreme-bup\/#organization"},"potentialAction":[{"@type":"SearchAction","target":{"@type":"EntryPoint","urlTemplate":"https:\/\/2201twb.hamburgyachting.com\/230122-ecosupreme-bup\/?s={search_term_string}"},"query-input":{"@type":"PropertyValueSpecification","valueRequired":true,"valueName":"search_term_string"}}],"inLanguage":"de"},{"@type":"Organization","@id":"https:\/\/2201twb.hamburgyachting.com\/230122-ecosupreme-bup\/#organization","name":"211126ecosupreme","url":"https:\/\/2201twb.hamburgyachting.com\/230122-ecosupreme-bup\/","logo":{"@type":"ImageObject","inLanguage":"de","@id":"https:\/\/2201twb.hamburgyachting.com\/230122-ecosupreme-bup\/#\/schema\/logo\/image\/","url":"https:\/\/2201twb.hamburgyachting.com\/230122-ecosupreme-bup\/wp-content\/uploads\/sites\/6\/2019\/11\/cropped-1901_lion-feline-2402715_1920-e1637945662360.jpg","contentUrl":"https:\/\/2201twb.hamburgyachting.com\/230122-ecosupreme-bup\/wp-content\/uploads\/sites\/6\/2019\/11\/cropped-1901_lion-feline-2402715_1920-e1637945662360.jpg","width":100,"height":100,"caption":"211126ecosupreme"},"image":{"@id":"https:\/\/2201twb.hamburgyachting.com\/230122-ecosupreme-bup\/#\/schema\/logo\/image\/"}}]}},"_links":{"self":[{"href":"https:\/\/2201twb.hamburgyachting.com\/230122-ecosupreme-bup\/wp-json\/wp\/v2\/pages\/35","targetHints":{"allow":["GET"]}}],"collection":[{"href":"https:\/\/2201twb.hamburgyachting.com\/230122-ecosupreme-bup\/wp-json\/wp\/v2\/pages"}],"about":[{"href":"https:\/\/2201twb.hamburgyachting.com\/230122-ecosupreme-bup\/wp-json\/wp\/v2\/types\/page"}],"author":[{"embeddable":true,"href":"https:\/\/2201twb.hamburgyachting.com\/230122-ecosupreme-bup\/wp-json\/wp\/v2\/users\/2"}],"replies":[{"embeddable":true,"href":"https:\/\/2201twb.hamburgyachting.com\/230122-ecosupreme-bup\/wp-json\/wp\/v2\/comments?post=35"}],"version-history":[{"count":82,"href":"https:\/\/2201twb.hamburgyachting.com\/230122-ecosupreme-bup\/wp-json\/wp\/v2\/pages\/35\/revisions"}],"predecessor-version":[{"id":749,"href":"https:\/\/2201twb.hamburgyachting.com\/230122-ecosupreme-bup\/wp-json\/wp\/v2\/pages\/35\/revisions\/749"}],"wp:attachment":[{"href":"https:\/\/2201twb.hamburgyachting.com\/230122-ecosupreme-bup\/wp-json\/wp\/v2\/media?parent=35"}],"curies":[{"name":"wp","href":"https:\/\/api.w.org\/{rel}","templated":true}]}}